{"id":42853,"date":"2026-04-19T15:30:06","date_gmt":"2026-04-19T15:30:06","guid":{"rendered":"https:\/\/singuli.wpress.me\/index.php\/proizvod\/wc-net-set-gelcrystal-gel-za-ciscenje-wc-skoljke-pink-flowers-750ml-vileda\/"},"modified":"2026-04-20T12:33:49","modified_gmt":"2026-04-20T12:33:49","slug":"wc-net-set-gelcrystal-gel-za-ciscenje-wc-skoljke-pink-flowers-750ml-vileda","status":"publish","type":"product","link":"https:\/\/singuli.wpress.me\/index.php\/proizvod\/wc-net-set-gelcrystal-gel-za-ciscenje-wc-skoljke-pink-flowers-750ml-vileda\/","title":{"rendered":"WC NET, set, Gelcrystal gel za \u010di\u0161\u0107enje WC \u0161koljke Pink Flowers 750ml + Vileda"},"content":{"rendered":"<p>WC NET Crystal Gel savr\u0161ena je kombinacija higijene i mirisa zahvaljuju\u0107i:<\/p>\n<p>&#8211; mirisnim mikrokristalima za ugodan i dugotrajan miris<br \/>\n&#8211; gustoj i bisernoj strukturi koja prianja uz stijenku wc \u0161koljke<br \/>\n&#8211; u\u010dinku djelotvornog \u010di\u0161\u0107enja i uklanjanja kamenca \u010dak i ispod ruba \u0161koljke<\/p>\n","protected":false},"excerpt":{"rendered":"<p>Uklanja kamenac i sprje\u010dava njegovo nastajanje<br \/>\nDonosi osvje\u017eavaju\u0107u svje\u017einu va\u0161oj WC \u0161koljci<br \/>\nAktivno \u010disti sve ne\u010disto\u0107e iz WC-a<\/p>\n","protected":false},"featured_media":0,"template":"","meta":{"_seopress_robots_primary_cat":"","_seopress_titles_title":"","_seopress_titles_desc":"","_seopress_robots_index":"","iawp_total_views":0},"product_brand":[778],"product_cat":[284,238],"product_tag":[],"class_list":{"0":"post-42853","1":"product","2":"type-product","3":"status-publish","5":"product_brand-wc-net","6":"product_cat-sredstva-za-ciscenje-238","7":"product_cat-sve-za-dom","9":"first","10":"outofstock","11":"shipping-taxable","12":"purchasable","13":"product-type-simple"},"_links":{"self":[{"href":"https:\/\/singuli.wpress.me\/index.php\/wp-json\/wp\/v2\/product\/42853","targetHints":{"allow":["GET"]}}],"collection":[{"href":"https:\/\/singuli.wpress.me\/index.php\/wp-json\/wp\/v2\/product"}],"about":[{"href":"https:\/\/singuli.wpress.me\/index.php\/wp-json\/wp\/v2\/types\/product"}],"version-history":[{"count":0,"href":"https:\/\/singuli.wpress.me\/index.php\/wp-json\/wp\/v2\/product\/42853\/revisions"}],"wp:attachment":[{"href":"https:\/\/singuli.wpress.me\/index.php\/wp-json\/wp\/v2\/media?parent=42853"}],"wp:term":[{"taxonomy":"product_brand","embeddable":true,"href":"https:\/\/singuli.wpress.me\/index.php\/wp-json\/wp\/v2\/product_brand?post=42853"},{"taxonomy":"product_cat","embeddable":true,"href":"https:\/\/singuli.wpress.me\/index.php\/wp-json\/wp\/v2\/product_cat?post=42853"},{"taxonomy":"product_tag","embeddable":true,"href":"https:\/\/singuli.wpress.me\/index.php\/wp-json\/wp\/v2\/product_tag?post=42853"}],"curies":[{"name":"wp","href":"https:\/\/api.w.org\/{rel}","templated":true}]}}