{"id":42855,"date":"2026-04-19T15:30:06","date_gmt":"2026-04-19T15:30:06","guid":{"rendered":"https:\/\/singuli.wpress.me\/index.php\/proizvod\/ariel-ultra-oxi-effect-praskasti-deterdzent-2-75kg-50-pranja\/"},"modified":"2026-04-20T12:33:49","modified_gmt":"2026-04-20T12:33:49","slug":"ariel-ultra-oxi-effect-praskasti-deterdzent-2-75kg-50-pranja","status":"publish","type":"product","link":"https:\/\/singuli.wpress.me\/index.php\/proizvod\/ariel-ultra-oxi-effect-praskasti-deterdzent-2-75kg-50-pranja\/","title":{"rendered":"ARIEL  +Ultra OXI Effect, pra\u0161kasti deterd\u017eent, 2.75kg, 50\u00a0pranja"},"content":{"rendered":"<p>Ariel, marka koju preporu\u010duju Whirlpool, Candy, Electrolux i Beko, predstavlja brzo topivi pra\u0161kasti deterd\u017eent za rublje Ariel +Ultra OXI Effect. Sa svojom koncentriranom formulom pra\u0161kasti deterd\u017eent Ariel pru\u017ea koncentriraniju snagu i pere vi\u0161e rublja po gramu. Ariel +Ultra OXI Effect pru\u017ea dodatnu snagu uklanjanja mrlja za dodatnu higijenu (u usporedbi s pra\u0161kom Ariel Mountain Spring) te izvanredno iskustvo \u010di\u0161\u0107enja \u010dak i pri pranju na niskim temperaturama. Zahvaljuju\u0107i jedinstvenoj tehnologiji brzo se otapa u dodiru s vodom, trenutno se aktivira i prodire duboko u vlakna \u010dak i na niskim temperaturama pranja. Snizite temperaturu pranja na 30 \u00b0C i u\u0161tedite do 60% energije. (Potro\u0161nja energije perilice rublja, uz smanjenje temperature sa 60 \u00b0C na 30 \u00b0C, na normalnom programu pranja). A da sve bude jo\u0161 i bolje, pranje na ni\u017eim temperaturama dulje \u0161titi tkanine u usporedbi s pranjem na vi\u0161im temperaturama. Formula ovog deterd\u017eenta sadr\u017ei biorazgradive sastojke (80% svih organskih sastojaka je biolo\u0161ki razgradivo). Povrh svega, ambala\u017ea pra\u0161kastog deterd\u017eenta Ariel +Ultra OXI Effect mo\u017ee se 100% reciklirati.<\/p>\n","protected":false},"excerpt":{"rendered":"<p>Mo\u0107na OXI formula uklanja i tvrdokorne, osu\u0161ene mrlje<br \/>\nZahvaljuju\u0107i svojoj koncentriranoj formuli, Ariel pru\u017ea koncentriraniju snagu i pere vi\u0161e rublja po gramu<br \/>\nPreporu\u010dena marka deterd\u017eenta<\/p>\n","protected":false},"featured_media":0,"template":"","meta":{"_seopress_robots_primary_cat":"","_seopress_titles_title":"","_seopress_titles_desc":"","_seopress_robots_index":"","iawp_total_views":0},"product_brand":[427],"product_cat":[283,238],"product_tag":[],"class_list":{"0":"post-42855","1":"product","2":"type-product","3":"status-publish","5":"product_brand-ariel","6":"product_cat-pranje-rublja-238","7":"product_cat-sve-za-dom","9":"first","10":"outofstock","11":"shipping-taxable","12":"purchasable","13":"product-type-simple"},"_links":{"self":[{"href":"https:\/\/singuli.wpress.me\/index.php\/wp-json\/wp\/v2\/product\/42855","targetHints":{"allow":["GET"]}}],"collection":[{"href":"https:\/\/singuli.wpress.me\/index.php\/wp-json\/wp\/v2\/product"}],"about":[{"href":"https:\/\/singuli.wpress.me\/index.php\/wp-json\/wp\/v2\/types\/product"}],"version-history":[{"count":0,"href":"https:\/\/singuli.wpress.me\/index.php\/wp-json\/wp\/v2\/product\/42855\/revisions"}],"wp:attachment":[{"href":"https:\/\/singuli.wpress.me\/index.php\/wp-json\/wp\/v2\/media?parent=42855"}],"wp:term":[{"taxonomy":"product_brand","embeddable":true,"href":"https:\/\/singuli.wpress.me\/index.php\/wp-json\/wp\/v2\/product_brand?post=42855"},{"taxonomy":"product_cat","embeddable":true,"href":"https:\/\/singuli.wpress.me\/index.php\/wp-json\/wp\/v2\/product_cat?post=42855"},{"taxonomy":"product_tag","embeddable":true,"href":"https:\/\/singuli.wpress.me\/index.php\/wp-json\/wp\/v2\/product_tag?post=42855"}],"curies":[{"name":"wp","href":"https:\/\/api.w.org\/{rel}","templated":true}]}}