{"id":42858,"date":"2026-04-19T15:30:08","date_gmt":"2026-04-19T15:30:08","guid":{"rendered":"https:\/\/singuli.wpress.me\/index.php\/proizvod\/medex-propolis-bomboni-30-bombona-x-700-mg\/"},"modified":"2026-04-20T12:33:49","modified_gmt":"2026-04-20T12:33:49","slug":"medex-propolis-bomboni-30-bombona-x-700-mg","status":"publish","type":"product","link":"https:\/\/singuli.wpress.me\/index.php\/proizvod\/medex-propolis-bomboni-30-bombona-x-700-mg\/","title":{"rendered":"MEDEX Propolis, bomboni, 30 bombona x 700 mg"},"content":{"rendered":"<p>Neizostavni bomboni za zimske dane!   Da su bomboni Propolis neizostavni, govori ve\u0107 njihovo ime. Rije\u010d propolis poti\u010de iz gr\u010dkog jezika i zna\u010di obranu grada. Propolis p\u010delama ve\u0107 45 milijuna godina poma\u017ee u o\u010duvanju njihove vrste i predstavlja temelj njihova zdravlja, jer omogu\u0107uje zdrav razvoj i \u017eivot p\u010dela u ko\u0161nici.<\/p>\n<p>Propolis<br \/>\nPropolis ili p\u010delinje ljepilo je p\u010delinji proizvod potreban za o\u010duvanje zdrave ko\u0161nice. Sadr\u017ei razne biljne smole koje p\u010dele skupljaju na pupoljcima drve\u0107a, oplemenjuju ih izlu\u010devinama svojih \u017elijezda te im dodaju vosak. Ljepljiva im je smjesa potrebna za popravak sa\u0107a i premaz unutarnjih zidova ko\u0161nice, \u010dime sprje\u010davaju ulazak vlage i vjetra te \u0161tite ko\u0161nicu od mikroba. Koriste ga i za balzamiranje ve\u0107ih nametnika kojih se ne mogu druk\u010dije rije\u0161iti. Time sprje\u010davaju njihovo raspadanje i tako se \u0161tite od zaraza i bolesti. Propolis u ko\u0161nici tako\u0111er hlapi te time stvara prirodnu za\u0161titu koja omogu\u0107ava zdrav razvoj i \u017eivot p\u010delinjih obitelji. Glavne su djelatne tvari propolisa bioflavonoidi, biljna bojila koja \u0161tite biljke od mikroorganizama. Upravo sadr\u017eaj bioflavonoida odre\u0111uje kvalitetu propolisa, stoga smo u Medexu standardizirali njegovu vrijednost u proizvodima i tako osigurali njihovu stalnu kvalitetu.<br \/>\nVitamini<br \/>\nVitamin A ima ulogu u funkciji imunolo\u0161kog sustava i pridonosi o\u010duvanju zdravih sluznica.<br \/>\nVitamin C ima ulogu u funkciji imunolo\u0161kog sustava.<\/p>\n<p><span style=\"font-weight: bold\">Na\u010din primjene: <\/span>Preporu\u010dena dnevna doza je 5 bombona za odrasle i 2 bombona za djecu. <\/p>\n","protected":false},"excerpt":{"rendered":"<p>Sadr\u017ei propolis, vitamin A i C<br \/>\nKontrolirana kvaliteta sastojaka<br \/>\nStandardizirana vrijednost bioflavonoida u propolisu.  Za odrasle i djecu.<\/p>\n","protected":false},"featured_media":0,"template":"","meta":{"_seopress_robots_primary_cat":"","_seopress_titles_title":"","_seopress_titles_desc":"","_seopress_robots_index":"","iawp_total_views":0},"product_brand":[415],"product_cat":[268,269],"product_tag":[],"class_list":{"0":"post-42858","1":"product","2":"type-product","3":"status-publish","5":"product_brand-medex","6":"product_cat-kozmetika-2","7":"product_cat-zastita-koze-268","9":"first","10":"outofstock","11":"shipping-taxable","12":"purchasable","13":"product-type-simple"},"_links":{"self":[{"href":"https:\/\/singuli.wpress.me\/index.php\/wp-json\/wp\/v2\/product\/42858","targetHints":{"allow":["GET"]}}],"collection":[{"href":"https:\/\/singuli.wpress.me\/index.php\/wp-json\/wp\/v2\/product"}],"about":[{"href":"https:\/\/singuli.wpress.me\/index.php\/wp-json\/wp\/v2\/types\/product"}],"version-history":[{"count":0,"href":"https:\/\/singuli.wpress.me\/index.php\/wp-json\/wp\/v2\/product\/42858\/revisions"}],"wp:attachment":[{"href":"https:\/\/singuli.wpress.me\/index.php\/wp-json\/wp\/v2\/media?parent=42858"}],"wp:term":[{"taxonomy":"product_brand","embeddable":true,"href":"https:\/\/singuli.wpress.me\/index.php\/wp-json\/wp\/v2\/product_brand?post=42858"},{"taxonomy":"product_cat","embeddable":true,"href":"https:\/\/singuli.wpress.me\/index.php\/wp-json\/wp\/v2\/product_cat?post=42858"},{"taxonomy":"product_tag","embeddable":true,"href":"https:\/\/singuli.wpress.me\/index.php\/wp-json\/wp\/v2\/product_tag?post=42858"}],"curies":[{"name":"wp","href":"https:\/\/api.w.org\/{rel}","templated":true}]}}