{"id":42860,"date":"2026-04-19T15:30:09","date_gmt":"2026-04-19T15:30:09","guid":{"rendered":"https:\/\/singuli.wpress.me\/index.php\/proizvod\/always-ultra-daynight-higijenski-ulosci-14-kom\/"},"modified":"2026-04-20T12:33:49","modified_gmt":"2026-04-20T12:33:49","slug":"always-ultra-daynight-higijenski-ulosci-14-kom","status":"publish","type":"product","link":"https:\/\/singuli.wpress.me\/index.php\/proizvod\/always-ultra-daynight-higijenski-ulosci-14-kom\/","title":{"rendered":"ALWAYS Ultra Day&amp;Night, higijenski ulo\u0161ci, 14\u00a0kom"},"content":{"rendered":"<p>Ne pristajte na ni\u0161ta manje od trostruke za\u0161tite: pri izradi higijenskog ulo\u0161ka Always Ultra Day &amp; Night (veli\u010dina 3) koristi se najnovija tehnologija kako bi se proizveo multifunkcionalni ulo\u017eak s tri za\u0161titne zna\u010dajke. Sustav InstantDry upija teku\u0107inu u nekoliko sekundi i dr\u017ei vla\u017enost podalje od ko\u017ee. Tehnologija LeakGuard zadr\u017eava teku\u0107inu i poma\u017ee sprije\u010diti propu\u0161tanje. Tu je i tehnologija OdourLock koja neutralizira neugodne mirise kako biste se osje\u0107ali svje\u017ee i \u010disto tijekom mjese\u010dnice. Uz Always Ultra mo\u017eete se osje\u0107ati samopouzdano tijekom cijelog dana. Nemojte pristati na ni\u0161ta manje od trostruke za\u0161tite koju pru\u017ea Always.Dermatolo\u0161ki odobrilo udru\u017eenje Skin Health Alliance. Isprobajte Always Ultra Secure Night Extra s krilcima, najbolje Alwaysove higijenske ulo\u0161ke za za\u0161titu tijekom no\u0107i.Prona\u0111ite svoju idealnu veli\u010dinu pomo\u0107u sustava Always My Fit koji poma\u017ee u odabiru prikladne veli\u010dine ulo\u0161ka za najbolju Alwaysovu za\u0161titu na temelju obilnosti mjese\u010dnice i veli\u010dine ga\u0107ica.<\/p>\n","protected":false},"excerpt":{"rendered":"<p>Super upijaju\u0107a jezgra.<br \/>\nS krilima koja poma\u017eu da ulo\u017eak ostane na mjestu.<br \/>\nDermatolo\u0161ki provjereno.<\/p>\n","protected":false},"featured_media":0,"template":"","meta":{"_seopress_robots_primary_cat":"","_seopress_titles_title":"","_seopress_titles_desc":"","_seopress_robots_index":"","iawp_total_views":0},"product_brand":[449],"product_cat":[211,288],"product_tag":[],"class_list":{"0":"post-42860","1":"product","2":"type-product","3":"status-publish","5":"product_brand-always","6":"product_cat-njega-majke-i-djeteta","7":"product_cat-zenska-higijena-211","9":"first","10":"outofstock","11":"shipping-taxable","12":"purchasable","13":"product-type-simple"},"_links":{"self":[{"href":"https:\/\/singuli.wpress.me\/index.php\/wp-json\/wp\/v2\/product\/42860","targetHints":{"allow":["GET"]}}],"collection":[{"href":"https:\/\/singuli.wpress.me\/index.php\/wp-json\/wp\/v2\/product"}],"about":[{"href":"https:\/\/singuli.wpress.me\/index.php\/wp-json\/wp\/v2\/types\/product"}],"version-history":[{"count":0,"href":"https:\/\/singuli.wpress.me\/index.php\/wp-json\/wp\/v2\/product\/42860\/revisions"}],"wp:attachment":[{"href":"https:\/\/singuli.wpress.me\/index.php\/wp-json\/wp\/v2\/media?parent=42860"}],"wp:term":[{"taxonomy":"product_brand","embeddable":true,"href":"https:\/\/singuli.wpress.me\/index.php\/wp-json\/wp\/v2\/product_brand?post=42860"},{"taxonomy":"product_cat","embeddable":true,"href":"https:\/\/singuli.wpress.me\/index.php\/wp-json\/wp\/v2\/product_cat?post=42860"},{"taxonomy":"product_tag","embeddable":true,"href":"https:\/\/singuli.wpress.me\/index.php\/wp-json\/wp\/v2\/product_tag?post=42860"}],"curies":[{"name":"wp","href":"https:\/\/api.w.org\/{rel}","templated":true}]}}