{"id":42861,"date":"2026-04-19T15:30:09","date_gmt":"2026-04-19T15:30:09","guid":{"rendered":"https:\/\/singuli.wpress.me\/index.php\/proizvod\/wahl-trimer-brada-sisac-2u1\/"},"modified":"2026-04-20T12:33:49","modified_gmt":"2026-04-20T12:33:49","slug":"wahl-trimer-brada-sisac-2u1","status":"publish","type":"product","link":"https:\/\/singuli.wpress.me\/index.php\/proizvod\/wahl-trimer-brada-sisac-2u1\/","title":{"rendered":"WAHL, trimer brada\/\u0161i\u0161a\u010d, 2u1"},"content":{"rendered":"<p><span style=\"font-weight: bold;color: #4472C4\">\u0160i\u0161anje i podrezivanje &#8211; sve s jednim ure\u0111ajem!<\/span><span style=\"color: #4472C4\"><\/p>\n<p><\/span><span style=\"font-weight: bold;color: #4472C4\">Istaknute zna\u010dajke proizvoda:<\/span><span style=\"color: #4472C4\"><br \/>\n&#8211; Kabelski aparat za \u0161i\u0161anje<br \/>\n&#8211; Ugra\u0111eni trimer za detaljno podrezivanje<br \/>\n&#8211; Trimer za detaljno podrezivanje uz samu ko\u017eu &#8211; odli\u010dan za podru\u010dje vrata, zaliske i oko u\u0161iju<br \/>\n&#8211; \u010celi\u010dne o\u0161trice s visokim udjelom ugljika precizno su ispolirane tako da \u0161to dulje ostanu o\u0161tre<br \/>\n&#8211; Izvanredno sna\u017ean aparat ne zapinje za ko\u017eu<br \/>\n&#8211; Ru\u010dkica za pode\u0161avanje koju se pomi\u010de palcem omogu\u0107uje \u0161i\u0161anje na razli\u010dite duljine jednim potezom <\/span><\/p>\n","protected":false},"excerpt":{"rendered":"<p>Ugra\u0111eni trimer za detaljno podrezivanje<br \/>\nIzvanredno sna\u017ean aparat ne zapinje za ko\u017eu<br \/>\nTrimer za detaljno podrezivanje uz samu ko\u017eu<\/p>\n","protected":false},"featured_media":0,"template":"","meta":{"_seopress_robots_primary_cat":"","_seopress_titles_title":"","_seopress_titles_desc":"","_seopress_robots_index":"","iawp_total_views":0},"product_brand":[159],"product_cat":[192,279],"product_tag":[],"class_list":{"0":"post-42861","1":"product","2":"type-product","3":"status-publish","5":"product_brand-wahl","6":"product_cat-aparati-za-osobnu-njegu","7":"product_cat-brijanje-i-sisanje-192","9":"first","10":"outofstock","11":"shipping-taxable","12":"purchasable","13":"product-type-simple"},"_links":{"self":[{"href":"https:\/\/singuli.wpress.me\/index.php\/wp-json\/wp\/v2\/product\/42861","targetHints":{"allow":["GET"]}}],"collection":[{"href":"https:\/\/singuli.wpress.me\/index.php\/wp-json\/wp\/v2\/product"}],"about":[{"href":"https:\/\/singuli.wpress.me\/index.php\/wp-json\/wp\/v2\/types\/product"}],"version-history":[{"count":0,"href":"https:\/\/singuli.wpress.me\/index.php\/wp-json\/wp\/v2\/product\/42861\/revisions"}],"wp:attachment":[{"href":"https:\/\/singuli.wpress.me\/index.php\/wp-json\/wp\/v2\/media?parent=42861"}],"wp:term":[{"taxonomy":"product_brand","embeddable":true,"href":"https:\/\/singuli.wpress.me\/index.php\/wp-json\/wp\/v2\/product_brand?post=42861"},{"taxonomy":"product_cat","embeddable":true,"href":"https:\/\/singuli.wpress.me\/index.php\/wp-json\/wp\/v2\/product_cat?post=42861"},{"taxonomy":"product_tag","embeddable":true,"href":"https:\/\/singuli.wpress.me\/index.php\/wp-json\/wp\/v2\/product_tag?post=42861"}],"curies":[{"name":"wp","href":"https:\/\/api.w.org\/{rel}","templated":true}]}}