{"id":42869,"date":"2026-04-19T15:30:11","date_gmt":"2026-04-19T15:30:11","guid":{"rendered":"https:\/\/singuli.wpress.me\/index.php\/proizvod\/twistshake-hepa-filter-za-sterilizator\/"},"modified":"2026-04-20T12:33:49","modified_gmt":"2026-04-20T12:33:49","slug":"twistshake-hepa-filter-za-sterilizator","status":"publish","type":"product","link":"https:\/\/singuli.wpress.me\/index.php\/proizvod\/twistshake-hepa-filter-za-sterilizator\/","title":{"rendered":"TWISTSHAKE HEPA, filter za sterilizator"},"content":{"rendered":"<p>Twistshake&#8217;s Sterilizer HEPA Filter dizajniran je za \u010di\u0161\u0107enje i uklanjanje \u0161tetnih bakterija,pra\u0161ine i sitnih \u010destica. Odgovara Twistshake 5u1 parnom sterilizatoru<\/p>\n","protected":false},"excerpt":{"rendered":"<p>Odgovara Twistshake 5u1 parnom sterilizatoru<br \/>\nDizajniran je za \u010di\u0161\u0107enje i uklanjanje \u0161tetnih bakterija,pra\u0161ine i sitnih \u010destica<br \/>\nDobra kvaliteta<\/p>\n","protected":false},"featured_media":0,"template":"","meta":{"_seopress_robots_primary_cat":"","_seopress_titles_title":"","_seopress_titles_desc":"","_seopress_robots_index":"","iawp_total_views":0},"product_brand":[433],"product_cat":[211,286],"product_tag":[],"class_list":{"0":"post-42869","1":"product","2":"type-product","3":"status-publish","5":"product_brand-twistshake","6":"product_cat-njega-majke-i-djeteta","7":"product_cat-oprema-za-bebe-211","9":"first","10":"outofstock","11":"shipping-taxable","12":"purchasable","13":"product-type-simple"},"_links":{"self":[{"href":"https:\/\/singuli.wpress.me\/index.php\/wp-json\/wp\/v2\/product\/42869","targetHints":{"allow":["GET"]}}],"collection":[{"href":"https:\/\/singuli.wpress.me\/index.php\/wp-json\/wp\/v2\/product"}],"about":[{"href":"https:\/\/singuli.wpress.me\/index.php\/wp-json\/wp\/v2\/types\/product"}],"version-history":[{"count":0,"href":"https:\/\/singuli.wpress.me\/index.php\/wp-json\/wp\/v2\/product\/42869\/revisions"}],"wp:attachment":[{"href":"https:\/\/singuli.wpress.me\/index.php\/wp-json\/wp\/v2\/media?parent=42869"}],"wp:term":[{"taxonomy":"product_brand","embeddable":true,"href":"https:\/\/singuli.wpress.me\/index.php\/wp-json\/wp\/v2\/product_brand?post=42869"},{"taxonomy":"product_cat","embeddable":true,"href":"https:\/\/singuli.wpress.me\/index.php\/wp-json\/wp\/v2\/product_cat?post=42869"},{"taxonomy":"product_tag","embeddable":true,"href":"https:\/\/singuli.wpress.me\/index.php\/wp-json\/wp\/v2\/product_tag?post=42869"}],"curies":[{"name":"wp","href":"https:\/\/api.w.org\/{rel}","templated":true}]}}