{"id":42872,"date":"2026-04-19T15:30:13","date_gmt":"2026-04-19T15:30:13","guid":{"rendered":"https:\/\/singuli.wpress.me\/index.php\/proizvod\/pronto-tekucina-za-pranje-laminata-750-ml-2\/"},"modified":"2026-04-20T12:33:49","modified_gmt":"2026-04-20T12:33:49","slug":"pronto-tekucina-za-pranje-laminata-750-ml-2","status":"publish","type":"product","link":"https:\/\/singuli.wpress.me\/index.php\/proizvod\/pronto-tekucina-za-pranje-laminata-750-ml-2\/","title":{"rendered":"PRONTO, teku\u0107ina za pranje, laminata, 750\u00a0ml"},"content":{"rendered":"<p>Pronto\u00ae teku\u0107ina za \u010di\u0161\u0107enje laminata uklanja prljav\u0161tinu i pra\u0161inu s laminata, plo\u010dica i vinilnih podova.<\/p>\n<p>Upute za uporabu:<\/p>\n<p>1. Ulijte 2 \u010depa Pronto\u00aeteku\u0107ine u 5 litara tople vode.<br \/>\n2. Nanesite spu\u017evom ili krpom na povr\u0161ine.<\/p>\n<p>Nije potrebno ispirati.<\/p>\n<p>Prilikom kori\u0161tenja na osjetljivim povr\u0161inama, provjeriti u\u010dinak na manjoj, manje vidljivoj povr\u0161ini. <\/p>\n","protected":false},"excerpt":{"rendered":"<p>Uklanja prljav\u0161tinu i pra\u0161inu<br \/>\nIma svje\u017e i ugodan miris<br \/>\nNije potrebno ispirati<\/p>\n","protected":false},"featured_media":0,"template":"","meta":{"_seopress_robots_primary_cat":"","_seopress_titles_title":"","_seopress_titles_desc":"","_seopress_robots_index":"","iawp_total_views":0},"product_brand":[815],"product_cat":[274,238],"product_tag":[],"class_list":{"0":"post-42872","1":"product","2":"type-product","3":"status-publish","5":"product_brand-pronto","6":"product_cat-kucanski-pribor-238","7":"product_cat-sve-za-dom","9":"first","10":"instock","11":"shipping-taxable","12":"purchasable","13":"product-type-simple"},"_links":{"self":[{"href":"https:\/\/singuli.wpress.me\/index.php\/wp-json\/wp\/v2\/product\/42872","targetHints":{"allow":["GET"]}}],"collection":[{"href":"https:\/\/singuli.wpress.me\/index.php\/wp-json\/wp\/v2\/product"}],"about":[{"href":"https:\/\/singuli.wpress.me\/index.php\/wp-json\/wp\/v2\/types\/product"}],"version-history":[{"count":0,"href":"https:\/\/singuli.wpress.me\/index.php\/wp-json\/wp\/v2\/product\/42872\/revisions"}],"wp:attachment":[{"href":"https:\/\/singuli.wpress.me\/index.php\/wp-json\/wp\/v2\/media?parent=42872"}],"wp:term":[{"taxonomy":"product_brand","embeddable":true,"href":"https:\/\/singuli.wpress.me\/index.php\/wp-json\/wp\/v2\/product_brand?post=42872"},{"taxonomy":"product_cat","embeddable":true,"href":"https:\/\/singuli.wpress.me\/index.php\/wp-json\/wp\/v2\/product_cat?post=42872"},{"taxonomy":"product_tag","embeddable":true,"href":"https:\/\/singuli.wpress.me\/index.php\/wp-json\/wp\/v2\/product_tag?post=42872"}],"curies":[{"name":"wp","href":"https:\/\/api.w.org\/{rel}","templated":true}]}}