{"id":42873,"date":"2026-04-19T15:30:13","date_gmt":"2026-04-19T15:30:13","guid":{"rendered":"https:\/\/singuli.wpress.me\/index.php\/proizvod\/bison-silikonsko-brtvilo-visoke-temperature-280-ml\/"},"modified":"2026-04-21T00:27:21","modified_gmt":"2026-04-21T00:27:21","slug":"bison-silikonsko-brtvilo-visoke-temperature-280-ml","status":"publish","type":"product","link":"https:\/\/singuli.wpress.me\/index.php\/proizvod\/bison-silikonsko-brtvilo-visoke-temperature-280-ml\/","title":{"rendered":"BISON, silikonsko brtvilo, visoke temperature, 280\u00a0ml"},"content":{"rendered":"<p>Silikonsko brtvilo otporno na toplinu. Nakon potpunog stvrdnjavanja otporno na toplinu do 260 \u00b0C i kratko (pribli\u017eno 1 sat) do maksimalno 300 \u00b0C.<\/p>\n<p>Prikladno za spajanje i brtvljenje spojeva, \u0161avova i pukotina na mjestima na kojima je potrebna visoka toplinska otpornost. Vrlo dobro prianja uz staklo, emajl, plo\u010dice, glaziranu keramiku i glatke metale. Naro\u010dito pogodno za lijepljenje i brtvljenje stakla na mikrovalnim pe\u0107nicama i pe\u0107nicama, rubova oko (kerami\u010dkih) prijenosnih \u0161tednjaka, cijevi za grijanje, dimnjaka i stakla na kaminima (u teku\u0107em obliku prikladno za automobile).<\/p>\n<p>Nije prikladno za primjene u kojima proizvod dolazi u izravan dodir s benzinom, dizel gorivom i gorivom za mlazne avione.<\/p>\n","protected":false},"excerpt":{"rendered":"<p>Lako se nanosi<br \/>\nNe mo\u017ee se prebojati<br \/>\nBrtvilo se mo\u017ee rastegnuti ako do\u0111e u kontakt s masno\u0107om, uljem, rashladnim sredstvom i gorivima<\/p>\n","protected":false},"featured_media":0,"template":"","meta":{"_seopress_robots_primary_cat":"","_seopress_titles_title":"","_seopress_titles_desc":"","_seopress_robots_index":"","iawp_total_views":0},"product_brand":[494],"product_cat":[264,238],"product_tag":[],"class_list":{"0":"post-42873","1":"product","2":"type-product","3":"status-publish","5":"product_brand-bison","6":"product_cat-ljepila-i-brtvila-238","7":"product_cat-sve-za-dom","9":"first","10":"instock","11":"shipping-taxable","12":"purchasable","13":"product-type-simple"},"_links":{"self":[{"href":"https:\/\/singuli.wpress.me\/index.php\/wp-json\/wp\/v2\/product\/42873","targetHints":{"allow":["GET"]}}],"collection":[{"href":"https:\/\/singuli.wpress.me\/index.php\/wp-json\/wp\/v2\/product"}],"about":[{"href":"https:\/\/singuli.wpress.me\/index.php\/wp-json\/wp\/v2\/types\/product"}],"version-history":[{"count":0,"href":"https:\/\/singuli.wpress.me\/index.php\/wp-json\/wp\/v2\/product\/42873\/revisions"}],"wp:attachment":[{"href":"https:\/\/singuli.wpress.me\/index.php\/wp-json\/wp\/v2\/media?parent=42873"}],"wp:term":[{"taxonomy":"product_brand","embeddable":true,"href":"https:\/\/singuli.wpress.me\/index.php\/wp-json\/wp\/v2\/product_brand?post=42873"},{"taxonomy":"product_cat","embeddable":true,"href":"https:\/\/singuli.wpress.me\/index.php\/wp-json\/wp\/v2\/product_cat?post=42873"},{"taxonomy":"product_tag","embeddable":true,"href":"https:\/\/singuli.wpress.me\/index.php\/wp-json\/wp\/v2\/product_tag?post=42873"}],"curies":[{"name":"wp","href":"https:\/\/api.w.org\/{rel}","templated":true}]}}