{"id":42876,"date":"2026-04-19T15:30:14","date_gmt":"2026-04-19T15:30:14","guid":{"rendered":"https:\/\/singuli.wpress.me\/index.php\/proizvod\/jar-extra-citrus-tekuci-deterdzent-za-pranje-suda-2x905ml\/"},"modified":"2026-04-20T12:33:49","modified_gmt":"2026-04-20T12:33:49","slug":"jar-extra-citrus-tekuci-deterdzent-za-pranje-suda-2x905ml","status":"publish","type":"product","link":"https:\/\/singuli.wpress.me\/index.php\/proizvod\/jar-extra-citrus-tekuci-deterdzent-za-pranje-suda-2x905ml\/","title":{"rendered":"JAR Extra + Citrus, teku\u0107i deterd\u017eent za pranje su\u0111a, 2x905ml"},"content":{"rendered":"<p>Teku\u0107i deterd\u017eent za pranje posu\u0111a pru\u017ea vam snagu \u010di\u0161\u0107enja koju i o\u010dekujete od Jara u borbi protiv najtvrdokornije masno\u0107e na posu\u0111u, a istovremeno je blag i nje\u017ean prema rukama.<\/p>\n","protected":false},"excerpt":{"rendered":"<p>Dermatolo\u0161ki testirano<br \/>\n2u1: nemilosrdan prema masno\u0107i, nje\u017ean za ruke<br \/>\nNeodoljiva svje\u017eina oko sudopera tijekom pranja posu\u0111a<\/p>\n","protected":false},"featured_media":0,"template":"","meta":{"_seopress_robots_primary_cat":"","_seopress_titles_title":"","_seopress_titles_desc":"","_seopress_robots_index":"","iawp_total_views":0},"product_brand":[454],"product_cat":[314,238],"product_tag":[],"class_list":{"0":"post-42876","1":"product","2":"type-product","3":"status-publish","5":"product_brand-jar","6":"product_cat-pranje-posuda-238","7":"product_cat-sve-za-dom","9":"first","10":"outofstock","11":"shipping-taxable","12":"purchasable","13":"product-type-simple"},"_links":{"self":[{"href":"https:\/\/singuli.wpress.me\/index.php\/wp-json\/wp\/v2\/product\/42876","targetHints":{"allow":["GET"]}}],"collection":[{"href":"https:\/\/singuli.wpress.me\/index.php\/wp-json\/wp\/v2\/product"}],"about":[{"href":"https:\/\/singuli.wpress.me\/index.php\/wp-json\/wp\/v2\/types\/product"}],"version-history":[{"count":0,"href":"https:\/\/singuli.wpress.me\/index.php\/wp-json\/wp\/v2\/product\/42876\/revisions"}],"wp:attachment":[{"href":"https:\/\/singuli.wpress.me\/index.php\/wp-json\/wp\/v2\/media?parent=42876"}],"wp:term":[{"taxonomy":"product_brand","embeddable":true,"href":"https:\/\/singuli.wpress.me\/index.php\/wp-json\/wp\/v2\/product_brand?post=42876"},{"taxonomy":"product_cat","embeddable":true,"href":"https:\/\/singuli.wpress.me\/index.php\/wp-json\/wp\/v2\/product_cat?post=42876"},{"taxonomy":"product_tag","embeddable":true,"href":"https:\/\/singuli.wpress.me\/index.php\/wp-json\/wp\/v2\/product_tag?post=42876"}],"curies":[{"name":"wp","href":"https:\/\/api.w.org\/{rel}","templated":true}]}}