{"id":42880,"date":"2026-04-19T15:30:15","date_gmt":"2026-04-19T15:30:15","guid":{"rendered":"https:\/\/singuli.wpress.me\/index.php\/proizvod\/blend-a-med-3d-white-classic-fresh-zubna-pasta-2x75ml\/"},"modified":"2026-04-20T12:33:49","modified_gmt":"2026-04-20T12:33:49","slug":"blend-a-med-3d-white-classic-fresh-zubna-pasta-2x75ml","status":"publish","type":"product","link":"https:\/\/singuli.wpress.me\/index.php\/proizvod\/blend-a-med-3d-white-classic-fresh-zubna-pasta-2x75ml\/","title":{"rendered":"BLEND-A-MED 3D White, Classic Fresh, zubna pasta, 2x75ml"},"content":{"rendered":"<p>Blend-a-med 3D White Classic Fresh pasta za zube izbjeljuje zube uklanjaju\u0107i diskoloraciju s povr\u0161ine i osigurava dugotrajnu svje\u017einu<\/p>\n","protected":false},"excerpt":{"rendered":"<p>Uklanja povr\u0161inske diskoloracije<br \/>\nIzbjeljuje zube s prvim  \u010detkanjem<br \/>\nOsigurava dugotrajnu svje\u017einu<\/p>\n","protected":false},"featured_media":0,"template":"","meta":{"_seopress_robots_primary_cat":"","_seopress_titles_title":"","_seopress_titles_desc":"","_seopress_robots_index":"","iawp_total_views":0},"product_brand":[886],"product_cat":[268,309,320],"product_tag":[],"class_list":{"0":"post-42880","1":"product","2":"type-product","3":"status-publish","5":"product_brand-blend-a-med","6":"product_cat-kozmetika-2","7":"product_cat-oralna-higijena-268","8":"product_cat-paste-za-zube-309","10":"first","11":"outofstock","12":"shipping-taxable","13":"purchasable","14":"product-type-simple"},"_links":{"self":[{"href":"https:\/\/singuli.wpress.me\/index.php\/wp-json\/wp\/v2\/product\/42880","targetHints":{"allow":["GET"]}}],"collection":[{"href":"https:\/\/singuli.wpress.me\/index.php\/wp-json\/wp\/v2\/product"}],"about":[{"href":"https:\/\/singuli.wpress.me\/index.php\/wp-json\/wp\/v2\/types\/product"}],"version-history":[{"count":0,"href":"https:\/\/singuli.wpress.me\/index.php\/wp-json\/wp\/v2\/product\/42880\/revisions"}],"wp:attachment":[{"href":"https:\/\/singuli.wpress.me\/index.php\/wp-json\/wp\/v2\/media?parent=42880"}],"wp:term":[{"taxonomy":"product_brand","embeddable":true,"href":"https:\/\/singuli.wpress.me\/index.php\/wp-json\/wp\/v2\/product_brand?post=42880"},{"taxonomy":"product_cat","embeddable":true,"href":"https:\/\/singuli.wpress.me\/index.php\/wp-json\/wp\/v2\/product_cat?post=42880"},{"taxonomy":"product_tag","embeddable":true,"href":"https:\/\/singuli.wpress.me\/index.php\/wp-json\/wp\/v2\/product_tag?post=42880"}],"curies":[{"name":"wp","href":"https:\/\/api.w.org\/{rel}","templated":true}]}}