{"id":42881,"date":"2026-04-19T15:30:16","date_gmt":"2026-04-19T15:30:16","guid":{"rendered":"https:\/\/singuli.wpress.me\/index.php\/proizvod\/helix-ult-prof-ap-l-0w30-motorno-ulje-za-osobna-vozila-20-l\/"},"modified":"2026-04-20T12:33:49","modified_gmt":"2026-04-20T12:33:49","slug":"helix-ult-prof-ap-l-0w30-motorno-ulje-za-osobna-vozila-20-l","status":"publish","type":"product","link":"https:\/\/singuli.wpress.me\/index.php\/proizvod\/helix-ult-prof-ap-l-0w30-motorno-ulje-za-osobna-vozila-20-l\/","title":{"rendered":"HELIX ULT. PROF AP-L 0W30, motorno ulje za osobna vozila, 20\u00a0l"},"content":{"rendered":"<p>Potpuno sinteti\u010dko ulje dizajnirano da udovolji potrebama pojedinih motora visokih performansi uklju\u010duju\u0107i Peugeot, Citroen i motore koji zahtijevaju ACEA C2 specifikaciju. <\/p>\n<p>Glavne primjene za benzinske i dizelske motore, zadovoljava tehni\u010dki zahtjevnu internu specifikaciju Peugeot B71 2312 koja se tra\u017ei u najnovijim Peugeot vozilima. <\/p>\n<p>U skladu s propisima Euro 6, pogodno posebno za uporabu u modernim dizelskim motorima koji koriste tehnologiju filtra krutih \u010destica (DPF) i benzinskim motorima u trostupanjskim kataliti\u010dkim pretvara\u010dima (TWC).<\/p>\n<p><span style=\"font-weight: bold\">Specifikacija:<\/span> ACEA C2, PSA B 71 2312.<\/p>\n","protected":false},"excerpt":{"rendered":"<p>Glavna primjena za benzinske i dizelske motore<br \/>\nU skladu s propisima Euro 6<br \/>\nSpecifikacija u opisu<\/p>\n","protected":false},"featured_media":0,"template":"","meta":{"_seopress_robots_primary_cat":"","_seopress_titles_title":"","_seopress_titles_desc":"","_seopress_robots_index":"","iawp_total_views":0},"product_brand":[398],"product_cat":[243,272],"product_tag":[],"class_list":{"0":"post-42881","1":"product","2":"type-product","3":"status-publish","5":"product_brand-helix","6":"product_cat-automobili-i-motori","7":"product_cat-motorna-ulja-243","9":"first","10":"instock","11":"shipping-taxable","12":"purchasable","13":"product-type-simple"},"_links":{"self":[{"href":"https:\/\/singuli.wpress.me\/index.php\/wp-json\/wp\/v2\/product\/42881","targetHints":{"allow":["GET"]}}],"collection":[{"href":"https:\/\/singuli.wpress.me\/index.php\/wp-json\/wp\/v2\/product"}],"about":[{"href":"https:\/\/singuli.wpress.me\/index.php\/wp-json\/wp\/v2\/types\/product"}],"version-history":[{"count":0,"href":"https:\/\/singuli.wpress.me\/index.php\/wp-json\/wp\/v2\/product\/42881\/revisions"}],"wp:attachment":[{"href":"https:\/\/singuli.wpress.me\/index.php\/wp-json\/wp\/v2\/media?parent=42881"}],"wp:term":[{"taxonomy":"product_brand","embeddable":true,"href":"https:\/\/singuli.wpress.me\/index.php\/wp-json\/wp\/v2\/product_brand?post=42881"},{"taxonomy":"product_cat","embeddable":true,"href":"https:\/\/singuli.wpress.me\/index.php\/wp-json\/wp\/v2\/product_cat?post=42881"},{"taxonomy":"product_tag","embeddable":true,"href":"https:\/\/singuli.wpress.me\/index.php\/wp-json\/wp\/v2\/product_tag?post=42881"}],"curies":[{"name":"wp","href":"https:\/\/api.w.org\/{rel}","templated":true}]}}