{"id":42889,"date":"2026-04-19T15:30:18","date_gmt":"2026-04-19T15:30:18","guid":{"rendered":"https:\/\/singuli.wpress.me\/index.php\/proizvod\/twistshake-tour-zastita-za-insekte-siva\/"},"modified":"2026-04-20T12:33:49","modified_gmt":"2026-04-20T12:33:49","slug":"twistshake-tour-zastita-za-insekte-siva","status":"publish","type":"product","link":"https:\/\/singuli.wpress.me\/index.php\/proizvod\/twistshake-tour-zastita-za-insekte-siva\/","title":{"rendered":"TWISTSHAKE Tour, za\u0161tita za insekte, siva"},"content":{"rendered":"<p>Pobrinite se da va\u0161 mali\u0161an ima miran san i ljeti na svije\u017eem zraku. S mre\u017eom za\u0161tite svog mali\u0161ana od insekata ljeti. Mre\u017eu jednostavno pri\u010dvrstite na okvir kolica. Materijal mre\u017ee je napravljen iz mre\u017easte tkanine koja je zra\u010dna i mo\u017eete kroz nju i vidjeti va\u0161eg mali\u0161ana tijekom spavanja. Mre\u017ea je jednostavna za pohranjivanje i ne zauzima previ\u0161e prostora. <\/p>\n","protected":false},"excerpt":{"rendered":"<p>Materijal: tkanina<br \/>\nKompatibilno s dje\u010djim kolicima Twistshake Tour<br \/>\nOdr\u017eavanje: ru\u010dno pranje<\/p>\n","protected":false},"featured_media":0,"template":"","meta":{"_seopress_robots_primary_cat":"","_seopress_titles_title":"","_seopress_titles_desc":"","_seopress_robots_index":"","iawp_total_views":0},"product_brand":[433],"product_cat":[211,286,287],"product_tag":[],"class_list":{"0":"post-42889","1":"product","2":"type-product","3":"status-publish","5":"product_brand-twistshake","6":"product_cat-njega-majke-i-djeteta","7":"product_cat-oprema-za-bebe-211","8":"product_cat-za-bebe-286","10":"first","11":"instock","12":"shipping-taxable","13":"purchasable","14":"product-type-simple"},"_links":{"self":[{"href":"https:\/\/singuli.wpress.me\/index.php\/wp-json\/wp\/v2\/product\/42889","targetHints":{"allow":["GET"]}}],"collection":[{"href":"https:\/\/singuli.wpress.me\/index.php\/wp-json\/wp\/v2\/product"}],"about":[{"href":"https:\/\/singuli.wpress.me\/index.php\/wp-json\/wp\/v2\/types\/product"}],"version-history":[{"count":0,"href":"https:\/\/singuli.wpress.me\/index.php\/wp-json\/wp\/v2\/product\/42889\/revisions"}],"wp:attachment":[{"href":"https:\/\/singuli.wpress.me\/index.php\/wp-json\/wp\/v2\/media?parent=42889"}],"wp:term":[{"taxonomy":"product_brand","embeddable":true,"href":"https:\/\/singuli.wpress.me\/index.php\/wp-json\/wp\/v2\/product_brand?post=42889"},{"taxonomy":"product_cat","embeddable":true,"href":"https:\/\/singuli.wpress.me\/index.php\/wp-json\/wp\/v2\/product_cat?post=42889"},{"taxonomy":"product_tag","embeddable":true,"href":"https:\/\/singuli.wpress.me\/index.php\/wp-json\/wp\/v2\/product_tag?post=42889"}],"curies":[{"name":"wp","href":"https:\/\/api.w.org\/{rel}","templated":true}]}}