{"id":42890,"date":"2026-04-19T15:30:18","date_gmt":"2026-04-19T15:30:18","guid":{"rendered":"https:\/\/singuli.wpress.me\/index.php\/proizvod\/refrigeration-s2-fr-a-46-kompresorsko-ulje-209-l\/"},"modified":"2026-04-20T12:33:49","modified_gmt":"2026-04-20T12:33:49","slug":"refrigeration-s2-fr-a-46-kompresorsko-ulje-209-l","status":"publish","type":"product","link":"https:\/\/singuli.wpress.me\/index.php\/proizvod\/refrigeration-s2-fr-a-46-kompresorsko-ulje-209-l\/","title":{"rendered":"REFRIGERATION  S2 FR-A 46, Kompresorsko ulje, 209\u00a0l"},"content":{"rendered":"<p>Nisko mje\u0161ljivo kompresorsko ulje namijenjeno podmazivanju rashladnih kompresora u sustavima gdje je amonijak rashladni plin. Formulirano je pomo\u0107u specijalno rafiniranih parafinskih baznih ulja u kombinaciji s aditivima koji smanjuju naslage u sustavima i pru\u017eaju dugi radni vijek. Ima izvrsnu temperaturnu i oksidacijsku stabilnost te pru\u017ea dugi servisni vijek \u010dak i pri povi\u0161enim ispu\u0161nim temperaturama kompresora. Dodatno je aditivirano kako bi omogu\u0107ilo odli\u010dnu kontrolu nastajanja taloga \u0161to produljuje intervale izmjene u odnosu na konvencionlana mineralna ulja za rashladne kompresore. <\/p>\n<p><span style=\"font-weight: bold\">Specifikacija: <\/span>DIN 51503 KAA i KE.<\/p>\n","protected":false},"excerpt":{"rendered":"<p>Kompresorsko ulje za podmazivanje rashladnih kompresora<br \/>\nSlu\u017ei za podmazivanje rashladnih kompresora u  sustavima gdje je amonijak rashladni plin<br \/>\nSmanjuje zauljivanje unutarnjih povr\u0161ina separatora<\/p>\n","protected":false},"featured_media":0,"template":"","meta":{"_seopress_robots_primary_cat":"","_seopress_titles_title":"","_seopress_titles_desc":"","_seopress_robots_index":"","iawp_total_views":0},"product_brand":[830],"product_cat":[243,315],"product_tag":[],"class_list":{"0":"post-42890","1":"product","2":"type-product","3":"status-publish","5":"product_brand-refrigeration","6":"product_cat-automobili-i-motori","7":"product_cat-rashladne-tekucine-243","9":"first","10":"outofstock","11":"shipping-taxable","12":"purchasable","13":"product-type-simple"},"_links":{"self":[{"href":"https:\/\/singuli.wpress.me\/index.php\/wp-json\/wp\/v2\/product\/42890","targetHints":{"allow":["GET"]}}],"collection":[{"href":"https:\/\/singuli.wpress.me\/index.php\/wp-json\/wp\/v2\/product"}],"about":[{"href":"https:\/\/singuli.wpress.me\/index.php\/wp-json\/wp\/v2\/types\/product"}],"version-history":[{"count":0,"href":"https:\/\/singuli.wpress.me\/index.php\/wp-json\/wp\/v2\/product\/42890\/revisions"}],"wp:attachment":[{"href":"https:\/\/singuli.wpress.me\/index.php\/wp-json\/wp\/v2\/media?parent=42890"}],"wp:term":[{"taxonomy":"product_brand","embeddable":true,"href":"https:\/\/singuli.wpress.me\/index.php\/wp-json\/wp\/v2\/product_brand?post=42890"},{"taxonomy":"product_cat","embeddable":true,"href":"https:\/\/singuli.wpress.me\/index.php\/wp-json\/wp\/v2\/product_cat?post=42890"},{"taxonomy":"product_tag","embeddable":true,"href":"https:\/\/singuli.wpress.me\/index.php\/wp-json\/wp\/v2\/product_tag?post=42890"}],"curies":[{"name":"wp","href":"https:\/\/api.w.org\/{rel}","templated":true}]}}