{"id":42901,"date":"2026-04-19T15:30:21","date_gmt":"2026-04-19T15:30:21","guid":{"rendered":"https:\/\/singuli.wpress.me\/index.php\/proizvod\/oral-b-aquacare-6-pro-expert-oxyjet-oralni-tus\/"},"modified":"2026-04-20T12:33:49","modified_gmt":"2026-04-20T12:33:49","slug":"oral-b-aquacare-6-pro-expert-oxyjet-oralni-tus","status":"publish","type":"product","link":"https:\/\/singuli.wpress.me\/index.php\/proizvod\/oral-b-aquacare-6-pro-expert-oxyjet-oralni-tus\/","title":{"rendered":"ORAL-B Aquacare 6 Pro-Expert Oxyjet, oralni tu\u0161"},"content":{"rendered":"<p>Pobolj\u0161ajte svoju oralnu njegu s Oral-B Aquacare Pro-Expert oralnim tu\u0161em s Oxyjet tehnologijom za osna\u017euju\u0107u njegu desni.<\/p>\n<p>Glavne zna\u010dajke:<br \/>\n&#8211; Oxyjet tehnologija: voda je oboga\u0107ena pro\u010di\u0161\u0107avaju\u0107im djelovanjem mikro-mjehuri\u0107a zraka<br \/>\n&#8211; Na\u010din rada na zahtjev: pode\u0161avanje pulsa za precizno \u010di\u0161\u0107enje<br \/>\n&#8211; 3 mo\u0107i: prilagodite svoje \u010di\u0161\u0107enje s normalnom ili srednjom postavkom pritiska vode ili postavkom za osjetljive zube<br \/>\n&#8211; 2 mlaza: odaberite usmjereni ili rotiraju\u0107i vodeni mlaz<br \/>\n&#8211; Bez kablova: jednostavno rukovanje bez konektora<br \/>\n&#8211; Za\u0161tita naramenica: nje\u017eno uklonite hranu zarobljenu izme\u0111u \u017eica i naramenica<br \/>\n&#8211; Kako koristiti Oral-B Aquacare: Mjerite izme\u0111u zuba i du\u017e desni, fokusiraju\u0107i se na ostatke hrane.<\/p>\n<p>Jamstvo: 2 godine<\/p>\n","protected":false},"excerpt":{"rendered":"<p>Oxyjet tehnologija oboga\u0107uje vodu mikro mjehuri\u0107ima zraka<br \/>\n2 intenziteta protoka vode i 2 vrste protoka vode<br \/>\nSadr\u017eaj: 1 x Aquacare Pro-Expert zubni tu\u0161, 1 x punja\u010d, \u200b\u200b2 x oxyjet nastavak<\/p>\n","protected":false},"featured_media":0,"template":"","meta":{"_seopress_robots_primary_cat":"","_seopress_titles_title":"","_seopress_titles_desc":"","_seopress_robots_index":"","iawp_total_views":0},"product_brand":[423],"product_cat":[268,309],"product_tag":[],"class_list":{"0":"post-42901","1":"product","2":"type-product","3":"status-publish","5":"product_brand-oral-b-2","6":"product_cat-kozmetika-2","7":"product_cat-oralna-higijena-268","9":"first","10":"outofstock","11":"shipping-taxable","12":"purchasable","13":"product-type-simple"},"_links":{"self":[{"href":"https:\/\/singuli.wpress.me\/index.php\/wp-json\/wp\/v2\/product\/42901","targetHints":{"allow":["GET"]}}],"collection":[{"href":"https:\/\/singuli.wpress.me\/index.php\/wp-json\/wp\/v2\/product"}],"about":[{"href":"https:\/\/singuli.wpress.me\/index.php\/wp-json\/wp\/v2\/types\/product"}],"version-history":[{"count":0,"href":"https:\/\/singuli.wpress.me\/index.php\/wp-json\/wp\/v2\/product\/42901\/revisions"}],"wp:attachment":[{"href":"https:\/\/singuli.wpress.me\/index.php\/wp-json\/wp\/v2\/media?parent=42901"}],"wp:term":[{"taxonomy":"product_brand","embeddable":true,"href":"https:\/\/singuli.wpress.me\/index.php\/wp-json\/wp\/v2\/product_brand?post=42901"},{"taxonomy":"product_cat","embeddable":true,"href":"https:\/\/singuli.wpress.me\/index.php\/wp-json\/wp\/v2\/product_cat?post=42901"},{"taxonomy":"product_tag","embeddable":true,"href":"https:\/\/singuli.wpress.me\/index.php\/wp-json\/wp\/v2\/product_tag?post=42901"}],"curies":[{"name":"wp","href":"https:\/\/api.w.org\/{rel}","templated":true}]}}