{"id":42902,"date":"2026-04-19T15:30:22","date_gmt":"2026-04-19T15:30:22","guid":{"rendered":"https:\/\/singuli.wpress.me\/index.php\/proizvod\/shell-screenwash-summer-ready-to-use-tekucina-za-pranje-stakla-4x4l-16-l\/"},"modified":"2026-04-20T12:33:49","modified_gmt":"2026-04-20T12:33:49","slug":"shell-screenwash-summer-ready-to-use-tekucina-za-pranje-stakla-4x4l-16-l","status":"publish","type":"product","link":"https:\/\/singuli.wpress.me\/index.php\/proizvod\/shell-screenwash-summer-ready-to-use-tekucina-za-pranje-stakla-4x4l-16-l\/","title":{"rendered":"SHELL Screenwash summer ready to use, teku\u0107ina za pranje stakla, 4x4l, 16\u00a0l"},"content":{"rendered":"<p>Ljetna teku\u0107ina za stakla u\u010dinkovito i brzo uklanja svu prljav\u0161tinu i prometni film. U\u010dinkovito otapa i uklanja naslage insekata, pti\u010dji izmet i pelud. Ne ostavlja tragove i mrlje.<br \/>\nSigurno za kromirane, lakirane, gumene i plasti\u010dne dijelove kao i polikarbonatna prednja svjetla.<br \/>\nOstavlja ugodan miris.<br \/>\nBez metanola.<\/p>\n<p><span style=\"font-weight: bold\">Upute za kori\u0161tenje:<\/span><br \/>\nProizvod je spreman za kori\u0161tenje. Ne zahtijeva razrje\u0111ivanje.<br \/>\nPogodno za kori\u0161tenje na temperaturama iznad 0\u00b0C.<\/p>\n","protected":false},"excerpt":{"rendered":"<p>Ljetna teku\u0107ina za pranje automobilskih stakala<br \/>\nOtapa i uklanja naslage insekata, pti\u010dji izmet i pelud<br \/>\nNe ostavlja tragove i mrlje<\/p>\n","protected":false},"featured_media":0,"template":"","meta":{"_seopress_robots_primary_cat":"","_seopress_titles_title":"","_seopress_titles_desc":"","_seopress_robots_index":"","iawp_total_views":0},"product_brand":[326],"product_cat":[243,273],"product_tag":[],"class_list":{"0":"post-42902","1":"product","2":"type-product","3":"status-publish","5":"product_brand-shell","6":"product_cat-automobili-i-motori","7":"product_cat-njega-vozila-243","9":"first","10":"instock","11":"shipping-taxable","12":"purchasable","13":"product-type-simple"},"_links":{"self":[{"href":"https:\/\/singuli.wpress.me\/index.php\/wp-json\/wp\/v2\/product\/42902","targetHints":{"allow":["GET"]}}],"collection":[{"href":"https:\/\/singuli.wpress.me\/index.php\/wp-json\/wp\/v2\/product"}],"about":[{"href":"https:\/\/singuli.wpress.me\/index.php\/wp-json\/wp\/v2\/types\/product"}],"version-history":[{"count":0,"href":"https:\/\/singuli.wpress.me\/index.php\/wp-json\/wp\/v2\/product\/42902\/revisions"}],"wp:attachment":[{"href":"https:\/\/singuli.wpress.me\/index.php\/wp-json\/wp\/v2\/media?parent=42902"}],"wp:term":[{"taxonomy":"product_brand","embeddable":true,"href":"https:\/\/singuli.wpress.me\/index.php\/wp-json\/wp\/v2\/product_brand?post=42902"},{"taxonomy":"product_cat","embeddable":true,"href":"https:\/\/singuli.wpress.me\/index.php\/wp-json\/wp\/v2\/product_cat?post=42902"},{"taxonomy":"product_tag","embeddable":true,"href":"https:\/\/singuli.wpress.me\/index.php\/wp-json\/wp\/v2\/product_tag?post=42902"}],"curies":[{"name":"wp","href":"https:\/\/api.w.org\/{rel}","templated":true}]}}