{"id":42903,"date":"2026-04-19T15:30:22","date_gmt":"2026-04-19T15:30:22","guid":{"rendered":"https:\/\/singuli.wpress.me\/index.php\/proizvod\/oral-b-eb-20-4-precision-clean-zamjenske-glave-za-cetkicu-4-kom-2\/"},"modified":"2026-04-20T12:33:49","modified_gmt":"2026-04-20T12:33:49","slug":"oral-b-eb-20-4-precision-clean-zamjenske-glave-za-cetkicu-4-kom-2","status":"publish","type":"product","link":"https:\/\/singuli.wpress.me\/index.php\/proizvod\/oral-b-eb-20-4-precision-clean-zamjenske-glave-za-cetkicu-4-kom-2\/","title":{"rendered":"ORAL-B EB 20-4 Precision Clean , zamjenske glave za \u010detkicu, 4\u00a0kom"},"content":{"rendered":"<p>Ove pobolj\u0161ane glave Oral-B Precision Clean koriste tehnologiju CleanMaximiser koja zelena vlakna pretvara u \u017euta te tako osigurava optimalne performanse glave \u010detkice i najbolje \u010di\u0161\u0107enje.<br \/>\nJedinstvena vlakna uklanjaju zubne naslage, za vrhunsko \u010di\u0161\u0107enje zub-po-zub bolje od klasi\u010dne zubne \u010detkice.<br \/>\nOve su glave kompatibilne sa svim dr\u0161kama Oral-B osim Pulsonic i iO.<br \/>\nJedinstvena vlakna uklanjaju zubne naslage, za vrhunsko \u010di\u0161\u0107enje zub-po-zub bolje od klasi\u010dne zubne \u010detkice.<br \/>\nDo 100% manje zubnih naslaga i zdravije desni u usporedbi s obi\u010dnom klasi\u010dnom zubnom \u010detkicom.<br \/>\nStomatolozi preporu\u010duju mijenjanje glave \u010detke svaka 3 mjeseca za najbolje \u010di\u0161\u0107enje.<\/p>\n","protected":false},"excerpt":{"rendered":"<p>Do 100% manje zubnih naslaga i zdravije desni<br \/>\nKompatibilne sa svim dr\u0161kama Oral-B osim Pulsonic i iO<br \/>\nZamijenite glavu \u010detkice svaka tri mjeseca<\/p>\n","protected":false},"featured_media":0,"template":"","meta":{"_seopress_robots_primary_cat":"","_seopress_titles_title":"","_seopress_titles_desc":"","_seopress_robots_index":"","iawp_total_views":0},"product_brand":[423],"product_cat":[192,207,209],"product_tag":[],"class_list":{"0":"post-42903","1":"product","2":"type-product","3":"status-publish","5":"product_brand-oral-b-2","6":"product_cat-aparati-za-osobnu-njegu","7":"product_cat-oralna-higijena","8":"product_cat-zamjenske-glave","10":"first","11":"outofstock","12":"shipping-taxable","13":"purchasable","14":"product-type-simple"},"_links":{"self":[{"href":"https:\/\/singuli.wpress.me\/index.php\/wp-json\/wp\/v2\/product\/42903","targetHints":{"allow":["GET"]}}],"collection":[{"href":"https:\/\/singuli.wpress.me\/index.php\/wp-json\/wp\/v2\/product"}],"about":[{"href":"https:\/\/singuli.wpress.me\/index.php\/wp-json\/wp\/v2\/types\/product"}],"version-history":[{"count":0,"href":"https:\/\/singuli.wpress.me\/index.php\/wp-json\/wp\/v2\/product\/42903\/revisions"}],"wp:attachment":[{"href":"https:\/\/singuli.wpress.me\/index.php\/wp-json\/wp\/v2\/media?parent=42903"}],"wp:term":[{"taxonomy":"product_brand","embeddable":true,"href":"https:\/\/singuli.wpress.me\/index.php\/wp-json\/wp\/v2\/product_brand?post=42903"},{"taxonomy":"product_cat","embeddable":true,"href":"https:\/\/singuli.wpress.me\/index.php\/wp-json\/wp\/v2\/product_cat?post=42903"},{"taxonomy":"product_tag","embeddable":true,"href":"https:\/\/singuli.wpress.me\/index.php\/wp-json\/wp\/v2\/product_tag?post=42903"}],"curies":[{"name":"wp","href":"https:\/\/api.w.org\/{rel}","templated":true}]}}