{"id":42912,"date":"2026-04-19T15:30:25","date_gmt":"2026-04-19T15:30:25","guid":{"rendered":"https:\/\/singuli.wpress.me\/index.php\/proizvod\/paclan-for-nature-papir-za-pecenje-6mx38cm\/"},"modified":"2026-04-20T12:33:49","modified_gmt":"2026-04-20T12:33:49","slug":"paclan-for-nature-papir-za-pecenje-6mx38cm","status":"publish","type":"product","link":"https:\/\/singuli.wpress.me\/index.php\/proizvod\/paclan-for-nature-papir-za-pecenje-6mx38cm\/","title":{"rendered":"PACLAN FOR NATURE, papir za pe\u010denje, 6mx38cm"},"content":{"rendered":"<p>Paclan je proizveo sveobuhvatnu ponudu &#8211; liniju For Nature, koja se sastoji od \u201enature friendly\u201d artikala. Ambala\u017ea je izra\u0111ena je od recikliranog papira ili certificiranog papira. Baking paper 6mx38cm, 100% biodegradable<\/p>\n<p>Svaki proizvod ispunjava barem jedan od zahtjeva koje je proizvo\u0111a\u010d postavio prilikom stvaranja ove serije, tako da je na\u010dinjena od:<\/p>\n<p>\u2022 reciklirane plastike<\/p>\n<p>\u2022 prirodnih materijala, kao \u0161to su kukuruza, agave i viskoza<\/p>\n<p>\u2022 rabljenih PET boca<\/p>\n<p>\u2022 biorazgradivih materijala kao \u0161to je PLA (polaktid)<\/p>\n","protected":false},"excerpt":{"rendered":"<p>Biorazgradiv<br \/>\nNeizbjeljen PEFC certificiran<br \/>\nReciklirana papirnata kutija<\/p>\n","protected":false},"featured_media":0,"template":"","meta":{"_seopress_robots_primary_cat":"","_seopress_titles_title":"","_seopress_titles_desc":"","_seopress_robots_index":"","iawp_total_views":0},"product_brand":[844],"product_cat":[274,238],"product_tag":[],"class_list":{"0":"post-42912","1":"product","2":"type-product","3":"status-publish","5":"product_brand-paclan-for-nature","6":"product_cat-kucanski-pribor-238","7":"product_cat-sve-za-dom","9":"first","10":"instock","11":"shipping-taxable","12":"purchasable","13":"product-type-simple"},"_links":{"self":[{"href":"https:\/\/singuli.wpress.me\/index.php\/wp-json\/wp\/v2\/product\/42912","targetHints":{"allow":["GET"]}}],"collection":[{"href":"https:\/\/singuli.wpress.me\/index.php\/wp-json\/wp\/v2\/product"}],"about":[{"href":"https:\/\/singuli.wpress.me\/index.php\/wp-json\/wp\/v2\/types\/product"}],"version-history":[{"count":0,"href":"https:\/\/singuli.wpress.me\/index.php\/wp-json\/wp\/v2\/product\/42912\/revisions"}],"wp:attachment":[{"href":"https:\/\/singuli.wpress.me\/index.php\/wp-json\/wp\/v2\/media?parent=42912"}],"wp:term":[{"taxonomy":"product_brand","embeddable":true,"href":"https:\/\/singuli.wpress.me\/index.php\/wp-json\/wp\/v2\/product_brand?post=42912"},{"taxonomy":"product_cat","embeddable":true,"href":"https:\/\/singuli.wpress.me\/index.php\/wp-json\/wp\/v2\/product_cat?post=42912"},{"taxonomy":"product_tag","embeddable":true,"href":"https:\/\/singuli.wpress.me\/index.php\/wp-json\/wp\/v2\/product_tag?post=42912"}],"curies":[{"name":"wp","href":"https:\/\/api.w.org\/{rel}","templated":true}]}}