{"id":42913,"date":"2026-04-19T15:30:25","date_gmt":"2026-04-19T15:30:25","guid":{"rendered":"https:\/\/singuli.wpress.me\/index.php\/proizvod\/cocomelon-prve-puzzle-ucenje\/"},"modified":"2026-04-20T12:33:49","modified_gmt":"2026-04-20T12:33:49","slug":"cocomelon-prve-puzzle-ucenje","status":"publish","type":"product","link":"https:\/\/singuli.wpress.me\/index.php\/proizvod\/cocomelon-prve-puzzle-ucenje\/","title":{"rendered":"COCOMELON, prve puzzle, U\u010denje"},"content":{"rendered":"<p>Rekreiraj najljep\u0161e scene svojih omiljenih likova s prvim puzzlama za najmla\u0111e i zabavi se!<\/p>\n<p>Utori poma\u017eu u rje\u0161avanju zadatka, a u isto vrijeme dijete \u0107e razvijati vizualno pam\u0107enje, osje\u0107aju\u0107i se pritom stimulirano i zadovoljno.<\/p>\n<p>SADR\u017dAJ: 8 puzzli<\/p>\n<p>Preporu\u010dena dob: 1+<\/p>\n","protected":false},"excerpt":{"rendered":"<p>Puzzle za najmla\u0111e<br \/>\nSadr\u017eaj: 8 puzzli<br \/>\nDob: 1+god<\/p>\n","protected":false},"featured_media":0,"template":"","meta":{"_seopress_robots_primary_cat":"","_seopress_titles_title":"","_seopress_titles_desc":"","_seopress_robots_index":"","iawp_total_views":0},"product_brand":[848],"product_cat":[290,221],"product_tag":[],"class_list":{"0":"post-42913","1":"product","2":"type-product","3":"status-publish","5":"product_brand-cocomelon","6":"product_cat-drustvene-igre-221","7":"product_cat-igracke","9":"first","10":"outofstock","11":"shipping-taxable","12":"purchasable","13":"product-type-simple"},"_links":{"self":[{"href":"https:\/\/singuli.wpress.me\/index.php\/wp-json\/wp\/v2\/product\/42913","targetHints":{"allow":["GET"]}}],"collection":[{"href":"https:\/\/singuli.wpress.me\/index.php\/wp-json\/wp\/v2\/product"}],"about":[{"href":"https:\/\/singuli.wpress.me\/index.php\/wp-json\/wp\/v2\/types\/product"}],"version-history":[{"count":0,"href":"https:\/\/singuli.wpress.me\/index.php\/wp-json\/wp\/v2\/product\/42913\/revisions"}],"wp:attachment":[{"href":"https:\/\/singuli.wpress.me\/index.php\/wp-json\/wp\/v2\/media?parent=42913"}],"wp:term":[{"taxonomy":"product_brand","embeddable":true,"href":"https:\/\/singuli.wpress.me\/index.php\/wp-json\/wp\/v2\/product_brand?post=42913"},{"taxonomy":"product_cat","embeddable":true,"href":"https:\/\/singuli.wpress.me\/index.php\/wp-json\/wp\/v2\/product_cat?post=42913"},{"taxonomy":"product_tag","embeddable":true,"href":"https:\/\/singuli.wpress.me\/index.php\/wp-json\/wp\/v2\/product_tag?post=42913"}],"curies":[{"name":"wp","href":"https:\/\/api.w.org\/{rel}","templated":true}]}}