{"id":42920,"date":"2026-04-19T15:30:27","date_gmt":"2026-04-19T15:30:27","guid":{"rendered":"https:\/\/singuli.wpress.me\/index.php\/proizvod\/paclan-vrece-za-smece-multitop-60-l\/"},"modified":"2026-04-21T00:27:22","modified_gmt":"2026-04-21T00:27:22","slug":"paclan-vrece-za-smece-multitop-60-l","status":"publish","type":"product","link":"https:\/\/singuli.wpress.me\/index.php\/proizvod\/paclan-vrece-za-smece-multitop-60-l\/","title":{"rendered":"PACLAN, vre\u0107e za sme\u0107e, Multitop, 60\u00a0l"},"content":{"rendered":"<p>Vre\u0107e za sme\u0107e veli\u010dine 60 litara, 20 komada u roli. Mo\u017ee se dogoditi da imate mnogo sme\u0107a, te se ono samo pove\u0107ava, \u010dak i tijekom jednog dana. Pa, ne mo\u017eemo ni\u0161ta u\u010diniti u vezi s tim. Ali ako \u017eelite ra\u0161\u010distiti sve te papire, ambala\u017eu i boce, predla\u017eemo vam prakti\u010dne Multitop vre\u0107e za sme\u0107e, u raznim veli\u010dinama. Stavite sme\u0107e u njih, ve\u017eite ih i idite. I ni\u0161ta se ne\u0107e prosuti na putu.<\/p>\n","protected":false},"excerpt":{"rendered":"<p>Veli\u010dina 60 litara<br \/>\n20 komada u roli<br \/>\nPrakti\u010dne vre\u0107e<\/p>\n","protected":false},"featured_media":0,"template":"","meta":{"_seopress_robots_primary_cat":"","_seopress_titles_title":"","_seopress_titles_desc":"","_seopress_robots_index":"","iawp_total_views":0},"product_brand":[474],"product_cat":[274,238],"product_tag":[],"class_list":{"0":"post-42920","1":"product","2":"type-product","3":"status-publish","5":"product_brand-paclan","6":"product_cat-kucanski-pribor-238","7":"product_cat-sve-za-dom","9":"first","10":"instock","11":"shipping-taxable","12":"purchasable","13":"product-type-simple"},"_links":{"self":[{"href":"https:\/\/singuli.wpress.me\/index.php\/wp-json\/wp\/v2\/product\/42920","targetHints":{"allow":["GET"]}}],"collection":[{"href":"https:\/\/singuli.wpress.me\/index.php\/wp-json\/wp\/v2\/product"}],"about":[{"href":"https:\/\/singuli.wpress.me\/index.php\/wp-json\/wp\/v2\/types\/product"}],"version-history":[{"count":0,"href":"https:\/\/singuli.wpress.me\/index.php\/wp-json\/wp\/v2\/product\/42920\/revisions"}],"wp:attachment":[{"href":"https:\/\/singuli.wpress.me\/index.php\/wp-json\/wp\/v2\/media?parent=42920"}],"wp:term":[{"taxonomy":"product_brand","embeddable":true,"href":"https:\/\/singuli.wpress.me\/index.php\/wp-json\/wp\/v2\/product_brand?post=42920"},{"taxonomy":"product_cat","embeddable":true,"href":"https:\/\/singuli.wpress.me\/index.php\/wp-json\/wp\/v2\/product_cat?post=42920"},{"taxonomy":"product_tag","embeddable":true,"href":"https:\/\/singuli.wpress.me\/index.php\/wp-json\/wp\/v2\/product_tag?post=42920"}],"curies":[{"name":"wp","href":"https:\/\/api.w.org\/{rel}","templated":true}]}}