{"id":42922,"date":"2026-04-19T15:30:28","date_gmt":"2026-04-19T15:30:28","guid":{"rendered":"https:\/\/singuli.wpress.me\/index.php\/proizvod\/fisher-price-igracka-tablet-za-sveznalice-razine-znanja-2\/"},"modified":"2026-04-20T12:33:50","modified_gmt":"2026-04-20T12:33:50","slug":"fisher-price-igracka-tablet-za-sveznalice-razine-znanja-2","status":"publish","type":"product","link":"https:\/\/singuli.wpress.me\/index.php\/proizvod\/fisher-price-igracka-tablet-za-sveznalice-razine-znanja-2\/","title":{"rendered":"FISHER PRICE, igra\u010dka, tablet za sveznalice razine znanja"},"content":{"rendered":"<p>Djetetov prvi tablet koji ga podu\u010dava slovima, prvim rije\u010dima i puno vi\u0161e toga!<\/p>\n<p>Ovaj tablet uklju\u010duje tehnologiju Smart Stages\u2122, nov i uzbudljiv na\u010din za promjenu edukativnog sadr\u017eaja kako dijete raste!<\/p>\n<p>Svako se dijete razvija svojim vlastitim ritmom, a Smart Stages\u2122 tehnologija omogu\u0107uje odabir aktivnosti koje najbolje odgovaraju razvojnoj fazi va\u0161eg djeteta!<\/p>\n<p>Tu je cijeli niz razvojno prilago\u0111enih pjesmica, fraza i zvukova unutar tri razine igre.<\/p>\n<p>Dijete mo\u017ee pritisnuti jednu od 31 aplikacijskih tipki kako bi uklju\u010dila zvukove i glazbu i uklju\u010dila u\u010denje o slovima, prvim rije\u010dima, \u017eivotinjama i puno vi\u0161e toga.<\/p>\n<p>Kako bi bio jo\u0161 zabavniji, zaslon tableta svijetli i treperi uz pjesmice i fraze. <\/p>\n<p>Zna\u010dajke:<\/p>\n<p>\u25cf Upoznaje dijete sa slovima, prvim rije\u010dima, \u017eivotinjama i puno vi\u0161e toga! <\/p>\n<p>\u25cf Puno glazbe, fraza i smije\u0161nih zvukova! <\/p>\n<p>\u25cf Sadr\u017ei tehnologiju Smart Stages\u2122 &#8211; u\u010denje se mijenja kako dijete raste! <\/p>\n<p>\u25cf Tri razine igre donose nove pjesmice, fraze i zvukove za mali\u0161ana.<\/p>\n<p>\u25cf Za rad su potrebne 3 baterije AA .<\/p>\n<p>Razina 1<\/p>\n<p>&#8211; Istra\u017eivanje &#8211; 12 mjeseci i vi\u0161e : Prakti\u010dno istra\u017eivanje nagra\u0111uje se smije\u0161nim zvukovima, frazama i pjesmicama. Dijete mo\u017ee pritisnuti bilo koju tipku abecede kako bi \u010dula prve rije\u010di kao \u0161to je \u201ejabuka\u201d. <\/p>\n<p>Razina 2<\/p>\n<p>&#8211; Poticanje &#8211; 18 mjeseci i vi\u0161e: Ova faza poti\u010de dijete na pronala\u017eenje slova i predmeta! Glazba, zvukovi i glasovne fraze nagra\u0111uju igru. Pritisnite tipku kako bi se \u010dule naredbe kao \u0161to je \u201eProna\u0111i macu\u201d. <\/p>\n<p>Razina 3<\/p>\n<p>&#8211; Gluma &#8211; 24 mjeseci i vi\u0161e: Ba\u0161 kao i pravi tablet, samo zabavniji! Realisti\u010dan tablet s ravnim zaslonom poti\u010de imitiranje i ma\u0161tu kroz rano igranje uloga. \u201eNjihihi! Mo\u017ee\u0161 li nji\u0161tati kao konj?\u201d<\/p>\n<p>Dob djeteta: starost 12-36 mjeseci.<\/p>\n","protected":false},"excerpt":{"rendered":"<p>Uklju\u010duje tehnologiju Smart Stages\u2122<br \/>\n3 razine igre<br \/>\nDob: 12-36m<\/p>\n","protected":false},"featured_media":0,"template":"","meta":{"_seopress_robots_primary_cat":"","_seopress_titles_title":"","_seopress_titles_desc":"","_seopress_robots_index":"","iawp_total_views":0},"product_brand":[458],"product_cat":[221,291],"product_tag":[],"class_list":{"0":"post-42922","1":"product","2":"type-product","3":"status-publish","5":"product_brand-fisher-price","6":"product_cat-igracke","7":"product_cat-igracke-za-djecu-221","9":"first","10":"outofstock","11":"shipping-taxable","12":"purchasable","13":"product-type-simple"},"_links":{"self":[{"href":"https:\/\/singuli.wpress.me\/index.php\/wp-json\/wp\/v2\/product\/42922","targetHints":{"allow":["GET"]}}],"collection":[{"href":"https:\/\/singuli.wpress.me\/index.php\/wp-json\/wp\/v2\/product"}],"about":[{"href":"https:\/\/singuli.wpress.me\/index.php\/wp-json\/wp\/v2\/types\/product"}],"version-history":[{"count":0,"href":"https:\/\/singuli.wpress.me\/index.php\/wp-json\/wp\/v2\/product\/42922\/revisions"}],"wp:attachment":[{"href":"https:\/\/singuli.wpress.me\/index.php\/wp-json\/wp\/v2\/media?parent=42922"}],"wp:term":[{"taxonomy":"product_brand","embeddable":true,"href":"https:\/\/singuli.wpress.me\/index.php\/wp-json\/wp\/v2\/product_brand?post=42922"},{"taxonomy":"product_cat","embeddable":true,"href":"https:\/\/singuli.wpress.me\/index.php\/wp-json\/wp\/v2\/product_cat?post=42922"},{"taxonomy":"product_tag","embeddable":true,"href":"https:\/\/singuli.wpress.me\/index.php\/wp-json\/wp\/v2\/product_tag?post=42922"}],"curies":[{"name":"wp","href":"https:\/\/api.w.org\/{rel}","templated":true}]}}