{"id":42923,"date":"2026-04-19T15:30:29","date_gmt":"2026-04-19T15:30:29","guid":{"rendered":"https:\/\/singuli.wpress.me\/index.php\/proizvod\/braun-silkepil-ls5560-brijaci-aparat\/"},"modified":"2026-04-21T00:27:22","modified_gmt":"2026-04-21T00:27:22","slug":"braun-silkepil-ls5560-brijaci-aparat","status":"publish","type":"product","link":"https:\/\/singuli.wpress.me\/index.php\/proizvod\/braun-silkepil-ls5560-brijaci-aparat\/","title":{"rendered":"BRAUN SilkEpil LS5560, brija\u0107i aparat"},"content":{"rendered":"<p>Braun Silk-\u00e9pil Lady Shaver 5-560 be\u017ei\u010dni je \u017eenski 3-u-1 sustav s brija\u0107im aparatom, trimerom i nastavkom za eksfolijaciju \u2013 za uporabu na nogama, pazusima i bikini-zoni.<br \/>\nEksfolijacijski nastavak tijekom brijanja nje\u017eno uklanja mrtve stanice povr\u0161inskog sloja ko\u017ee za \u0161to gla\u0111e rezultate.<br \/>\nZaobljena se glava prilago\u0111ava obrisima pru\u017eaju\u0107i nje\u017eno brijanje.<br \/>\nTri nastavka: nastavak s trimerom za bikini-zonu i osjetljiva podru\u010dja, nastavak za eksfolijaciju i nastavak za klizanje po ko\u017ei.<br \/>\nBrijanje, podrezivanje i eksfolijacija. Sve u jednom.<br \/>\nBraun Silk-\u00e9pil Lady Shaver je \u017eenski elektri\u010dni brija\u0107i aparat s tri funkcionalnosti: omogu\u0107uje brijanje, podrezivanje dla\u010dica i eksfolijaciju.<br \/>\nPru\u017ea iznimno temeljito i ugodno brijanje, popra\u0107eno nje\u017enom eksfolijacijom za glatke i blistave rezultate.<br \/>\nNje\u017ean je prema ko\u017ei, \u0161to ga \u010dini idealnim za uporabu na osjetljivijim podru\u010djima poput pazuha i bikini-zone.<\/p>\n","protected":false},"excerpt":{"rendered":"<p>Prilago\u0111ava se va\u0161im oblinama<br \/>\n100% vodootporan za lako \u010di\u0161\u0107enje pod teku\u0107om vodom<br \/>\nPomi\u010dna mre\u017eica i trimer, za ugodno, temeljito brijanje s manje pritiska na ko\u017eu<\/p>\n","protected":false},"featured_media":0,"template":"","meta":{"_seopress_robots_primary_cat":"","_seopress_titles_title":"","_seopress_titles_desc":"","_seopress_robots_index":"","iawp_total_views":0},"product_brand":[144],"product_cat":[192,282,281],"product_tag":[],"class_list":{"0":"post-42923","1":"product","2":"type-product","3":"status-publish","5":"product_brand-braun","6":"product_cat-aparati-za-osobnu-njegu","7":"product_cat-aparati-za-zene-281","8":"product_cat-epilatori-i-ipl-192","10":"first","11":"outofstock","12":"shipping-taxable","13":"purchasable","14":"product-type-simple"},"_links":{"self":[{"href":"https:\/\/singuli.wpress.me\/index.php\/wp-json\/wp\/v2\/product\/42923","targetHints":{"allow":["GET"]}}],"collection":[{"href":"https:\/\/singuli.wpress.me\/index.php\/wp-json\/wp\/v2\/product"}],"about":[{"href":"https:\/\/singuli.wpress.me\/index.php\/wp-json\/wp\/v2\/types\/product"}],"version-history":[{"count":0,"href":"https:\/\/singuli.wpress.me\/index.php\/wp-json\/wp\/v2\/product\/42923\/revisions"}],"wp:attachment":[{"href":"https:\/\/singuli.wpress.me\/index.php\/wp-json\/wp\/v2\/media?parent=42923"}],"wp:term":[{"taxonomy":"product_brand","embeddable":true,"href":"https:\/\/singuli.wpress.me\/index.php\/wp-json\/wp\/v2\/product_brand?post=42923"},{"taxonomy":"product_cat","embeddable":true,"href":"https:\/\/singuli.wpress.me\/index.php\/wp-json\/wp\/v2\/product_cat?post=42923"},{"taxonomy":"product_tag","embeddable":true,"href":"https:\/\/singuli.wpress.me\/index.php\/wp-json\/wp\/v2\/product_tag?post=42923"}],"curies":[{"name":"wp","href":"https:\/\/api.w.org\/{rel}","templated":true}]}}