{"id":42928,"date":"2026-04-19T15:30:31","date_gmt":"2026-04-19T15:30:31","guid":{"rendered":"https:\/\/singuli.wpress.me\/index.php\/proizvod\/domo-do9218wk-kuhalo-za-vodu\/"},"modified":"2026-04-20T12:33:50","modified_gmt":"2026-04-20T12:33:50","slug":"domo-do9218wk-kuhalo-za-vodu","status":"publish","type":"product","link":"https:\/\/singuli.wpress.me\/index.php\/proizvod\/domo-do9218wk-kuhalo-za-vodu\/","title":{"rendered":"DOMO DO9218WK, kuhalo za vodu"},"content":{"rendered":"<p>S Domo DO9218WK mo\u017eete brzo i jednostavno staviti \u0161alicu \u010daja na stol!<\/p>\n<p>Zapremninom od 1,2 litre kuhalo za vodu je pogodno za ku\u0107anstvo od 4 osobe. \u010cajnik se na dnu mo\u017ee okretati za 360\u00b0 i ima poklopac od nehr\u0111aju\u0107eg \u010delika. Lijepa zna\u010dajka dizajna je plavo LED svjetlo i stakleno ku\u0107i\u0161te tako da mo\u017eete vidjeti kako voda klju\u010da.<\/p>\n<p>Sigurnost je naravno va\u017ena. Zbog toga je opremljen za\u0161titom od klju\u010danja i automatski se isklju\u010duje kada voda proklju\u010da.<\/p>\n","protected":false},"excerpt":{"rendered":"<p>Za brzu pripremu \u010daja i kave<br \/>\nSvjetlosni indikator upozorit \u0107e vas kada je grija\u010d uklju\u010den<br \/>\nOmogu\u0107uje 360\u00b0 okretanje i automatski se isklju\u010duje kada voda zavrije<\/p>\n","protected":false},"featured_media":0,"template":"","meta":{"_seopress_robots_primary_cat":"","_seopress_titles_title":"","_seopress_titles_desc":"","_seopress_robots_index":"","iawp_total_views":0},"product_brand":[255],"product_cat":[192,267],"product_tag":[],"class_list":{"0":"post-42928","1":"product","2":"type-product","3":"status-publish","5":"product_brand-domo","6":"product_cat-aparati-za-osobnu-njegu","7":"product_cat-zdravstveni-uredaji-192","9":"first","10":"outofstock","11":"shipping-taxable","12":"purchasable","13":"product-type-simple"},"_links":{"self":[{"href":"https:\/\/singuli.wpress.me\/index.php\/wp-json\/wp\/v2\/product\/42928","targetHints":{"allow":["GET"]}}],"collection":[{"href":"https:\/\/singuli.wpress.me\/index.php\/wp-json\/wp\/v2\/product"}],"about":[{"href":"https:\/\/singuli.wpress.me\/index.php\/wp-json\/wp\/v2\/types\/product"}],"version-history":[{"count":0,"href":"https:\/\/singuli.wpress.me\/index.php\/wp-json\/wp\/v2\/product\/42928\/revisions"}],"wp:attachment":[{"href":"https:\/\/singuli.wpress.me\/index.php\/wp-json\/wp\/v2\/media?parent=42928"}],"wp:term":[{"taxonomy":"product_brand","embeddable":true,"href":"https:\/\/singuli.wpress.me\/index.php\/wp-json\/wp\/v2\/product_brand?post=42928"},{"taxonomy":"product_cat","embeddable":true,"href":"https:\/\/singuli.wpress.me\/index.php\/wp-json\/wp\/v2\/product_cat?post=42928"},{"taxonomy":"product_tag","embeddable":true,"href":"https:\/\/singuli.wpress.me\/index.php\/wp-json\/wp\/v2\/product_tag?post=42928"}],"curies":[{"name":"wp","href":"https:\/\/api.w.org\/{rel}","templated":true}]}}