{"id":42934,"date":"2026-04-19T15:30:34","date_gmt":"2026-04-19T15:30:34","guid":{"rendered":"https:\/\/singuli.wpress.me\/index.php\/proizvod\/lavazza-espresso-salica-12-kom-2\/"},"modified":"2026-04-20T12:33:50","modified_gmt":"2026-04-20T12:33:50","slug":"lavazza-espresso-salica-12-kom-2","status":"publish","type":"product","link":"https:\/\/singuli.wpress.me\/index.php\/proizvod\/lavazza-espresso-salica-12-kom-2\/","title":{"rendered":"LAVAZZA Espresso, \u0161alica, 12\u00a0kom"},"content":{"rendered":"<p>\u0160alica donosi <b>eleganciju prozirnosti<\/b>, daju\u0107i profinjeni dodir poslu\u017eivanju kave. Oblikovana je kao <b>skra\u0107eni sto\u017eac<\/b>, \u0161to je idealan dizajn koji poma\u017ee da espresso krema ostane \u010dvrsta i postojana. Dostupno u pakiranju od <b>12 komada<\/b>.<\/p>\n","protected":false},"excerpt":{"rendered":"<p>Prozirna elegancija<br \/>\nSkra\u0107eni sto\u017eac za o\u010duvanje espresso kreme<br \/>\nSet od 12 \u0161alica<\/p>\n","protected":false},"featured_media":0,"template":"","meta":{"_seopress_robots_primary_cat":"","_seopress_titles_title":"","_seopress_titles_desc":"","_seopress_robots_index":"","iawp_total_views":0},"product_brand":[393],"product_cat":[274,238],"product_tag":[],"class_list":{"0":"post-42934","1":"product","2":"type-product","3":"status-publish","5":"product_brand-lavazza","6":"product_cat-kucanski-pribor-238","7":"product_cat-sve-za-dom","9":"first","10":"instock","11":"shipping-taxable","12":"purchasable","13":"product-type-simple"},"_links":{"self":[{"href":"https:\/\/singuli.wpress.me\/index.php\/wp-json\/wp\/v2\/product\/42934","targetHints":{"allow":["GET"]}}],"collection":[{"href":"https:\/\/singuli.wpress.me\/index.php\/wp-json\/wp\/v2\/product"}],"about":[{"href":"https:\/\/singuli.wpress.me\/index.php\/wp-json\/wp\/v2\/types\/product"}],"version-history":[{"count":0,"href":"https:\/\/singuli.wpress.me\/index.php\/wp-json\/wp\/v2\/product\/42934\/revisions"}],"wp:attachment":[{"href":"https:\/\/singuli.wpress.me\/index.php\/wp-json\/wp\/v2\/media?parent=42934"}],"wp:term":[{"taxonomy":"product_brand","embeddable":true,"href":"https:\/\/singuli.wpress.me\/index.php\/wp-json\/wp\/v2\/product_brand?post=42934"},{"taxonomy":"product_cat","embeddable":true,"href":"https:\/\/singuli.wpress.me\/index.php\/wp-json\/wp\/v2\/product_cat?post=42934"},{"taxonomy":"product_tag","embeddable":true,"href":"https:\/\/singuli.wpress.me\/index.php\/wp-json\/wp\/v2\/product_tag?post=42934"}],"curies":[{"name":"wp","href":"https:\/\/api.w.org\/{rel}","templated":true}]}}