{"id":42938,"date":"2026-04-19T15:30:36","date_gmt":"2026-04-19T15:30:36","guid":{"rendered":"https:\/\/singuli.wpress.me\/index.php\/proizvod\/always-zzzs-menstrualne-gacice-12-kom\/"},"modified":"2026-04-21T00:27:22","modified_gmt":"2026-04-21T00:27:22","slug":"always-zzzs-menstrualne-gacice-12-kom","status":"publish","type":"product","link":"https:\/\/singuli.wpress.me\/index.php\/proizvod\/always-zzzs-menstrualne-gacice-12-kom\/","title":{"rendered":"ALWAYS ZZZs, menstrualne ga\u0107ice, 12\u00a0kom"},"content":{"rendered":"<p>Lo\u0161e spavate tijekom mjese\u010dnice jer vas brine da \u0107e vam procuriti? Otkrijte Always ZZZ, ga\u0107ice za mjese\u010dnicu koje nude 360\u00b0 za\u0161titu za bezbri\u017ene no\u0107i. <\/p>\n<p>Jednokratne ga\u0107ice za mjese\u010dnicu Always ZZZ izra\u0111ene su od svilenkasto mekog, prozra\u010dnog materijala. <\/p>\n<p>Upijaju kao 5 ulo\u017eaka Always Ultra. Dizajnirane su tako da pristaju kao donje rublje i ostaju na mjestu.<\/p>\n","protected":false},"excerpt":{"rendered":"<p>360\u00b0 za\u0161tita za bezbri\u017ene no\u0107i<br \/>\nSavr\u0161eno pristaju kao donje rublje<br \/>\nOstaju na mjestu<\/p>\n","protected":false},"featured_media":0,"template":"","meta":{"_seopress_robots_primary_cat":"","_seopress_titles_title":"","_seopress_titles_desc":"","_seopress_robots_index":"","iawp_total_views":0},"product_brand":[449],"product_cat":[211,288],"product_tag":[],"class_list":{"0":"post-42938","1":"product","2":"type-product","3":"status-publish","5":"product_brand-always","6":"product_cat-njega-majke-i-djeteta","7":"product_cat-zenska-higijena-211","9":"first","10":"outofstock","11":"shipping-taxable","12":"purchasable","13":"product-type-simple"},"_links":{"self":[{"href":"https:\/\/singuli.wpress.me\/index.php\/wp-json\/wp\/v2\/product\/42938","targetHints":{"allow":["GET"]}}],"collection":[{"href":"https:\/\/singuli.wpress.me\/index.php\/wp-json\/wp\/v2\/product"}],"about":[{"href":"https:\/\/singuli.wpress.me\/index.php\/wp-json\/wp\/v2\/types\/product"}],"version-history":[{"count":0,"href":"https:\/\/singuli.wpress.me\/index.php\/wp-json\/wp\/v2\/product\/42938\/revisions"}],"wp:attachment":[{"href":"https:\/\/singuli.wpress.me\/index.php\/wp-json\/wp\/v2\/media?parent=42938"}],"wp:term":[{"taxonomy":"product_brand","embeddable":true,"href":"https:\/\/singuli.wpress.me\/index.php\/wp-json\/wp\/v2\/product_brand?post=42938"},{"taxonomy":"product_cat","embeddable":true,"href":"https:\/\/singuli.wpress.me\/index.php\/wp-json\/wp\/v2\/product_cat?post=42938"},{"taxonomy":"product_tag","embeddable":true,"href":"https:\/\/singuli.wpress.me\/index.php\/wp-json\/wp\/v2\/product_tag?post=42938"}],"curies":[{"name":"wp","href":"https:\/\/api.w.org\/{rel}","templated":true}]}}