{"id":42939,"date":"2026-04-19T15:30:36","date_gmt":"2026-04-19T15:30:36","guid":{"rendered":"https:\/\/singuli.wpress.me\/index.php\/proizvod\/encanto-super-drustvena-igra\/"},"modified":"2026-04-20T12:33:50","modified_gmt":"2026-04-20T12:33:50","slug":"encanto-super-drustvena-igra","status":"publish","type":"product","link":"https:\/\/singuli.wpress.me\/index.php\/proizvod\/encanto-super-drustvena-igra\/","title":{"rendered":"ENCANTO Super, dru\u0161tvena igra"},"content":{"rendered":"<p>Ukrcaj se na fantasti\u010dno <span style=\"font-weight: bold\">putovanje sa Encantom i obitelji Madrigal<\/span>! Izazovi svoje prijatelje u utrci do posljednjeg polja. Tko \u0107e pobijediti? <br \/>\nSadr\u017eaj: plo\u010da za igru, 6 figurica sa pripadaju\u0107im stalcima, spinner sa strelicom i \u017eeton na svije\u0107u ; 2-6 igra\u010da  <br \/>\nDob: 5+ godine<\/p>\n","protected":false},"excerpt":{"rendered":"<p>Poti\u010de natjecateljski duh i koordinaciju me\u0111u igra\u010dima, igraju 2-6 igra\u010da<br \/>\nRazvija strate\u0161ko razmi\u0161ljanje, socijalne vje\u0161tine i zabavu kroz timsku igru<br \/>\nDob: 5+ god<\/p>\n","protected":false},"featured_media":0,"template":"","meta":{"_seopress_robots_primary_cat":"","_seopress_titles_title":"","_seopress_titles_desc":"","_seopress_robots_index":"","iawp_total_views":0},"product_brand":[863],"product_cat":[290,221],"product_tag":[],"class_list":{"0":"post-42939","1":"product","2":"type-product","3":"status-publish","5":"product_brand-encanto","6":"product_cat-drustvene-igre-221","7":"product_cat-igracke","9":"first","10":"instock","11":"shipping-taxable","12":"purchasable","13":"product-type-simple"},"_links":{"self":[{"href":"https:\/\/singuli.wpress.me\/index.php\/wp-json\/wp\/v2\/product\/42939","targetHints":{"allow":["GET"]}}],"collection":[{"href":"https:\/\/singuli.wpress.me\/index.php\/wp-json\/wp\/v2\/product"}],"about":[{"href":"https:\/\/singuli.wpress.me\/index.php\/wp-json\/wp\/v2\/types\/product"}],"version-history":[{"count":0,"href":"https:\/\/singuli.wpress.me\/index.php\/wp-json\/wp\/v2\/product\/42939\/revisions"}],"wp:attachment":[{"href":"https:\/\/singuli.wpress.me\/index.php\/wp-json\/wp\/v2\/media?parent=42939"}],"wp:term":[{"taxonomy":"product_brand","embeddable":true,"href":"https:\/\/singuli.wpress.me\/index.php\/wp-json\/wp\/v2\/product_brand?post=42939"},{"taxonomy":"product_cat","embeddable":true,"href":"https:\/\/singuli.wpress.me\/index.php\/wp-json\/wp\/v2\/product_cat?post=42939"},{"taxonomy":"product_tag","embeddable":true,"href":"https:\/\/singuli.wpress.me\/index.php\/wp-json\/wp\/v2\/product_tag?post=42939"}],"curies":[{"name":"wp","href":"https:\/\/api.w.org\/{rel}","templated":true}]}}