{"id":42943,"date":"2026-04-20T00:25:52","date_gmt":"2026-04-20T00:25:52","guid":{"rendered":"https:\/\/singuli.wpress.me\/index.php\/proizvod\/bison-super-pistolj-za-vruce-ljepljenje\/"},"modified":"2026-04-21T00:27:22","modified_gmt":"2026-04-21T00:27:22","slug":"bison-super-pistolj-za-vruce-ljepljenje","status":"publish","type":"product","link":"https:\/\/singuli.wpress.me\/index.php\/proizvod\/bison-super-pistolj-za-vruce-ljepljenje\/","title":{"rendered":"BISON Super, pi\u0161tolj za vru\u0107e ljepljenje"},"content":{"rendered":"<p>Pi\u0161tolj za vru\u0107e lijepljenje koji se koristi za kreativno oblikovanje i poluprofesionalnu upotrebu. <\/p>\n<p>Lijepi mnoge porozne i neporozne materijale u sekundi poput drva, metala, kamena, stakla, plo\u010dica, keramike, ko\u017ee, tekstila i mnogih plastika. S velikim kapacitetom topljenja i pogodan je za samostalne projekte i sve popravke u ku\u0107anstvu. Gotovo sve materijale lijepi brzo, uredno, trajno i pouzdano. Idealno za pri\u010dvr\u0161\u0107ivanje, popravke, izoliranje i brtvljenje. Na primjer tepihe, potplate i potpetice za cipele, letve za monta\u017eu, lajsne ili lijepljenje labavih plo\u010dica. Vi\u0161enamjensko.<\/p>\n<p>Nije prikladno za PE, PP, PTFE, kao i materijale osjetljive na toplinu. Nose\u0107e elemente ili predmete koji su trajno pod optere\u0107enjem.<\/p>\n","protected":false},"excerpt":{"rendered":"<p>Temperatura otapanja: 190\u00b0C<br \/>\nSna\u017eno, brzo i jednostavno<br \/>\nSnaga: 60W<\/p>\n","protected":false},"featured_media":42944,"template":"","meta":{"_seopress_robots_primary_cat":"","_seopress_titles_title":"","_seopress_titles_desc":"","_seopress_robots_index":"","iawp_total_views":0},"product_brand":[494],"product_cat":[264,238],"product_tag":[],"class_list":{"0":"post-42943","1":"product","2":"type-product","3":"status-publish","4":"has-post-thumbnail","6":"product_brand-bison","7":"product_cat-ljepila-i-brtvila-238","8":"product_cat-sve-za-dom","10":"first","11":"outofstock","12":"shipping-taxable","13":"purchasable","14":"product-type-simple"},"_links":{"self":[{"href":"https:\/\/singuli.wpress.me\/index.php\/wp-json\/wp\/v2\/product\/42943","targetHints":{"allow":["GET"]}}],"collection":[{"href":"https:\/\/singuli.wpress.me\/index.php\/wp-json\/wp\/v2\/product"}],"about":[{"href":"https:\/\/singuli.wpress.me\/index.php\/wp-json\/wp\/v2\/types\/product"}],"version-history":[{"count":0,"href":"https:\/\/singuli.wpress.me\/index.php\/wp-json\/wp\/v2\/product\/42943\/revisions"}],"wp:featuredmedia":[{"embeddable":true,"href":"https:\/\/singuli.wpress.me\/index.php\/wp-json\/wp\/v2\/media\/42944"}],"wp:attachment":[{"href":"https:\/\/singuli.wpress.me\/index.php\/wp-json\/wp\/v2\/media?parent=42943"}],"wp:term":[{"taxonomy":"product_brand","embeddable":true,"href":"https:\/\/singuli.wpress.me\/index.php\/wp-json\/wp\/v2\/product_brand?post=42943"},{"taxonomy":"product_cat","embeddable":true,"href":"https:\/\/singuli.wpress.me\/index.php\/wp-json\/wp\/v2\/product_cat?post=42943"},{"taxonomy":"product_tag","embeddable":true,"href":"https:\/\/singuli.wpress.me\/index.php\/wp-json\/wp\/v2\/product_tag?post=42943"}],"curies":[{"name":"wp","href":"https:\/\/api.w.org\/{rel}","templated":true}]}}