{"id":42945,"date":"2026-04-20T00:25:53","date_gmt":"2026-04-20T00:25:53","guid":{"rendered":"https:\/\/singuli.wpress.me\/index.php\/proizvod\/wahl-home-pro-100-combo-sisac\/"},"modified":"2026-04-20T12:33:50","modified_gmt":"2026-04-20T12:33:50","slug":"wahl-home-pro-100-combo-sisac","status":"publish","type":"product","link":"https:\/\/singuli.wpress.me\/index.php\/proizvod\/wahl-home-pro-100-combo-sisac\/","title":{"rendered":"WAHL Home Pro 100 Combo, \u0161i\u0161a\u010d"},"content":{"rendered":"<p>Home Pro 100 dizajniran je za sve koji \u017eele frizuru od ku\u0107e.<\/p>\n<p>Ovaj \u0161i\u0161a\u010d izra\u0111en u Europi ima dug radni vijek zahvaljuju\u0107i sna\u017enom vibracijskom motoru.<\/p>\n","protected":false},"excerpt":{"rendered":"<p>Precizna samoo\u0161trena o\u0161trica za profesionalno podrezivanje<br \/>\n8 nastavaka osiguravaju 8 duljina rezanja od 3 mm do 25 mm<br \/>\nUklju\u010duje be\u017ei\u010dni trimer<\/p>\n","protected":false},"featured_media":42946,"template":"","meta":{"_seopress_robots_primary_cat":"","_seopress_titles_title":"","_seopress_titles_desc":"","_seopress_robots_index":"","iawp_total_views":0},"product_brand":[159],"product_cat":[192,279],"product_tag":[],"class_list":{"0":"post-42945","1":"product","2":"type-product","3":"status-publish","4":"has-post-thumbnail","6":"product_brand-wahl","7":"product_cat-aparati-za-osobnu-njegu","8":"product_cat-brijanje-i-sisanje-192","10":"first","11":"outofstock","12":"shipping-taxable","13":"purchasable","14":"product-type-simple"},"_links":{"self":[{"href":"https:\/\/singuli.wpress.me\/index.php\/wp-json\/wp\/v2\/product\/42945","targetHints":{"allow":["GET"]}}],"collection":[{"href":"https:\/\/singuli.wpress.me\/index.php\/wp-json\/wp\/v2\/product"}],"about":[{"href":"https:\/\/singuli.wpress.me\/index.php\/wp-json\/wp\/v2\/types\/product"}],"version-history":[{"count":0,"href":"https:\/\/singuli.wpress.me\/index.php\/wp-json\/wp\/v2\/product\/42945\/revisions"}],"wp:featuredmedia":[{"embeddable":true,"href":"https:\/\/singuli.wpress.me\/index.php\/wp-json\/wp\/v2\/media\/42946"}],"wp:attachment":[{"href":"https:\/\/singuli.wpress.me\/index.php\/wp-json\/wp\/v2\/media?parent=42945"}],"wp:term":[{"taxonomy":"product_brand","embeddable":true,"href":"https:\/\/singuli.wpress.me\/index.php\/wp-json\/wp\/v2\/product_brand?post=42945"},{"taxonomy":"product_cat","embeddable":true,"href":"https:\/\/singuli.wpress.me\/index.php\/wp-json\/wp\/v2\/product_cat?post=42945"},{"taxonomy":"product_tag","embeddable":true,"href":"https:\/\/singuli.wpress.me\/index.php\/wp-json\/wp\/v2\/product_tag?post=42945"}],"curies":[{"name":"wp","href":"https:\/\/api.w.org\/{rel}","templated":true}]}}