{"id":42961,"date":"2026-04-20T00:25:58","date_gmt":"2026-04-20T00:25:58","guid":{"rendered":"https:\/\/singuli.wpress.me\/index.php\/proizvod\/corena-s2-p-150-ulje-za-klipne-zracne-kompresore-209-l\/"},"modified":"2026-04-20T12:33:50","modified_gmt":"2026-04-20T12:33:50","slug":"corena-s2-p-150-ulje-za-klipne-zracne-kompresore-209-l","status":"publish","type":"product","link":"https:\/\/singuli.wpress.me\/index.php\/proizvod\/corena-s2-p-150-ulje-za-klipne-zracne-kompresore-209-l\/","title":{"rendered":"CORENA S2 P 150, ulje za klipne zra\u010dne kompresore, 209\u00a0l"},"content":{"rendered":"<p>Vrhunska ulja za zra\u010dne kompresore dizajnirana za kvalitetno podmazivanje pri visokim tlakovima u klipnim kompresorima. Prikladna su za ve\u0107inu klipnih zra\u010dnih kompresora \u010dije temperature ispuha dosti\u017eu 220\u00b0C pri visokim tlakovima. Omogu\u0107uju produljenje intervala izmjene izme\u0111u servisa ventila i klipova. Tako\u0111er poma\u017eu za\u0161tititi unutarnje metalne povr\u0161ine od korozije i tro\u0161enja.<\/p>\n<p><span style=\"font-weight: bold\">Specifikacija: <\/span>DIN 51506 VBL, ISO 6743-3A-L DAB, ISO 6743-3A-L DAA normalna optere\u0107enja <\/p>\n","protected":false},"excerpt":{"rendered":"<p>Ulje za zra\u010dne kompresore<br \/>\nZa podmazivanje pri visokim tlakovima u klipnim kompresorima<br \/>\nProduljuje interval izmjene izme\u0111u servisa ventila i klipova<\/p>\n","protected":false},"featured_media":42962,"template":"","meta":{"_seopress_robots_primary_cat":"","_seopress_titles_title":"","_seopress_titles_desc":"","_seopress_robots_index":"","iawp_total_views":0},"product_brand":[461],"product_cat":[243,276],"product_tag":[],"class_list":{"0":"post-42961","1":"product","2":"type-product","3":"status-publish","4":"has-post-thumbnail","6":"product_brand-corena","7":"product_cat-automobili-i-motori","8":"product_cat-industrijska-i-specijalna-ulja-243","10":"first","11":"outofstock","12":"shipping-taxable","13":"purchasable","14":"product-type-simple"},"_links":{"self":[{"href":"https:\/\/singuli.wpress.me\/index.php\/wp-json\/wp\/v2\/product\/42961","targetHints":{"allow":["GET"]}}],"collection":[{"href":"https:\/\/singuli.wpress.me\/index.php\/wp-json\/wp\/v2\/product"}],"about":[{"href":"https:\/\/singuli.wpress.me\/index.php\/wp-json\/wp\/v2\/types\/product"}],"version-history":[{"count":0,"href":"https:\/\/singuli.wpress.me\/index.php\/wp-json\/wp\/v2\/product\/42961\/revisions"}],"wp:featuredmedia":[{"embeddable":true,"href":"https:\/\/singuli.wpress.me\/index.php\/wp-json\/wp\/v2\/media\/42962"}],"wp:attachment":[{"href":"https:\/\/singuli.wpress.me\/index.php\/wp-json\/wp\/v2\/media?parent=42961"}],"wp:term":[{"taxonomy":"product_brand","embeddable":true,"href":"https:\/\/singuli.wpress.me\/index.php\/wp-json\/wp\/v2\/product_brand?post=42961"},{"taxonomy":"product_cat","embeddable":true,"href":"https:\/\/singuli.wpress.me\/index.php\/wp-json\/wp\/v2\/product_cat?post=42961"},{"taxonomy":"product_tag","embeddable":true,"href":"https:\/\/singuli.wpress.me\/index.php\/wp-json\/wp\/v2\/product_tag?post=42961"}],"curies":[{"name":"wp","href":"https:\/\/api.w.org\/{rel}","templated":true}]}}