{"id":42969,"date":"2026-04-20T00:26:01","date_gmt":"2026-04-20T00:26:01","guid":{"rendered":"https:\/\/singuli.wpress.me\/index.php\/proizvod\/domo-do700bl-xpower-blender\/"},"modified":"2026-04-21T00:27:22","modified_gmt":"2026-04-21T00:27:22","slug":"domo-do700bl-xpower-blender","status":"publish","type":"product","link":"https:\/\/singuli.wpress.me\/index.php\/proizvod\/domo-do700bl-xpower-blender\/","title":{"rendered":"DOMO DO700BL XPower, blender"},"content":{"rendered":"<p>Sa sna\u017enim blenderom Domo DO700BL mo\u017eete napraviti ukusan smoothie u bilo kojem trenutku. Napunite veliku \u0161alicu ili 1 od dvije male \u0161alice svojim omiljenim sastojcima, okrenite sklop s o\u0161tricom i stavite je na blender. Dr\u017eite gumb dok ne ispijete pi\u0107e posti\u017ee \u017eeljenu konzistenciju. Koristite li tvr\u0111e komade vo\u0107a ili povr\u0107a? Nakratko otpustite gumb. To daje sastojcima vremena da se vrate na o\u0161tricu prije ponovnog mije\u0161anja kako bi se osigurao glatki smoothie.<\/p>\n","protected":false},"excerpt":{"rendered":"<p>Izdr\u017eljiva boca za vi\u0161ekratnu upotrebu, ne upija okus i miris, pogodna za perilicu posu\u0111a<br \/>\nBoca za mije\u0161anje i pi\u0107e u jednom<br \/>\nSavr\u0161eno za drobljenje leda, mije\u0161anih ora\u0161astih plodova, sjemenki i smrznutog vo\u0107a<\/p>\n","protected":false},"featured_media":42970,"template":"","meta":{"_seopress_robots_primary_cat":"","_seopress_titles_title":"","_seopress_titles_desc":"","_seopress_robots_index":"","iawp_total_views":0},"product_brand":[255],"product_cat":[192,267],"product_tag":[],"class_list":{"0":"post-42969","1":"product","2":"type-product","3":"status-publish","4":"has-post-thumbnail","6":"product_brand-domo","7":"product_cat-aparati-za-osobnu-njegu","8":"product_cat-zdravstveni-uredaji-192","10":"first","11":"outofstock","12":"shipping-taxable","13":"purchasable","14":"product-type-simple"},"_links":{"self":[{"href":"https:\/\/singuli.wpress.me\/index.php\/wp-json\/wp\/v2\/product\/42969","targetHints":{"allow":["GET"]}}],"collection":[{"href":"https:\/\/singuli.wpress.me\/index.php\/wp-json\/wp\/v2\/product"}],"about":[{"href":"https:\/\/singuli.wpress.me\/index.php\/wp-json\/wp\/v2\/types\/product"}],"version-history":[{"count":0,"href":"https:\/\/singuli.wpress.me\/index.php\/wp-json\/wp\/v2\/product\/42969\/revisions"}],"wp:featuredmedia":[{"embeddable":true,"href":"https:\/\/singuli.wpress.me\/index.php\/wp-json\/wp\/v2\/media\/42970"}],"wp:attachment":[{"href":"https:\/\/singuli.wpress.me\/index.php\/wp-json\/wp\/v2\/media?parent=42969"}],"wp:term":[{"taxonomy":"product_brand","embeddable":true,"href":"https:\/\/singuli.wpress.me\/index.php\/wp-json\/wp\/v2\/product_brand?post=42969"},{"taxonomy":"product_cat","embeddable":true,"href":"https:\/\/singuli.wpress.me\/index.php\/wp-json\/wp\/v2\/product_cat?post=42969"},{"taxonomy":"product_tag","embeddable":true,"href":"https:\/\/singuli.wpress.me\/index.php\/wp-json\/wp\/v2\/product_tag?post=42969"}],"curies":[{"name":"wp","href":"https:\/\/api.w.org\/{rel}","templated":true}]}}