{"id":42981,"date":"2026-04-20T00:26:05","date_gmt":"2026-04-20T00:26:05","guid":{"rendered":"https:\/\/singuli.wpress.me\/index.php\/proizvod\/bison-ljepilo-za-staklo-2-ml\/"},"modified":"2026-04-20T12:33:50","modified_gmt":"2026-04-20T12:33:50","slug":"bison-ljepilo-za-staklo-2-ml","status":"publish","type":"product","link":"https:\/\/singuli.wpress.me\/index.php\/proizvod\/bison-ljepilo-za-staklo-2-ml\/","title":{"rendered":"BISON, ljepilo, za staklo, 2\u00a0ml"},"content":{"rendered":"<p>Brzo, potpuno prozirno, vodootporno ljepilo za staklo. <\/p>\n<p>Lijepi staklo i kristal za sebe i za metal. Idealno za lijepljenje i popravak staklenih i kristalnih predmeta, kao \u0161to su vaze, \u010da\u0161e, bokali, kipovi, zdjele, vitrine, stakleni stolovi, svjetiljke i okviri.<\/p>\n<p>Otporno na pranje u perilici posu\u0111a.<\/p>\n<p>Nije prikladno za akvariji, laminirano sigurnosno (vjetrobransko) staklo i tonirano staklo.<\/p>\n<p>Uvjeti skladi\u0161tenja: \u010cuvajte na suhom i hladnom mjestu na kojem ne dolazi do smrzavanja.<\/p>\n","protected":false},"excerpt":{"rendered":"<p>Stvrdnjava se pod UV svjetlom<br \/>\nTransparentno, potpuno prozirno<br \/>\nVodootporno<\/p>\n","protected":false},"featured_media":42982,"template":"","meta":{"_seopress_robots_primary_cat":"","_seopress_titles_title":"","_seopress_titles_desc":"","_seopress_robots_index":"","iawp_total_views":0},"product_brand":[494],"product_cat":[264,238],"product_tag":[],"class_list":{"0":"post-42981","1":"product","2":"type-product","3":"status-publish","4":"has-post-thumbnail","6":"product_brand-bison","7":"product_cat-ljepila-i-brtvila-238","8":"product_cat-sve-za-dom","10":"first","11":"outofstock","12":"shipping-taxable","13":"purchasable","14":"product-type-simple"},"_links":{"self":[{"href":"https:\/\/singuli.wpress.me\/index.php\/wp-json\/wp\/v2\/product\/42981","targetHints":{"allow":["GET"]}}],"collection":[{"href":"https:\/\/singuli.wpress.me\/index.php\/wp-json\/wp\/v2\/product"}],"about":[{"href":"https:\/\/singuli.wpress.me\/index.php\/wp-json\/wp\/v2\/types\/product"}],"version-history":[{"count":0,"href":"https:\/\/singuli.wpress.me\/index.php\/wp-json\/wp\/v2\/product\/42981\/revisions"}],"wp:featuredmedia":[{"embeddable":true,"href":"https:\/\/singuli.wpress.me\/index.php\/wp-json\/wp\/v2\/media\/42982"}],"wp:attachment":[{"href":"https:\/\/singuli.wpress.me\/index.php\/wp-json\/wp\/v2\/media?parent=42981"}],"wp:term":[{"taxonomy":"product_brand","embeddable":true,"href":"https:\/\/singuli.wpress.me\/index.php\/wp-json\/wp\/v2\/product_brand?post=42981"},{"taxonomy":"product_cat","embeddable":true,"href":"https:\/\/singuli.wpress.me\/index.php\/wp-json\/wp\/v2\/product_cat?post=42981"},{"taxonomy":"product_tag","embeddable":true,"href":"https:\/\/singuli.wpress.me\/index.php\/wp-json\/wp\/v2\/product_tag?post=42981"}],"curies":[{"name":"wp","href":"https:\/\/api.w.org\/{rel}","templated":true}]}}