{"id":42983,"date":"2026-04-20T00:26:06","date_gmt":"2026-04-20T00:26:06","guid":{"rendered":"https:\/\/singuli.wpress.me\/index.php\/proizvod\/helix-hx7-5w40-sn-motorno-ulje-za-osobna-vozila-12x1l-12-l\/"},"modified":"2026-04-20T12:33:50","modified_gmt":"2026-04-20T12:33:50","slug":"helix-hx7-5w40-sn-motorno-ulje-za-osobna-vozila-12x1l-12-l","status":"publish","type":"product","link":"https:\/\/singuli.wpress.me\/index.php\/proizvod\/helix-hx7-5w40-sn-motorno-ulje-za-osobna-vozila-12x1l-12-l\/","title":{"rendered":"HELIX HX7 5W40 SN+, motorno ulje za osobna vozila, 12x1l, 12\u00a0l"},"content":{"rendered":"<p>Motorno ulje sinteti\u010dke tehnologije \u2013 poma\u017ee u odr\u017eavanju \u010disto\u0107e i u\u010dinkovitost rada motora. <\/p>\n<p>Pogodan je za \u0161irok izbor modernih vozila koja se koriste u zahtjevnim prometnim uvjetima. <\/p>\n<p>Prikladno koristiti za benzinske motori s turbopunja\u010dem i izravnim ubrizgavanjem koji su osjetljivi na LSPI efekt (preuranjeno paljenje pri niskom broju okretaja i velikom optere\u0107enju).<br \/>\n<span style=\"font-weight: bold\"><br \/>\nSpecifikacija:<\/span> API SN PLUS, API SN, ACEA: A3\/B4, MB odobrenje: 229.3, VW: 502.00\/505.00, Renault: RN 0700, 0710, Fiat 9.55535-M2.<\/p>\n","protected":false},"excerpt":{"rendered":"<p>Sprje\u010dava stvaranje naslaga<br \/>\nZa\u0161tita najnovijih benzinskih motora s izravnim ubrizgavanjem s turbopunja\u010dem<br \/>\nSpecifikacija u opisu<\/p>\n","protected":false},"featured_media":42984,"template":"","meta":{"_seopress_robots_primary_cat":"","_seopress_titles_title":"","_seopress_titles_desc":"","_seopress_robots_index":"","iawp_total_views":0},"product_brand":[398],"product_cat":[243,272],"product_tag":[],"class_list":{"0":"post-42983","1":"product","2":"type-product","3":"status-publish","4":"has-post-thumbnail","6":"product_brand-helix","7":"product_cat-automobili-i-motori","8":"product_cat-motorna-ulja-243","10":"first","11":"instock","12":"shipping-taxable","13":"purchasable","14":"product-type-simple"},"_links":{"self":[{"href":"https:\/\/singuli.wpress.me\/index.php\/wp-json\/wp\/v2\/product\/42983","targetHints":{"allow":["GET"]}}],"collection":[{"href":"https:\/\/singuli.wpress.me\/index.php\/wp-json\/wp\/v2\/product"}],"about":[{"href":"https:\/\/singuli.wpress.me\/index.php\/wp-json\/wp\/v2\/types\/product"}],"version-history":[{"count":0,"href":"https:\/\/singuli.wpress.me\/index.php\/wp-json\/wp\/v2\/product\/42983\/revisions"}],"wp:featuredmedia":[{"embeddable":true,"href":"https:\/\/singuli.wpress.me\/index.php\/wp-json\/wp\/v2\/media\/42984"}],"wp:attachment":[{"href":"https:\/\/singuli.wpress.me\/index.php\/wp-json\/wp\/v2\/media?parent=42983"}],"wp:term":[{"taxonomy":"product_brand","embeddable":true,"href":"https:\/\/singuli.wpress.me\/index.php\/wp-json\/wp\/v2\/product_brand?post=42983"},{"taxonomy":"product_cat","embeddable":true,"href":"https:\/\/singuli.wpress.me\/index.php\/wp-json\/wp\/v2\/product_cat?post=42983"},{"taxonomy":"product_tag","embeddable":true,"href":"https:\/\/singuli.wpress.me\/index.php\/wp-json\/wp\/v2\/product_tag?post=42983"}],"curies":[{"name":"wp","href":"https:\/\/api.w.org\/{rel}","templated":true}]}}