{"id":42994,"date":"2026-04-20T00:26:10","date_gmt":"2026-04-20T00:26:10","guid":{"rendered":"https:\/\/singuli.wpress.me\/index.php\/proizvod\/braun-multigroomer-mgk7320-trimer-brada-sisac-10u1\/"},"modified":"2026-04-20T12:33:50","modified_gmt":"2026-04-20T12:33:50","slug":"braun-multigroomer-mgk7320-trimer-brada-sisac-10u1","status":"publish","type":"product","link":"https:\/\/singuli.wpress.me\/index.php\/proizvod\/braun-multigroomer-mgk7320-trimer-brada-sisac-10u1\/","title":{"rendered":"BRAUN Multigroomer MGK7320, trimer brada\/\u0161i\u0161a\u010d, 10u1"},"content":{"rendered":"<p><span style=\"font-weight: bold\">Braun MGK7320 10-u-1 trimer<\/span> za mu\u0161ku bradu je sve-u-jednom aparat za \u0161i\u0161anje i trimer za tijelo, lice i kosu<\/p>\n<p>&#8211; 10 u 1: Braun MGK7 komplet za mu\u0161ku njegu brade i tijela podrezuje kosu svih duljina. Od \u0161i\u0161anja brade i dla\u010dica na licu do \u0161i\u0161anja dla\u010dica u u\u0161ima i nosu te \u0161i\u0161anja i \u0161i\u0161anja dla\u010dica na tijelu.<br \/>\n&#8211; O\u0161trije. Br\u017ee. U\u010dinkovitije. Glava trimera ima \u0161ire podru\u010dje rezanja za rezanje vi\u0161e dlaka u svakom potezu. Pobrinite se za svoj izgled u manje poteza.<br \/>\n&#8211; 100% kontrola od glave do pete: AutoSense motor i precizni \u010de\u0161alj s 20% manje plastike \u010dine podrezivanje bez napora &#8211; bez obzira radi li se o brkovima, kozjoj bradici, trodnevnoj bradi ili dlakama na tijelu.<br \/>\n&#8211; Napravljen da traje: ovaj mu\u0161ki trimer za tijelo i bradu ima o\u0161trice koje ostaju o\u0161tre tijekom cijelog \u017eivotnog vijeka ure\u0111aja &#8211; za jednostavno, ravnomjerno i u\u010dinkovito \u0161i\u0161anje i dotjerivanje bilo koje duljine.<br \/>\n&#8211; Napredni njema\u010dki in\u017eenjering: 100% vodootporan, sa sna\u017enom litij-ionskom baterijom za 100 minuta rada.<\/p>\n<p><span style=\"font-weight: bold\">Sadr\u017eaj kutije:<\/span><br \/>\n1 \u00d7 trimer za bradu i kosu<br \/>\n1 \u00d7 trimer za dla\u010dice u u\u0161ima i nosu<br \/>\n1 \u00d7 precizni trimer<br \/>\n1 x glava za ure\u0111ivanje tijela<br \/>\n4 \u00d7 nastavak \u2013 \u010de\u0161alj<br \/>\n1 \u00d7 mini aparat za brijanje s mre\u017eicom<br \/>\n1 \u00d7 brija\u010d Gillette<br \/>\n1 \u00d7 \u010detka za \u010di\u0161\u0107enje<br \/>\n1 \u00d7 mekana vre\u0107ica<br \/>\n1 \u00d7 punja\u010d sa pametnim utika\u010dem<br \/>\n1 \u00d7 stalak za punjenje<br \/>\n1 \u00d7 korisni\u010dki priru\u010dnik<\/p>\n<p><span style=\"font-weight: bold\">O\u0161trije. Br\u017ee. U\u010dinkovitije.<\/span><br \/>\n\u0160ire podru\u010dje rezanja glave trimera hvata i re\u017ee vi\u0161e dlaka u svakom potezu nego bilo koji prethodni Braun trimer. Pobrinite se za svoj izgled u manje poteza.<\/p>\n<p><span style=\"font-weight: bold\">Jednostavna preciznost za va\u0161 stil<\/span><br \/>\nNjema\u010dki dizajn koji je napravljen da traje. Sa \u0161irim podru\u010djem rezanja za postizanje \u017eeljenog izgleda s manje poteza.<\/p>\n<p><span style=\"font-weight: bold\">Kratke do duge brade<\/span><br \/>\nKratki i dugi dodaci poma\u017eu u odr\u017eavanju kratke i duge brade (0,5-21 mm).<\/p>\n<p><span style=\"font-weight: bold\">Kondicioniranje tijela<\/span><br \/>\nSigurno upravljajte dlakama na svim dijelovima tijela, od pazuha do prsa i prepona.<\/p>\n<p><span style=\"font-weight: bold\">\u0160i\u0161anje kose<\/span><br \/>\nO\u0161i\u0161ajte kosu na \u017eeljenu duljinu &#8211; od 0,5 do 21 mm &#8211; s dva dvonamjenska podesiva nastavka za nje\u017eno rezanje.<\/p>\n<p><span style=\"font-weight: bold\">Konturiranje i precizno podrezivanje<\/span><br \/>\nNapravite precizne linije i rubove na vratu i obrazima s Braun glavom trimera za bradu.<\/p>\n<p><span style=\"font-weight: bold\">Oblik i stil bez obzira na duljinu brade<\/span><br \/>\nBraunova inovativna tehnologija AutoSense prilago\u0111ava snagu duljini i debljini brade, omogu\u0107uju\u0107i podrezivanje bez napora bez obzira na vrstu i stil brade.<\/p>\n<p><span style=\"font-weight: bold\">Perivo i vodootporno<\/span><br \/>\nSiguran za kori\u0161tenje pod tu\u0161em, lako se \u010disti pod mlazom vode.<\/p>\n<p><span style=\"font-weight: bold\">Dugotrajna litij-ionska baterija<\/span><br \/>\n100 minuta podrezivanja. Potpuno napunjen za 1 sat. 5-minutno brzo punjenje za jedno ure\u0111ivanje.<\/p>\n<p><span style=\"font-weight: bold\">Ultimativni komplet za makeover<\/span><br \/>\nVrhunski sveobuhvatni paket za ure\u0111ivanje koji vam poma\u017ee izvr\u0161iti 10 zadataka s jednim ure\u0111ajem.<\/p>\n<p><span style=\"font-weight: bold\">Tehni\u010dki detalji:<\/span><br \/>\n&#8211; Vrijeme kori\u0161tenja: 100 minuta<br \/>\n&#8211; Vrijeme punjenja: 1 sat<br \/>\n&#8211; AutoSense tehnologija<br \/>\n&#8211; Oprano<br \/>\n&#8211; Glava za podrezivanje dla\u010dica u u\u0161ima i nosu<br \/>\n&#8211; Precizna glava za obrezivanje i glava za ure\u0111ivanje tijela<br \/>\n&#8211; \u0160ire podru\u010dje rezanja koje zahva\u0107a vi\u0161e dlaka<br \/>\n&#8211; Potpuno metalna o\u0161trica<br \/>\n&#8211; Mini aparat za brijanje s mre\u017eicom<\/p>\n","protected":false},"excerpt":{"rendered":"<p>Mu\u0161ki komplet za njegu brade i tijela 10 u 1<br \/>\nO\u0161triji. Br\u017ee. U\u010dinkovitije<br \/>\n100% vodootporan, sa sna\u017enom litij-ionskom baterijom za 100 minuta rada<\/p>\n","protected":false},"featured_media":42995,"template":"","meta":{"_seopress_robots_primary_cat":"","_seopress_titles_title":"","_seopress_titles_desc":"","_seopress_robots_index":"","iawp_total_views":0},"product_brand":[144],"product_cat":[280,192,279],"product_tag":[],"class_list":{"0":"post-42994","1":"product","2":"type-product","3":"status-publish","4":"has-post-thumbnail","6":"product_brand-braun","7":"product_cat-aparati-za-muskarce-279","8":"product_cat-aparati-za-osobnu-njegu","9":"product_cat-brijanje-i-sisanje-192","11":"first","12":"outofstock","13":"shipping-taxable","14":"purchasable","15":"product-type-simple"},"_links":{"self":[{"href":"https:\/\/singuli.wpress.me\/index.php\/wp-json\/wp\/v2\/product\/42994","targetHints":{"allow":["GET"]}}],"collection":[{"href":"https:\/\/singuli.wpress.me\/index.php\/wp-json\/wp\/v2\/product"}],"about":[{"href":"https:\/\/singuli.wpress.me\/index.php\/wp-json\/wp\/v2\/types\/product"}],"version-history":[{"count":0,"href":"https:\/\/singuli.wpress.me\/index.php\/wp-json\/wp\/v2\/product\/42994\/revisions"}],"wp:featuredmedia":[{"embeddable":true,"href":"https:\/\/singuli.wpress.me\/index.php\/wp-json\/wp\/v2\/media\/42995"}],"wp:attachment":[{"href":"https:\/\/singuli.wpress.me\/index.php\/wp-json\/wp\/v2\/media?parent=42994"}],"wp:term":[{"taxonomy":"product_brand","embeddable":true,"href":"https:\/\/singuli.wpress.me\/index.php\/wp-json\/wp\/v2\/product_brand?post=42994"},{"taxonomy":"product_cat","embeddable":true,"href":"https:\/\/singuli.wpress.me\/index.php\/wp-json\/wp\/v2\/product_cat?post=42994"},{"taxonomy":"product_tag","embeddable":true,"href":"https:\/\/singuli.wpress.me\/index.php\/wp-json\/wp\/v2\/product_tag?post=42994"}],"curies":[{"name":"wp","href":"https:\/\/api.w.org\/{rel}","templated":true}]}}