{"id":43000,"date":"2026-04-20T00:26:13","date_gmt":"2026-04-20T00:26:13","guid":{"rendered":"https:\/\/singuli.wpress.me\/index.php\/proizvod\/natureta-hren-s-vrhnjem-180-g\/"},"modified":"2026-04-20T12:33:50","modified_gmt":"2026-04-20T12:33:50","slug":"natureta-hren-s-vrhnjem-180-g","status":"publish","type":"product","link":"https:\/\/singuli.wpress.me\/index.php\/proizvod\/natureta-hren-s-vrhnjem-180-g\/","title":{"rendered":"NATURETA, hren, s vrhnjem, 180\u00a0g"},"content":{"rendered":"<p>Zbog svog sna\u017enog okusa, njegovo se korijenje od davnina koristi u ljudskoj medicini, a danas je neizostavno posebno za sve\u010dana jela, kao prilog mesnim delicijama. <\/p>\n<p>Savr\u0161eno se sla\u017ee sa svim vrstama kobasica, suhim i pe\u010denim mesom, a odli\u010dan je i s toplim umakom od hrena koji savr\u0161eno ide uz kuhanu junetinu. <\/p>\n<p>Za sve vas koji ba\u0161 i niste ba\u0161 odu\u0161evljeni jakim okusima, u Natureti smo pripremili bla\u017eu varijantu hrena &#8211; dodali smo ne\u0161to da ubla\u017eimo njegov jak okus.<\/p>\n","protected":false},"excerpt":{"rendered":"<p>Bla\u017ea varijanta hrena<br \/>\nOdli\u010dan uz razne kombinacije<br \/>\nIzvrstan okus<\/p>\n","protected":false},"featured_media":43001,"template":"","meta":{"_seopress_robots_primary_cat":"","_seopress_titles_title":"","_seopress_titles_desc":"","_seopress_robots_index":"","iawp_total_views":0},"product_brand":[811],"product_cat":[261,299],"product_tag":[],"class_list":{"0":"post-43000","1":"product","2":"type-product","3":"status-publish","4":"has-post-thumbnail","6":"product_brand-natureta","7":"product_cat-hrana-i-pice","8":"product_cat-konzervirana-i-gotova-hrana-261","10":"first","11":"outofstock","12":"shipping-taxable","13":"purchasable","14":"product-type-simple"},"_links":{"self":[{"href":"https:\/\/singuli.wpress.me\/index.php\/wp-json\/wp\/v2\/product\/43000","targetHints":{"allow":["GET"]}}],"collection":[{"href":"https:\/\/singuli.wpress.me\/index.php\/wp-json\/wp\/v2\/product"}],"about":[{"href":"https:\/\/singuli.wpress.me\/index.php\/wp-json\/wp\/v2\/types\/product"}],"version-history":[{"count":0,"href":"https:\/\/singuli.wpress.me\/index.php\/wp-json\/wp\/v2\/product\/43000\/revisions"}],"wp:featuredmedia":[{"embeddable":true,"href":"https:\/\/singuli.wpress.me\/index.php\/wp-json\/wp\/v2\/media\/43001"}],"wp:attachment":[{"href":"https:\/\/singuli.wpress.me\/index.php\/wp-json\/wp\/v2\/media?parent=43000"}],"wp:term":[{"taxonomy":"product_brand","embeddable":true,"href":"https:\/\/singuli.wpress.me\/index.php\/wp-json\/wp\/v2\/product_brand?post=43000"},{"taxonomy":"product_cat","embeddable":true,"href":"https:\/\/singuli.wpress.me\/index.php\/wp-json\/wp\/v2\/product_cat?post=43000"},{"taxonomy":"product_tag","embeddable":true,"href":"https:\/\/singuli.wpress.me\/index.php\/wp-json\/wp\/v2\/product_tag?post=43000"}],"curies":[{"name":"wp","href":"https:\/\/api.w.org\/{rel}","templated":true}]}}