{"id":43002,"date":"2026-04-20T00:26:13","date_gmt":"2026-04-20T00:26:13","guid":{"rendered":"https:\/\/singuli.wpress.me\/index.php\/proizvod\/domo-do726bl-kuhalo-za-juhu\/"},"modified":"2026-04-20T12:33:50","modified_gmt":"2026-04-20T12:33:50","slug":"domo-do726bl-kuhalo-za-juhu","status":"publish","type":"product","link":"https:\/\/singuli.wpress.me\/index.php\/proizvod\/domo-do726bl-kuhalo-za-juhu\/","title":{"rendered":"DOMO DO726BL, kuhalo, za juhu"},"content":{"rendered":"<p>Priprema svje\u017ee juhe nikad nije bila lak\u0161a uz Domo DO726BL. Stavite sastojke u kuhalo za juhu i odaberite jedan od 8 \u017eeljenih programa. Koristite program \u201eGlatko\u201c; kuhalo se zagrijava, kuha povr\u0107e i mije\u0161a. Pripremite toplu juhu za poslu\u017eivanje za nekoliko minuta!<br \/>\nMo\u017eete odabrati i pripremu juhe s krupnijim komadima. Povr\u0107e nare\u017eite na \u017eeljenu veli\u010dinu, kuhalo za juhu vi\u0161e ne\u0107e mije\u0161ati juhu. <br \/>\nMe\u0111utim, ako \u017eelite pripremiti bilo koji drugi umak ili pi\u0107e, upotrijebite odgovaraju\u0107u funkciju. Kuhalo ne\u0107e zagrijavati sastojke. Na primjer, napravite ukusan smoothie ili milkshake!<\/p>\n","protected":false},"excerpt":{"rendered":"<p>No\u017eevi od nehr\u0111aju\u0107eg \u010delika sa 4 o\u0161trice<br \/>\n8 programa: glatko (Smooth), Chunky, soja\/mlijeko, kompoti, umaci, zeleni smoothie, milkshake, drobljeni led<br \/>\nStaklena posuda otporna na toplinu<\/p>\n","protected":false},"featured_media":43003,"template":"","meta":{"_seopress_robots_primary_cat":"","_seopress_titles_title":"","_seopress_titles_desc":"","_seopress_robots_index":"","iawp_total_views":0},"product_brand":[255],"product_cat":[192,267],"product_tag":[],"class_list":{"0":"post-43002","1":"product","2":"type-product","3":"status-publish","4":"has-post-thumbnail","6":"product_brand-domo","7":"product_cat-aparati-za-osobnu-njegu","8":"product_cat-zdravstveni-uredaji-192","10":"first","11":"outofstock","12":"shipping-taxable","13":"purchasable","14":"product-type-simple"},"_links":{"self":[{"href":"https:\/\/singuli.wpress.me\/index.php\/wp-json\/wp\/v2\/product\/43002","targetHints":{"allow":["GET"]}}],"collection":[{"href":"https:\/\/singuli.wpress.me\/index.php\/wp-json\/wp\/v2\/product"}],"about":[{"href":"https:\/\/singuli.wpress.me\/index.php\/wp-json\/wp\/v2\/types\/product"}],"version-history":[{"count":0,"href":"https:\/\/singuli.wpress.me\/index.php\/wp-json\/wp\/v2\/product\/43002\/revisions"}],"wp:featuredmedia":[{"embeddable":true,"href":"https:\/\/singuli.wpress.me\/index.php\/wp-json\/wp\/v2\/media\/43003"}],"wp:attachment":[{"href":"https:\/\/singuli.wpress.me\/index.php\/wp-json\/wp\/v2\/media?parent=43002"}],"wp:term":[{"taxonomy":"product_brand","embeddable":true,"href":"https:\/\/singuli.wpress.me\/index.php\/wp-json\/wp\/v2\/product_brand?post=43002"},{"taxonomy":"product_cat","embeddable":true,"href":"https:\/\/singuli.wpress.me\/index.php\/wp-json\/wp\/v2\/product_cat?post=43002"},{"taxonomy":"product_tag","embeddable":true,"href":"https:\/\/singuli.wpress.me\/index.php\/wp-json\/wp\/v2\/product_tag?post=43002"}],"curies":[{"name":"wp","href":"https:\/\/api.w.org\/{rel}","templated":true}]}}