{"id":43012,"date":"2026-04-20T00:26:17","date_gmt":"2026-04-20T00:26:17","guid":{"rendered":"https:\/\/singuli.wpress.me\/index.php\/proizvod\/pampers-pants-paw-patrol-pelene-gacice-velicina-5-12-17kg-65-kom\/"},"modified":"2026-04-20T12:33:50","modified_gmt":"2026-04-20T12:33:50","slug":"pampers-pants-paw-patrol-pelene-gacice-velicina-5-12-17kg-65-kom","status":"publish","type":"product","link":"https:\/\/singuli.wpress.me\/index.php\/proizvod\/pampers-pants-paw-patrol-pelene-gacice-velicina-5-12-17kg-65-kom\/","title":{"rendered":"PAMPERS Pants Paw Patrol, pelene &#8211; ga\u0107ice, Veli\u010dina 5, 12-17kg, 65\u00a0kom"},"content":{"rendered":"<p>Otkrijte izdanje pelena-ga\u0107ica Pampers DC Superheroes! Pelene-ga\u0107ice Pampers s motivima superjunaka imaju revolucionarni d\u017eep STOP &amp; PROTECT koji u kombinaciji s prianjanjem 360\u00b0 Comfort Fit pru\u017ea do 12 sati za\u0161tite od zlo\u010destog propu\u0161tanja i to sa svih strana! Imaju i iznimno upijaju\u0107u jezgru koja odmah upija vla\u017enost, a dvostruke trakice uz noge poma\u017eu sprije\u010diti propu\u0161tanje oko nogica. <\/p>\n<p>Kada se beba po\u010dne migoljiti tijekom presvla\u010denja, rje\u0161enje su pelene-ga\u0107ice Pampers Pants koje se zahvaljuju\u0107i potpuno rastezlijvom pojasu navla\u010de u samo jednom potezu. Lako se i skidaju: samo ih potrgate sa strana, skinete, zamotate, zalijepite trakicom i odlo\u017eite.<\/p>\n<p>Kao i vama, Pampersu je sigurnost va\u0161e bebe na prvom mjestu: Pampers Pants sadr\u017ee 0% mirisnih alergena koje je EU izdvojila kao potencijalno opasne (prema Uredbi EU o kozmeti\u010dkim proizvodima br. 1223\/2009) i odobrili su ih dermatolozi iz udru\u017eenja Skin Health Alliance.\u017delite li doznati vi\u0161e o komponentama? Posjetite pampers.com.hr<\/p>\n","protected":false},"excerpt":{"rendered":"<p>Jednostavno mijenjanje: navucite jednim potezom<br \/>\nIzuzetno mo\u0107na upijaju\u0107a jezgra: u trenu upija teku\u0107inu, za do 12 sati za\u0161tite od propu\u0161tanja<br \/>\nDvostruke trakice uz noge poma\u017eu sprije\u010diti propu\u0161tanja oko nogu<\/p>\n","protected":false},"featured_media":43013,"template":"","meta":{"_seopress_robots_primary_cat":"","_seopress_titles_title":"","_seopress_titles_desc":"","_seopress_robots_index":"","iawp_total_views":0},"product_brand":[444],"product_cat":[211,310],"product_tag":[],"class_list":{"0":"post-43012","1":"product","2":"type-product","3":"status-publish","4":"has-post-thumbnail","6":"product_brand-pampers","7":"product_cat-njega-majke-i-djeteta","8":"product_cat-pelene-211","10":"first","11":"outofstock","12":"shipping-taxable","13":"purchasable","14":"product-type-simple"},"_links":{"self":[{"href":"https:\/\/singuli.wpress.me\/index.php\/wp-json\/wp\/v2\/product\/43012","targetHints":{"allow":["GET"]}}],"collection":[{"href":"https:\/\/singuli.wpress.me\/index.php\/wp-json\/wp\/v2\/product"}],"about":[{"href":"https:\/\/singuli.wpress.me\/index.php\/wp-json\/wp\/v2\/types\/product"}],"version-history":[{"count":0,"href":"https:\/\/singuli.wpress.me\/index.php\/wp-json\/wp\/v2\/product\/43012\/revisions"}],"wp:featuredmedia":[{"embeddable":true,"href":"https:\/\/singuli.wpress.me\/index.php\/wp-json\/wp\/v2\/media\/43013"}],"wp:attachment":[{"href":"https:\/\/singuli.wpress.me\/index.php\/wp-json\/wp\/v2\/media?parent=43012"}],"wp:term":[{"taxonomy":"product_brand","embeddable":true,"href":"https:\/\/singuli.wpress.me\/index.php\/wp-json\/wp\/v2\/product_brand?post=43012"},{"taxonomy":"product_cat","embeddable":true,"href":"https:\/\/singuli.wpress.me\/index.php\/wp-json\/wp\/v2\/product_cat?post=43012"},{"taxonomy":"product_tag","embeddable":true,"href":"https:\/\/singuli.wpress.me\/index.php\/wp-json\/wp\/v2\/product_tag?post=43012"}],"curies":[{"name":"wp","href":"https:\/\/api.w.org\/{rel}","templated":true}]}}