{"id":43027,"date":"2026-04-20T00:26:25","date_gmt":"2026-04-20T00:26:25","guid":{"rendered":"https:\/\/singuli.wpress.me\/index.php\/proizvod\/braun-combipack-21b-zamjenska-mrezica-i-noz\/"},"modified":"2026-04-20T12:33:50","modified_gmt":"2026-04-20T12:33:50","slug":"braun-combipack-21b-zamjenska-mrezica-i-noz","status":"publish","type":"product","link":"https:\/\/singuli.wpress.me\/index.php\/proizvod\/braun-combipack-21b-zamjenska-mrezica-i-noz\/","title":{"rendered":"BRAUN Combipack 21B, zamjenska mre\u017eica i no\u017e"},"content":{"rendered":"<p><span style=\"font-weight: bold;color: #4472C4\">Braun Combipack 21B (serija 3)<\/span><span style=\"color: #4472C4\"> je mre\u017eica za brijanje i no\u017e.<\/p>\n<p>Preporu\u010da se mijenjati mre\u017eicu i o\u0161tricu svakih 18 mjeseci jer se prosje\u010dnom upotrebom tijekom tog vremena ukloni pribli\u017eno 6.000.000 dlaka, \u0161to istro\u0161i o\u0161tricu i mre\u017eicu.<\/p>\n<p>Prikladno za modele: 300s, 3000s, 3010s, 3020s, 3030s, 3040s, 3045s, 3050, 3080s.<\/span><\/p>\n","protected":false},"excerpt":{"rendered":"<p>Prikladno za modele: 300s, 3000s, 3010s, 3020s, 3030s, 3040s, 3045s, 3050, 3080s.<br \/>\nBraun preporu\u010duje zamjenu glave brija\u010da svakih 18 mjeseci.<br \/>\nJednostavna zamjena.<\/p>\n","protected":false},"featured_media":43028,"template":"","meta":{"_seopress_robots_primary_cat":"","_seopress_titles_title":"","_seopress_titles_desc":"","_seopress_robots_index":"","iawp_total_views":0},"product_brand":[144],"product_cat":[280,192,279],"product_tag":[],"class_list":{"0":"post-43027","1":"product","2":"type-product","3":"status-publish","4":"has-post-thumbnail","6":"product_brand-braun","7":"product_cat-aparati-za-muskarce-279","8":"product_cat-aparati-za-osobnu-njegu","9":"product_cat-brijanje-i-sisanje-192","11":"first","12":"outofstock","13":"shipping-taxable","14":"purchasable","15":"product-type-simple"},"_links":{"self":[{"href":"https:\/\/singuli.wpress.me\/index.php\/wp-json\/wp\/v2\/product\/43027","targetHints":{"allow":["GET"]}}],"collection":[{"href":"https:\/\/singuli.wpress.me\/index.php\/wp-json\/wp\/v2\/product"}],"about":[{"href":"https:\/\/singuli.wpress.me\/index.php\/wp-json\/wp\/v2\/types\/product"}],"version-history":[{"count":0,"href":"https:\/\/singuli.wpress.me\/index.php\/wp-json\/wp\/v2\/product\/43027\/revisions"}],"wp:featuredmedia":[{"embeddable":true,"href":"https:\/\/singuli.wpress.me\/index.php\/wp-json\/wp\/v2\/media\/43028"}],"wp:attachment":[{"href":"https:\/\/singuli.wpress.me\/index.php\/wp-json\/wp\/v2\/media?parent=43027"}],"wp:term":[{"taxonomy":"product_brand","embeddable":true,"href":"https:\/\/singuli.wpress.me\/index.php\/wp-json\/wp\/v2\/product_brand?post=43027"},{"taxonomy":"product_cat","embeddable":true,"href":"https:\/\/singuli.wpress.me\/index.php\/wp-json\/wp\/v2\/product_cat?post=43027"},{"taxonomy":"product_tag","embeddable":true,"href":"https:\/\/singuli.wpress.me\/index.php\/wp-json\/wp\/v2\/product_tag?post=43027"}],"curies":[{"name":"wp","href":"https:\/\/api.w.org\/{rel}","templated":true}]}}