{"id":43033,"date":"2026-04-20T00:26:27","date_gmt":"2026-04-20T00:26:27","guid":{"rendered":"https:\/\/singuli.wpress.me\/index.php\/proizvod\/twistshake-tour-navlaka-za-kisu-crna\/"},"modified":"2026-04-21T00:27:22","modified_gmt":"2026-04-21T00:27:22","slug":"twistshake-tour-navlaka-za-kisu-crna","status":"publish","type":"product","link":"https:\/\/singuli.wpress.me\/index.php\/proizvod\/twistshake-tour-navlaka-za-kisu-crna\/","title":{"rendered":"TWISTSHAKE Tour, navlaka za ki\u0161u, crna"},"content":{"rendered":"<p>Za\u0161tite svog mali\u0161ana i kolica od ki\u0161e i prljanja. Navlaka za ki\u0161u je vodootporna zbog \u010dega se brzo su\u0161i, otporna je i na vjetar i snijeg. Transparentan materijal je odli\u010dan, jer dijete mo\u017eete vidjeti tijekom vo\u017enje. Materijal ima na sebi rupice koje omogu\u0107uju optimalno kru\u017eenje zraka. Navlaku jednostavno odvijete i pri\u010dvrstite s Velco trakom.<\/p>\n","protected":false},"excerpt":{"rendered":"<p>Materijal: EVA<br \/>\nKompatibilno s dje\u010djim kolicima Twistshake Tour<br \/>\nOdr\u017eavanje: Ru\u010dno pranje<\/p>\n","protected":false},"featured_media":43034,"template":"","meta":{"_seopress_robots_primary_cat":"","_seopress_titles_title":"","_seopress_titles_desc":"","_seopress_robots_index":"","iawp_total_views":0},"product_brand":[433],"product_cat":[211,286,287],"product_tag":[],"class_list":{"0":"post-43033","1":"product","2":"type-product","3":"status-publish","4":"has-post-thumbnail","6":"product_brand-twistshake","7":"product_cat-njega-majke-i-djeteta","8":"product_cat-oprema-za-bebe-211","9":"product_cat-za-bebe-286","11":"first","12":"outofstock","13":"shipping-taxable","14":"purchasable","15":"product-type-simple"},"_links":{"self":[{"href":"https:\/\/singuli.wpress.me\/index.php\/wp-json\/wp\/v2\/product\/43033","targetHints":{"allow":["GET"]}}],"collection":[{"href":"https:\/\/singuli.wpress.me\/index.php\/wp-json\/wp\/v2\/product"}],"about":[{"href":"https:\/\/singuli.wpress.me\/index.php\/wp-json\/wp\/v2\/types\/product"}],"version-history":[{"count":0,"href":"https:\/\/singuli.wpress.me\/index.php\/wp-json\/wp\/v2\/product\/43033\/revisions"}],"wp:featuredmedia":[{"embeddable":true,"href":"https:\/\/singuli.wpress.me\/index.php\/wp-json\/wp\/v2\/media\/43034"}],"wp:attachment":[{"href":"https:\/\/singuli.wpress.me\/index.php\/wp-json\/wp\/v2\/media?parent=43033"}],"wp:term":[{"taxonomy":"product_brand","embeddable":true,"href":"https:\/\/singuli.wpress.me\/index.php\/wp-json\/wp\/v2\/product_brand?post=43033"},{"taxonomy":"product_cat","embeddable":true,"href":"https:\/\/singuli.wpress.me\/index.php\/wp-json\/wp\/v2\/product_cat?post=43033"},{"taxonomy":"product_tag","embeddable":true,"href":"https:\/\/singuli.wpress.me\/index.php\/wp-json\/wp\/v2\/product_tag?post=43033"}],"curies":[{"name":"wp","href":"https:\/\/api.w.org\/{rel}","templated":true}]}}