{"id":43035,"date":"2026-04-20T00:26:28","date_gmt":"2026-04-20T00:26:28","guid":{"rendered":"https:\/\/singuli.wpress.me\/index.php\/proizvod\/cars-igracka-kamion-autotransporter\/"},"modified":"2026-04-20T12:33:50","modified_gmt":"2026-04-20T12:33:50","slug":"cars-igracka-kamion-autotransporter","status":"publish","type":"product","link":"https:\/\/singuli.wpress.me\/index.php\/proizvod\/cars-igracka-kamion-autotransporter\/","title":{"rendered":"CARS, igra\u010dka, kamion autotransporter"},"content":{"rendered":"<p>Priprema, pozor, sad! Kreni u akciju s Disney i Pixar vozilom!<br \/>\nOvaj autotransporter duga\u010dak je 33cm, a na njemu mo\u017ee biti do 12 automobila (prodaju se zasebno).<\/p>\n<p>Spustite gornju razinu i dobit \u0107ete rampu za lak utovar i istovar i s lako\u0107om \u0107ete mo\u0107i prevoziti automobile koji su se pokvarili!<br \/>\nDisney i Pixar Mack Hauler vozilo izvrstan je dar za djecu i obo\u017eavatelje automobila od 3 godine i vi\u0161e.<\/p>\n<p>Boje i ukrasi mogu varirati. <\/p>\n","protected":false},"excerpt":{"rendered":"<p>Autotransporter je duga\u010dak 33cm<br \/>\nNa autotransporteru mo\u017ee biti do 12 automobila koji se prodaju zasebno<br \/>\nDob: 3+ god<\/p>\n","protected":false},"featured_media":43036,"template":"","meta":{"_seopress_robots_primary_cat":"","_seopress_titles_title":"","_seopress_titles_desc":"","_seopress_robots_index":"","iawp_total_views":0},"product_brand":[889],"product_cat":[243,273],"product_tag":[],"class_list":{"0":"post-43035","1":"product","2":"type-product","3":"status-publish","4":"has-post-thumbnail","6":"product_brand-cars","7":"product_cat-automobili-i-motori","8":"product_cat-njega-vozila-243","10":"first","11":"outofstock","12":"shipping-taxable","13":"purchasable","14":"product-type-simple"},"_links":{"self":[{"href":"https:\/\/singuli.wpress.me\/index.php\/wp-json\/wp\/v2\/product\/43035","targetHints":{"allow":["GET"]}}],"collection":[{"href":"https:\/\/singuli.wpress.me\/index.php\/wp-json\/wp\/v2\/product"}],"about":[{"href":"https:\/\/singuli.wpress.me\/index.php\/wp-json\/wp\/v2\/types\/product"}],"version-history":[{"count":0,"href":"https:\/\/singuli.wpress.me\/index.php\/wp-json\/wp\/v2\/product\/43035\/revisions"}],"wp:featuredmedia":[{"embeddable":true,"href":"https:\/\/singuli.wpress.me\/index.php\/wp-json\/wp\/v2\/media\/43036"}],"wp:attachment":[{"href":"https:\/\/singuli.wpress.me\/index.php\/wp-json\/wp\/v2\/media?parent=43035"}],"wp:term":[{"taxonomy":"product_brand","embeddable":true,"href":"https:\/\/singuli.wpress.me\/index.php\/wp-json\/wp\/v2\/product_brand?post=43035"},{"taxonomy":"product_cat","embeddable":true,"href":"https:\/\/singuli.wpress.me\/index.php\/wp-json\/wp\/v2\/product_cat?post=43035"},{"taxonomy":"product_tag","embeddable":true,"href":"https:\/\/singuli.wpress.me\/index.php\/wp-json\/wp\/v2\/product_tag?post=43035"}],"curies":[{"name":"wp","href":"https:\/\/api.w.org\/{rel}","templated":true}]}}