{"id":43049,"date":"2026-04-20T00:26:33","date_gmt":"2026-04-20T00:26:33","guid":{"rendered":"https:\/\/singuli.wpress.me\/index.php\/proizvod\/glade-touch-fresh-punjenje-za-elektricni-osvjezivac-zraka-clean-line-10-ml\/"},"modified":"2026-04-20T12:33:50","modified_gmt":"2026-04-20T12:33:50","slug":"glade-touch-fresh-punjenje-za-elektricni-osvjezivac-zraka-clean-line-10-ml","status":"publish","type":"product","link":"https:\/\/singuli.wpress.me\/index.php\/proizvod\/glade-touch-fresh-punjenje-za-elektricni-osvjezivac-zraka-clean-line-10-ml\/","title":{"rendered":"GLADE Touch &amp; Fresh, punjenje za elektri\u010dni osvje\u017eiva\u010d zraka, Clean Line, 10\u00a0ml"},"content":{"rendered":"<p>Glade\u00ae touch &amp; fresh\u00ae osvje\u017eiva\u010d pru\u017ea koncentriranu svje\u017einu u diskretnom i elegantnom dizajnu. <\/p>\n<p>Jedan dodir dovoljan je za osvje\u017eavanje prostorije. <\/p>\n<p>Glade\u00ae touch &amp; fresh\u00aeosvje\u017eiva\u010d zraka je prenosiv, tako da ga mo\u017eete postaviti bilo gdje u Va\u0161emu domu za trenutnu svje\u017einu. <\/p>\n<p>Pogodan je za kori\u0161tenje na zidu, na svakoj ravnoj povr\u0161ini ili u ruci. <\/p>\n<p>Uhvatite esenciju luksuznog spa dana dok vas mirisi svje\u017ee opranog rublja obavijaju udobno\u0161\u0107u.<\/p>\n<p>Upute za uporabu: <br \/>\n1. Otvorite poklopac i umetnite punjenje u Glade\u00ae touch &amp; fresh\u00ae osvje\u017eiva\u010d, dok ne za\u010dujete &quot;klik&quot;<br \/>\n2. Ne usmjeravajte osvje\u017eiva\u010d prema o\u010dima. Zaklopite poklopac i pritisnite po sredini baze kako bi ispustili miris<\/p>\n","protected":false},"excerpt":{"rendered":"<p>Svje\u017eina samo jednim dodirom<br \/>\nDiskretan i elegantan dizajn<br \/>\nPrijenosni, pogodni za kori\u0161tenje na zidu ili bilo kojoj ravnoj povr\u0161ini<\/p>\n","protected":false},"featured_media":43050,"template":"","meta":{"_seopress_robots_primary_cat":"","_seopress_titles_title":"","_seopress_titles_desc":"","_seopress_robots_index":"","iawp_total_views":0},"product_brand":[405],"product_cat":[243,272],"product_tag":[],"class_list":{"0":"post-43049","1":"product","2":"type-product","3":"status-publish","4":"has-post-thumbnail","6":"product_brand-glade","7":"product_cat-automobili-i-motori","8":"product_cat-motorna-ulja-243","10":"first","11":"outofstock","12":"shipping-taxable","13":"purchasable","14":"product-type-simple"},"_links":{"self":[{"href":"https:\/\/singuli.wpress.me\/index.php\/wp-json\/wp\/v2\/product\/43049","targetHints":{"allow":["GET"]}}],"collection":[{"href":"https:\/\/singuli.wpress.me\/index.php\/wp-json\/wp\/v2\/product"}],"about":[{"href":"https:\/\/singuli.wpress.me\/index.php\/wp-json\/wp\/v2\/types\/product"}],"version-history":[{"count":0,"href":"https:\/\/singuli.wpress.me\/index.php\/wp-json\/wp\/v2\/product\/43049\/revisions"}],"wp:featuredmedia":[{"embeddable":true,"href":"https:\/\/singuli.wpress.me\/index.php\/wp-json\/wp\/v2\/media\/43050"}],"wp:attachment":[{"href":"https:\/\/singuli.wpress.me\/index.php\/wp-json\/wp\/v2\/media?parent=43049"}],"wp:term":[{"taxonomy":"product_brand","embeddable":true,"href":"https:\/\/singuli.wpress.me\/index.php\/wp-json\/wp\/v2\/product_brand?post=43049"},{"taxonomy":"product_cat","embeddable":true,"href":"https:\/\/singuli.wpress.me\/index.php\/wp-json\/wp\/v2\/product_cat?post=43049"},{"taxonomy":"product_tag","embeddable":true,"href":"https:\/\/singuli.wpress.me\/index.php\/wp-json\/wp\/v2\/product_tag?post=43049"}],"curies":[{"name":"wp","href":"https:\/\/api.w.org\/{rel}","templated":true}]}}