{"id":43064,"date":"2026-04-20T00:26:38","date_gmt":"2026-04-20T00:26:38","guid":{"rendered":"https:\/\/singuli.wpress.me\/index.php\/proizvod\/uhu-super-glue-jumbo-tekuce-ljepilo-12-x-3g\/"},"modified":"2026-04-21T00:27:22","modified_gmt":"2026-04-21T00:27:22","slug":"uhu-super-glue-jumbo-tekuce-ljepilo-12-x-3g","status":"publish","type":"product","link":"https:\/\/singuli.wpress.me\/index.php\/proizvod\/uhu-super-glue-jumbo-tekuce-ljepilo-12-x-3g\/","title":{"rendered":"UHU Super Glue Jumbo, teku\u0107e ljepilo, 12 x 3g"},"content":{"rendered":"<p>Ultra brzo i posebno jako teku\u0107e sekundarno ljepilo. Dopire do najmanjih kutova i spojeva.<\/p>\n<p>Idealan za lijepljenje malih povr\u0161ina. Prianja na gotovo sve tvrde i savitljive materijale, kao \u0161to su mnoge vrste plastike (kao \u0161to su tvrdi PVC, ABS, PS, Plexiglas\u00ae, polikarbonat (Makrolon\u00ae) i fenolne smole (Bakelite\u00ae)), porculan, keramika, ko\u017ea, metali, drvo, pluto, filc, tekstil (prvo provjerite prikladnost) i guma. Samo djelomi\u010dno prikladno za staklo (nakon odre\u0111enog vremena spoj postaje krt, \u0161to ga slabi). <\/p>\n<p>Nije prikladno za PE, PP, silikonske smole, PTFE, Styropor\u00ae, tkanine i ko\u017enu odje\u0107u.<\/p>\n","protected":false},"excerpt":{"rendered":"<p>Ultra brzo i posebno jako teku\u0107e sekundarno ljepilo<br \/>\nLijepi gotovo sve tvrde i fleksibilne materijale<br \/>\nIdealan za lijepljenje malih povr\u0161ina<\/p>\n","protected":false},"featured_media":43065,"template":"","meta":{"_seopress_robots_primary_cat":"","_seopress_titles_title":"","_seopress_titles_desc":"","_seopress_robots_index":"","iawp_total_views":0},"product_brand":[445],"product_cat":[264,238],"product_tag":[],"class_list":{"0":"post-43064","1":"product","2":"type-product","3":"status-publish","4":"has-post-thumbnail","6":"product_brand-uhu","7":"product_cat-ljepila-i-brtvila-238","8":"product_cat-sve-za-dom","10":"first","11":"instock","12":"shipping-taxable","13":"purchasable","14":"product-type-simple"},"_links":{"self":[{"href":"https:\/\/singuli.wpress.me\/index.php\/wp-json\/wp\/v2\/product\/43064","targetHints":{"allow":["GET"]}}],"collection":[{"href":"https:\/\/singuli.wpress.me\/index.php\/wp-json\/wp\/v2\/product"}],"about":[{"href":"https:\/\/singuli.wpress.me\/index.php\/wp-json\/wp\/v2\/types\/product"}],"version-history":[{"count":0,"href":"https:\/\/singuli.wpress.me\/index.php\/wp-json\/wp\/v2\/product\/43064\/revisions"}],"wp:featuredmedia":[{"embeddable":true,"href":"https:\/\/singuli.wpress.me\/index.php\/wp-json\/wp\/v2\/media\/43065"}],"wp:attachment":[{"href":"https:\/\/singuli.wpress.me\/index.php\/wp-json\/wp\/v2\/media?parent=43064"}],"wp:term":[{"taxonomy":"product_brand","embeddable":true,"href":"https:\/\/singuli.wpress.me\/index.php\/wp-json\/wp\/v2\/product_brand?post=43064"},{"taxonomy":"product_cat","embeddable":true,"href":"https:\/\/singuli.wpress.me\/index.php\/wp-json\/wp\/v2\/product_cat?post=43064"},{"taxonomy":"product_tag","embeddable":true,"href":"https:\/\/singuli.wpress.me\/index.php\/wp-json\/wp\/v2\/product_tag?post=43064"}],"curies":[{"name":"wp","href":"https:\/\/api.w.org\/{rel}","templated":true}]}}