{"id":43074,"date":"2026-04-20T00:26:42","date_gmt":"2026-04-20T00:26:42","guid":{"rendered":"https:\/\/singuli.wpress.me\/index.php\/proizvod\/ariel-color-tekuci-deterdzent-za-pranje-rublja-2-15l-43-pranja\/"},"modified":"2026-04-20T12:33:50","modified_gmt":"2026-04-20T12:33:50","slug":"ariel-color-tekuci-deterdzent-za-pranje-rublja-2-15l-43-pranja","status":"publish","type":"product","link":"https:\/\/singuli.wpress.me\/index.php\/proizvod\/ariel-color-tekuci-deterdzent-za-pranje-rublja-2-15l-43-pranja\/","title":{"rendered":"ARIEL Color, teku\u0107i deterd\u017eent za pranje rublja, 2.15l, 43\u00a0pranja"},"content":{"rendered":"<p>Teku\u0107i deterd\u017eent za pranje rublja Ariel Color pru\u017ea izvanrednu \u010disto\u0107u u 1 pranju, \u010dak i pri ni\u017eim temperaturama. Njegova je formula, uklju\u010duju\u0107i tehnologiju COOL CLEAN, posebno osmi\u0161ljena za pranje na ni\u017eim temperaturama. I premda je nemilosrdan prema mrljama, istodobno je nje\u017ean prema tkaninama i \u010duva blistavost boja. <\/p>\n<p>Teku\u0107i deterd\u017eent Ariel dolazi u pakiranju koje se mo\u017ee reciklirati. <\/p>\n<p>Tvrdokorne mrlje prije pranja tretirajte teku\u0107im deterd\u017eentom Ariel Color i njegovim zelenim \u010depom, a zatim operite rublje u perilici. Za najbolje rezultate \u010dep s deterd\u017eentom stavite izravno u bubanj perilice rublja. Iz ekolo\u0161kih razloga na neke boce ne stavljamo \u010dep s mjericom. Takav je \u010dep besplatno dostupan na internetskoj stranici ariel.info.<\/p>\n","protected":false},"excerpt":{"rendered":"<p>Izvrsno uklanjanje mrlja ve\u0107 u prvom pranju<br \/>\nUklanja mrlje koje uzrokuju neugodne mirise poput onih od znoja i tjelesnih mirisa<br \/>\nOmogu\u0107uje da va\u0161a odje\u0107a odi\u0161e iznimnom svje\u017einom i \u010disto\u0107om<\/p>\n","protected":false},"featured_media":43075,"template":"","meta":{"_seopress_robots_primary_cat":"","_seopress_titles_title":"","_seopress_titles_desc":"","_seopress_robots_index":"","iawp_total_views":0},"product_brand":[427],"product_cat":[283,238],"product_tag":[],"class_list":{"0":"post-43074","1":"product","2":"type-product","3":"status-publish","4":"has-post-thumbnail","6":"product_brand-ariel","7":"product_cat-pranje-rublja-238","8":"product_cat-sve-za-dom","10":"first","11":"outofstock","12":"shipping-taxable","13":"purchasable","14":"product-type-simple"},"_links":{"self":[{"href":"https:\/\/singuli.wpress.me\/index.php\/wp-json\/wp\/v2\/product\/43074","targetHints":{"allow":["GET"]}}],"collection":[{"href":"https:\/\/singuli.wpress.me\/index.php\/wp-json\/wp\/v2\/product"}],"about":[{"href":"https:\/\/singuli.wpress.me\/index.php\/wp-json\/wp\/v2\/types\/product"}],"version-history":[{"count":0,"href":"https:\/\/singuli.wpress.me\/index.php\/wp-json\/wp\/v2\/product\/43074\/revisions"}],"wp:featuredmedia":[{"embeddable":true,"href":"https:\/\/singuli.wpress.me\/index.php\/wp-json\/wp\/v2\/media\/43075"}],"wp:attachment":[{"href":"https:\/\/singuli.wpress.me\/index.php\/wp-json\/wp\/v2\/media?parent=43074"}],"wp:term":[{"taxonomy":"product_brand","embeddable":true,"href":"https:\/\/singuli.wpress.me\/index.php\/wp-json\/wp\/v2\/product_brand?post=43074"},{"taxonomy":"product_cat","embeddable":true,"href":"https:\/\/singuli.wpress.me\/index.php\/wp-json\/wp\/v2\/product_cat?post=43074"},{"taxonomy":"product_tag","embeddable":true,"href":"https:\/\/singuli.wpress.me\/index.php\/wp-json\/wp\/v2\/product_tag?post=43074"}],"curies":[{"name":"wp","href":"https:\/\/api.w.org\/{rel}","templated":true}]}}