{"id":43078,"date":"2026-04-20T00:26:45","date_gmt":"2026-04-20T00:26:45","guid":{"rendered":"https:\/\/singuli.wpress.me\/index.php\/proizvod\/argina-s3-30-motorno-ulje-1000-l\/"},"modified":"2026-04-20T12:33:50","modified_gmt":"2026-04-20T12:33:50","slug":"argina-s3-30-motorno-ulje-1000-l","status":"publish","type":"product","link":"https:\/\/singuli.wpress.me\/index.php\/proizvod\/argina-s3-30-motorno-ulje-1000-l\/","title":{"rendered":"ARGINA S3 30, motorno ulje, 1000\u00a0l"},"content":{"rendered":"<p>Ulje za \u010detverotaktne srednjohodne dizel motore koji rade na preostalom gorivu. Argina S3 ima BN od 30 i dizajnirana je za uvjete umjerenog naprezanja ulja. Ima optimiziranu razinu odvra\u0107anja koja dovodi do iznimno \u010distog ku\u0107i\u0161ta radilice, palube ventila i klipova.<\/p>\n<p><span style=\"font-weight: bold\">Specifikacija: <\/span>Wartsila, MAN Energy Solutions<\/p>\n","protected":false},"excerpt":{"rendered":"<p>Ulje za \u010detverotaktne srednjohodne dizel motore<br \/>\nDizajnirana za uvjete niskog naprezanja ulja<br \/>\nOptimizirana razina odvra\u0107anja<\/p>\n","protected":false},"featured_media":43079,"template":"","meta":{"_seopress_robots_primary_cat":"","_seopress_titles_title":"","_seopress_titles_desc":"","_seopress_robots_index":"","iawp_total_views":0},"product_brand":[455],"product_cat":[243,276],"product_tag":[],"class_list":{"0":"post-43078","1":"product","2":"type-product","3":"status-publish","4":"has-post-thumbnail","6":"product_brand-argina","7":"product_cat-automobili-i-motori","8":"product_cat-industrijska-i-specijalna-ulja-243","10":"first","11":"outofstock","12":"shipping-taxable","13":"purchasable","14":"product-type-simple"},"_links":{"self":[{"href":"https:\/\/singuli.wpress.me\/index.php\/wp-json\/wp\/v2\/product\/43078","targetHints":{"allow":["GET"]}}],"collection":[{"href":"https:\/\/singuli.wpress.me\/index.php\/wp-json\/wp\/v2\/product"}],"about":[{"href":"https:\/\/singuli.wpress.me\/index.php\/wp-json\/wp\/v2\/types\/product"}],"version-history":[{"count":0,"href":"https:\/\/singuli.wpress.me\/index.php\/wp-json\/wp\/v2\/product\/43078\/revisions"}],"wp:featuredmedia":[{"embeddable":true,"href":"https:\/\/singuli.wpress.me\/index.php\/wp-json\/wp\/v2\/media\/43079"}],"wp:attachment":[{"href":"https:\/\/singuli.wpress.me\/index.php\/wp-json\/wp\/v2\/media?parent=43078"}],"wp:term":[{"taxonomy":"product_brand","embeddable":true,"href":"https:\/\/singuli.wpress.me\/index.php\/wp-json\/wp\/v2\/product_brand?post=43078"},{"taxonomy":"product_cat","embeddable":true,"href":"https:\/\/singuli.wpress.me\/index.php\/wp-json\/wp\/v2\/product_cat?post=43078"},{"taxonomy":"product_tag","embeddable":true,"href":"https:\/\/singuli.wpress.me\/index.php\/wp-json\/wp\/v2\/product_tag?post=43078"}],"curies":[{"name":"wp","href":"https:\/\/api.w.org\/{rel}","templated":true}]}}