{"id":43080,"date":"2026-04-20T00:26:46","date_gmt":"2026-04-20T00:26:46","guid":{"rendered":"https:\/\/singuli.wpress.me\/index.php\/proizvod\/oral-b-io-ultimate-clean-zamjenske-glave-za-cetkicu-crni-6-kom\/"},"modified":"2026-04-20T12:33:50","modified_gmt":"2026-04-20T12:33:50","slug":"oral-b-io-ultimate-clean-zamjenske-glave-za-cetkicu-crni-6-kom","status":"publish","type":"product","link":"https:\/\/singuli.wpress.me\/index.php\/proizvod\/oral-b-io-ultimate-clean-zamjenske-glave-za-cetkicu-crni-6-kom\/","title":{"rendered":"ORAL-B iO Ultimate Clean, zamjenske glave za \u010detkicu, crni , 6\u00a0kom"},"content":{"rendered":"<p>Glava zubne \u010detkice Oral-B iO Ultimate Clean posebno je dizajnirana za u\u010dinkovito \u010di\u0161\u0107enje: ve\u0107 od 1. dana uklanja do 100 % zubnih naslaga. Za do 100 % vi\u0161e uklanjanja zubnih naslaga s nadmo\u0107nim klini\u010dkim rezultatima u usporedbi s klasi\u010dnom zubnom \u010detkicom. Oral-B iO Ultimate Clean ima vlakna razli\u010dite duljine u uzorku \u201etuft-in-tuft\u201d nako\u0161ena pod kutom od 16 stupnjeva tako da dopru \u0161to dublje izme\u0111u zubi. Tehnologija iO kombinira legendarnu okruglu glavu zubne \u010detkice Oral-B s nje\u017enim mikrovibracijama iO za najbolju u\u010dinkovitost \u010di\u0161\u0107enja. Glave zubnih \u010detkica Oral-B iO ekskluzivno su dizajnirane za zubne \u010detkice Oral-B iO. Za odr\u017eavanje optimalne u\u010dinkovitosti \u010di\u0161\u0107enja stomatolozi preporu\u010duju zamjenu glave \u010detkice svaka 3 mjeseca.<\/p>\n","protected":false},"excerpt":{"rendered":"<p>Za do 100 % vi\u0161e uklanjanja zubnih naslaga.<br \/>\nGlave zubnih \u010detkica Oral-B iO ekskluzivno su dizajnirane za zubne \u010detkice Oral-B iO.<br \/>\nStomatolozi preporu\u010duju zamjenu glave \u010detkice svaka 3 mjeseca<\/p>\n","protected":false},"featured_media":43081,"template":"","meta":{"_seopress_robots_primary_cat":"","_seopress_titles_title":"","_seopress_titles_desc":"","_seopress_robots_index":"","iawp_total_views":0},"product_brand":[423],"product_cat":[192,207,209],"product_tag":[],"class_list":{"0":"post-43080","1":"product","2":"type-product","3":"status-publish","4":"has-post-thumbnail","6":"product_brand-oral-b-2","7":"product_cat-aparati-za-osobnu-njegu","8":"product_cat-oralna-higijena","9":"product_cat-zamjenske-glave","11":"first","12":"outofstock","13":"shipping-taxable","14":"purchasable","15":"product-type-simple"},"_links":{"self":[{"href":"https:\/\/singuli.wpress.me\/index.php\/wp-json\/wp\/v2\/product\/43080","targetHints":{"allow":["GET"]}}],"collection":[{"href":"https:\/\/singuli.wpress.me\/index.php\/wp-json\/wp\/v2\/product"}],"about":[{"href":"https:\/\/singuli.wpress.me\/index.php\/wp-json\/wp\/v2\/types\/product"}],"version-history":[{"count":0,"href":"https:\/\/singuli.wpress.me\/index.php\/wp-json\/wp\/v2\/product\/43080\/revisions"}],"wp:featuredmedia":[{"embeddable":true,"href":"https:\/\/singuli.wpress.me\/index.php\/wp-json\/wp\/v2\/media\/43081"}],"wp:attachment":[{"href":"https:\/\/singuli.wpress.me\/index.php\/wp-json\/wp\/v2\/media?parent=43080"}],"wp:term":[{"taxonomy":"product_brand","embeddable":true,"href":"https:\/\/singuli.wpress.me\/index.php\/wp-json\/wp\/v2\/product_brand?post=43080"},{"taxonomy":"product_cat","embeddable":true,"href":"https:\/\/singuli.wpress.me\/index.php\/wp-json\/wp\/v2\/product_cat?post=43080"},{"taxonomy":"product_tag","embeddable":true,"href":"https:\/\/singuli.wpress.me\/index.php\/wp-json\/wp\/v2\/product_tag?post=43080"}],"curies":[{"name":"wp","href":"https:\/\/api.w.org\/{rel}","templated":true}]}}