{"id":43090,"date":"2026-04-20T00:26:49","date_gmt":"2026-04-20T00:26:49","guid":{"rendered":"https:\/\/singuli.wpress.me\/index.php\/proizvod\/bissell-crosswave-pet-pro-usisavac\/"},"modified":"2026-04-20T12:33:50","modified_gmt":"2026-04-20T12:33:50","slug":"bissell-crosswave-pet-pro-usisavac","status":"publish","type":"product","link":"https:\/\/singuli.wpress.me\/index.php\/proizvod\/bissell-crosswave-pet-pro-usisavac\/","title":{"rendered":"BISSELL Crosswave Pet Pro, usisava\u010d"},"content":{"rendered":"<p>Bisell CrossWave Pet Pro usisava, bri\u0161e i su\u0161i sna\u017enom \u010detkom za vi\u0161e povr\u0161ina do 3000 okretaja u minuti. Posebno je dizajniran za uklanjanje dlaka ku\u0107nih ljubimaca, prljav\u0161tine i pra\u0161ine, kao i blatnih otisaka \u0161apa, tako da mo\u017eete temeljito o\u010distiti tvoj dom.<\/p>\n<p>Glavne zna\u010dajke:<br \/>\n&#8211; 3-u-1; \u010disti, bri\u0161e i su\u0161i pod jednim potezom<br \/>\n&#8211; \u010ci\u0161\u0107enje vi\u0161e vrsta povr\u0161ina: za kori\u0161tenje na plo\u010dicama, drvenim podovima, laminatima i tepisima. Pametne dodirne kontrole na ru\u010dki olak\u0161avaju prebacivanje izme\u0111u \u010di\u0161\u0107enja tvrdih podova i tepiha i upravljanje \u010dista\u010dem pomo\u0107u okida\u010da za osloba\u0111anje formule za \u010di\u0161\u0107enje na zahtjev.<br \/>\n&#8211; Sustav s dva spremnika odvaja \u010distu i prljavu vodu, tako da uvijek koristite \u010distu vodu i mje\u0161avinu formule na podu.<br \/>\n&#8211; Spremnik odvaja i hvata dlaku ku\u0107nih ljubimaca za jednostavno \u010di\u0161\u0107enje<br \/>\n&#8211; Noga niskog profila za jednostavno rukovanje<br \/>\n&#8211; Usisavajte i bri\u0161ite pod u isto vrijeme; model CrossWave Pet Pro uklju\u010duje specijaliziranu formulu za \u010di\u0161\u0107enje poda za uklanjanje mirisa ku\u0107nih ljubimaca iz Febrezea.<\/p>\n<p>Bissell CrossWave Pet Pro usisava\u010d za mokro\/suho je revolucionarni sve-u-jednom vi\u0161enamjenski sustav za \u010di\u0161\u0107enje koji usisava i bri\u0161e podove u isto vrijeme. Dizajnirana za domove s ku\u0107nim ljubimcima, \u010detka za vi\u0161e povr\u0161ina koja se vrti na 3000 okretaja u minuti nudi inovativno rje\u0161enje za \u010di\u0161\u0107enje ku\u0107nih ljubimaca, CrossWave Pet Pro \u010disti bolje od spu\u017eve i kante u kra\u0107em vremenu. Uklju\u010duje cjedilo za dlake ku\u0107nih ljubimaca za jednostavno pra\u017enjenje spremnika i specijaliziranu formulu za \u010di\u0161\u0107enje ku\u0107nih ljubimaca. Osim toga, mo\u017eete jednostavno prije\u0107i s \u010di\u0161\u0107enja tvrdih podova na usisavanje i pranje tepiha pritiskom na gumb, sve u jednom stroju.<\/p>\n<p>&#8211; USISAVAJTE I BRI\u0160ITE POD ISTOVREMENO &#8211; U\u0161tedite vrijeme \u010di\u0161\u0107enjem poda u jednom jednostavnom koraku uz CrossWave sustav.<br \/>\n&#8211; \u010cI\u0160\u0106ENJE VI\u0160E POVR\u0160INA &#8211; Sigurno i u\u010dinkovito za kori\u0161tenje na plo\u010dicama, drvenim podovima, tepisima, laminatu, linoleumu, vinilu, gumenim podovima, podovima od pre\u0161anog drva itd.<br \/>\n&#8211; TEHNOLOGIJA DVOSTRUKOG SPREMNIKA &#8211; Dva spremnika odvajaju \u010distu i prljavu vodu kako biste osigurali da pod uvijek \u010distite svje\u017eom mje\u0161avinom vode i formule.<br \/>\n&#8211; RJE\u0160ENJE ZA \u010cI\u0160\u0106ENJE VI\u0160E POVR\u0160INA ZA LJUBIMCE &#8211; Formula dezodoransa za \u010di\u0161\u0107enje ku\u0107nih ljubimaca s Febreze.<br \/>\n&#8211; CIJEDILO ZA DLAKE LJUBIMCA &#8211; Jednostavno cjedilo spremnika odvaja i hvata dlake i ostatke ku\u0107nih ljubimaca za jednostavno \u010di\u0161\u0107enje.<\/p>\n<p>Tehni\u010dki detalji:<br \/>\n&#8211; Snaga: 560 W<br \/>\n&#8211; Zapremina rezervoara za \u010distu vodu: 0,82 L<br \/>\n&#8211; No\u017eni dodatak s LED-om (pri upotrebi vode): Da<br \/>\n&#8211; Zvuk: 80 dB<br \/>\n&#8211; Duljina kabela: 7,6 m<br \/>\n&#8211; Dimenzije (\u0160xVxD): 30 x 116 x 27 cm<br \/>\n&#8211; Te\u017eina (prazan): 5 kg<br \/>\n&#8211; Jamstvo: 2 godine<\/p>\n","protected":false},"excerpt":{"rendered":"<p>3u1; \u010disti, bri\u0161e i su\u0161i pod jednim potezom<br \/>\nSustav s dva spremnika odvaja \u010distu i prljavu vodu<br \/>\nSpremnik odvaja i hvata dlaku ku\u0107nih ljubimaca za jednostavno \u010di\u0161\u0107enje<\/p>\n","protected":false},"featured_media":43091,"template":"","meta":{"_seopress_robots_primary_cat":"","_seopress_titles_title":"","_seopress_titles_desc":"","_seopress_robots_index":"","iawp_total_views":0},"product_brand":[819],"product_cat":[160,271],"product_tag":[],"class_list":{"0":"post-43090","1":"product","2":"type-product","3":"status-publish","4":"has-post-thumbnail","6":"product_brand-bissell","7":"product_cat-mali-kucanski-aparati","8":"product_cat-usisavaci-i-ciscenje-160","10":"first","11":"outofstock","12":"shipping-taxable","13":"purchasable","14":"product-type-simple"},"_links":{"self":[{"href":"https:\/\/singuli.wpress.me\/index.php\/wp-json\/wp\/v2\/product\/43090","targetHints":{"allow":["GET"]}}],"collection":[{"href":"https:\/\/singuli.wpress.me\/index.php\/wp-json\/wp\/v2\/product"}],"about":[{"href":"https:\/\/singuli.wpress.me\/index.php\/wp-json\/wp\/v2\/types\/product"}],"version-history":[{"count":0,"href":"https:\/\/singuli.wpress.me\/index.php\/wp-json\/wp\/v2\/product\/43090\/revisions"}],"wp:featuredmedia":[{"embeddable":true,"href":"https:\/\/singuli.wpress.me\/index.php\/wp-json\/wp\/v2\/media\/43091"}],"wp:attachment":[{"href":"https:\/\/singuli.wpress.me\/index.php\/wp-json\/wp\/v2\/media?parent=43090"}],"wp:term":[{"taxonomy":"product_brand","embeddable":true,"href":"https:\/\/singuli.wpress.me\/index.php\/wp-json\/wp\/v2\/product_brand?post=43090"},{"taxonomy":"product_cat","embeddable":true,"href":"https:\/\/singuli.wpress.me\/index.php\/wp-json\/wp\/v2\/product_cat?post=43090"},{"taxonomy":"product_tag","embeddable":true,"href":"https:\/\/singuli.wpress.me\/index.php\/wp-json\/wp\/v2\/product_tag?post=43090"}],"curies":[{"name":"wp","href":"https:\/\/api.w.org\/{rel}","templated":true}]}}