{"id":43096,"date":"2026-04-20T00:27:16","date_gmt":"2026-04-20T00:27:16","guid":{"rendered":"https:\/\/singuli.wpress.me\/index.php\/proizvod\/aeroshell-turbine-oil-560-turbinsko-ulje-24x0-946l-22-704-l\/"},"modified":"2026-04-20T12:33:50","modified_gmt":"2026-04-20T12:33:50","slug":"aeroshell-turbine-oil-560-turbinsko-ulje-24x0-946l-22-704-l","status":"publish","type":"product","link":"https:\/\/singuli.wpress.me\/index.php\/proizvod\/aeroshell-turbine-oil-560-turbinsko-ulje-24x0-946l-22-704-l\/","title":{"rendered":"AEROSHELL TURBINE OIL 560, turbinsko ulje, 24&#215;0.946l, 22.704\u00a0l"},"content":{"rendered":"<p>AeroShell Turbine Oil 560 je sinteti\u010dko ulje tre\u0107e generacije za turbinske motore zrakoplova koje osigurava izvrsnu termalnu i oksidacijsku stabilnosti. Pru\u017ea iznimnu \u010disto\u0107u motora, reducira tro\u0161kove odr\u017eavanja, produ\u017euje \u017eivotni vijek novih i postoje\u0107ih motora kao i antikorozivnu u\u010dinkovitost. AeroShell Turbine Oil 560 je razvijeno kako bi izdr\u017ealo posebno nepovoljne uvjete suvremenih motora visoke snage i visokih pritiska.<\/p>\n<p><span style=\"font-weight: bold\">Specifikacija:<\/span> MIL-PRF-23699G Grade HTS, SAE AS5780D Grad SPC, DEF STAN 91-101 (britanska) ekvivalent, COMAC QPL-CMS-OL-202, DCSEA 299\/A (francuska) ekvivalent, VNII NP 50-1-4F, B3V, LZ-240, VnNII NP 50-1-4U i 36\/Ku-A (ruska) analogno, NATO Code O-154, Joint Service Designation OX-27, Pratt&amp;Whitney 521C Type II, General Electric D-50 TF 1, Allison EMS\u2013 53 (zastario). Za kori\u0161tenje u razli\u010ditim modelima motora molim vas pogledajte Tehni\u010dki list proizvoda.<\/p>\n","protected":false},"excerpt":{"rendered":"<p>Turbinsko ulje za zrakoplove<br \/>\nOksidacijska stabilnost<br \/>\nRazvijeno kako bi izdr\u017ealo posebno nepovoljne uvjete suvremenih motora<\/p>\n","protected":false},"featured_media":43097,"template":"","meta":{"_seopress_robots_primary_cat":"","_seopress_titles_title":"","_seopress_titles_desc":"","_seopress_robots_index":"","iawp_total_views":0},"product_brand":[482],"product_cat":[221,263],"product_tag":[],"class_list":{"0":"post-43096","1":"product","2":"type-product","3":"status-publish","4":"has-post-thumbnail","6":"product_brand-aeroshell","7":"product_cat-igracke","8":"product_cat-tematske-igracke-221","10":"first","11":"outofstock","12":"shipping-taxable","13":"purchasable","14":"product-type-simple"},"_links":{"self":[{"href":"https:\/\/singuli.wpress.me\/index.php\/wp-json\/wp\/v2\/product\/43096","targetHints":{"allow":["GET"]}}],"collection":[{"href":"https:\/\/singuli.wpress.me\/index.php\/wp-json\/wp\/v2\/product"}],"about":[{"href":"https:\/\/singuli.wpress.me\/index.php\/wp-json\/wp\/v2\/types\/product"}],"version-history":[{"count":0,"href":"https:\/\/singuli.wpress.me\/index.php\/wp-json\/wp\/v2\/product\/43096\/revisions"}],"wp:featuredmedia":[{"embeddable":true,"href":"https:\/\/singuli.wpress.me\/index.php\/wp-json\/wp\/v2\/media\/43097"}],"wp:attachment":[{"href":"https:\/\/singuli.wpress.me\/index.php\/wp-json\/wp\/v2\/media?parent=43096"}],"wp:term":[{"taxonomy":"product_brand","embeddable":true,"href":"https:\/\/singuli.wpress.me\/index.php\/wp-json\/wp\/v2\/product_brand?post=43096"},{"taxonomy":"product_cat","embeddable":true,"href":"https:\/\/singuli.wpress.me\/index.php\/wp-json\/wp\/v2\/product_cat?post=43096"},{"taxonomy":"product_tag","embeddable":true,"href":"https:\/\/singuli.wpress.me\/index.php\/wp-json\/wp\/v2\/product_tag?post=43096"}],"curies":[{"name":"wp","href":"https:\/\/api.w.org\/{rel}","templated":true}]}}