{"id":43100,"date":"2026-04-20T00:27:19","date_gmt":"2026-04-20T00:27:19","guid":{"rendered":"https:\/\/singuli.wpress.me\/index.php\/proizvod\/glade-punjenje-za-elektricni-aparat-relaxing-zen-20-ml-2\/"},"modified":"2026-04-20T12:33:50","modified_gmt":"2026-04-20T12:33:50","slug":"glade-punjenje-za-elektricni-aparat-relaxing-zen-20-ml-2","status":"publish","type":"product","link":"https:\/\/singuli.wpress.me\/index.php\/proizvod\/glade-punjenje-za-elektricni-aparat-relaxing-zen-20-ml-2\/","title":{"rendered":"GLADE, punjenje za elektri\u010dni aparat, Relaxing Zen, 20\u00a0ml"},"content":{"rendered":"<p>Glade\u00ae Elektri\u010dni osvje\u017eiva\u010d zraka pru\u017ea do 100 dana svje\u017eine, pri niskom intenzitetu mirisa ukoliko se koristi 12 sati dnevno.<\/p>\n<p>Odaberite \u017eeljeni intenzitet mirisa te stvorite savr\u0161en ambijent u svakoj prostoriji.<\/p>\n<p>Zrak je topao, voda je hladna, cvije\u0107e je \u017eivopisno, a duh umiren u ovom spoju mirisne, so\u010dne jabuke, oro\u0161enog cvije\u0107a i umiruju\u0107e sandalovine. <\/p>\n<p>Upute za uporabu:<\/p>\n<p>1. Ukoliko je potrebno zarotirajte elektri\u010dni utika\u010d aparati\u0107a.<\/p>\n<p>2. Odvijte poklopac i umetnite bo\u010dicu u aparati\u0107.<\/p>\n<p>3. Umetnite aparati\u0107 u elektri\u010dnu uti\u010dnicu u okomitom polo\u017eaju. Pro\u010ditajte va\u017ene sigurnosne upute.<\/p>\n<p>4. Pomo\u0107u regulatora odaberite \u017eeljeni intenzitet mirisa. Nakon uporabe operite ruke.<\/p>\n","protected":false},"excerpt":{"rendered":"<p>Pru\u017ea do 100 dana svje\u017eine<br \/>\n\u017deljeni intenzitet mirisa<br \/>\nS esencijalnim uljima<\/p>\n","protected":false},"featured_media":43101,"template":"","meta":{"_seopress_robots_primary_cat":"","_seopress_titles_title":"","_seopress_titles_desc":"","_seopress_robots_index":"","iawp_total_views":0},"product_brand":[405],"product_cat":[243,272],"product_tag":[],"class_list":{"0":"post-43100","1":"product","2":"type-product","3":"status-publish","4":"has-post-thumbnail","6":"product_brand-glade","7":"product_cat-automobili-i-motori","8":"product_cat-motorna-ulja-243","10":"first","11":"outofstock","12":"shipping-taxable","13":"purchasable","14":"product-type-simple"},"_links":{"self":[{"href":"https:\/\/singuli.wpress.me\/index.php\/wp-json\/wp\/v2\/product\/43100","targetHints":{"allow":["GET"]}}],"collection":[{"href":"https:\/\/singuli.wpress.me\/index.php\/wp-json\/wp\/v2\/product"}],"about":[{"href":"https:\/\/singuli.wpress.me\/index.php\/wp-json\/wp\/v2\/types\/product"}],"version-history":[{"count":0,"href":"https:\/\/singuli.wpress.me\/index.php\/wp-json\/wp\/v2\/product\/43100\/revisions"}],"wp:featuredmedia":[{"embeddable":true,"href":"https:\/\/singuli.wpress.me\/index.php\/wp-json\/wp\/v2\/media\/43101"}],"wp:attachment":[{"href":"https:\/\/singuli.wpress.me\/index.php\/wp-json\/wp\/v2\/media?parent=43100"}],"wp:term":[{"taxonomy":"product_brand","embeddable":true,"href":"https:\/\/singuli.wpress.me\/index.php\/wp-json\/wp\/v2\/product_brand?post=43100"},{"taxonomy":"product_cat","embeddable":true,"href":"https:\/\/singuli.wpress.me\/index.php\/wp-json\/wp\/v2\/product_cat?post=43100"},{"taxonomy":"product_tag","embeddable":true,"href":"https:\/\/singuli.wpress.me\/index.php\/wp-json\/wp\/v2\/product_tag?post=43100"}],"curies":[{"name":"wp","href":"https:\/\/api.w.org\/{rel}","templated":true}]}}