{"id":43105,"date":"2026-04-20T00:27:20","date_gmt":"2026-04-20T00:27:20","guid":{"rendered":"https:\/\/singuli.wpress.me\/index.php\/proizvod\/wahl-hybrid-sisac\/"},"modified":"2026-04-20T12:33:50","modified_gmt":"2026-04-20T12:33:50","slug":"wahl-hybrid-sisac","status":"publish","type":"product","link":"https:\/\/singuli.wpress.me\/index.php\/proizvod\/wahl-hybrid-sisac\/","title":{"rendered":"WAHL Hybrid\u00a0, \u0161i\u0161a\u010d"},"content":{"rendered":"<p>\u00a0Kabelski komplet za \u0161i\u0161anje<\/p>\n","protected":false},"excerpt":{"rendered":"<p>Odvojive o\u0161trice mogu se prati pod vodom za lako \u010di\u0161\u0107enje<br \/>\nLagan i jednostavan za kori\u0161tenje<br \/>\nO\u0161tre o\u0161trice omogu\u0107uju izvanredne performanse<\/p>\n","protected":false},"featured_media":43106,"template":"","meta":{"_seopress_robots_primary_cat":"","_seopress_titles_title":"","_seopress_titles_desc":"","_seopress_robots_index":"","iawp_total_views":0},"product_brand":[159],"product_cat":[192,279],"product_tag":[],"class_list":{"0":"post-43105","1":"product","2":"type-product","3":"status-publish","4":"has-post-thumbnail","6":"product_brand-wahl","7":"product_cat-aparati-za-osobnu-njegu","8":"product_cat-brijanje-i-sisanje-192","10":"first","11":"outofstock","12":"shipping-taxable","13":"purchasable","14":"product-type-simple"},"_links":{"self":[{"href":"https:\/\/singuli.wpress.me\/index.php\/wp-json\/wp\/v2\/product\/43105","targetHints":{"allow":["GET"]}}],"collection":[{"href":"https:\/\/singuli.wpress.me\/index.php\/wp-json\/wp\/v2\/product"}],"about":[{"href":"https:\/\/singuli.wpress.me\/index.php\/wp-json\/wp\/v2\/types\/product"}],"version-history":[{"count":0,"href":"https:\/\/singuli.wpress.me\/index.php\/wp-json\/wp\/v2\/product\/43105\/revisions"}],"wp:featuredmedia":[{"embeddable":true,"href":"https:\/\/singuli.wpress.me\/index.php\/wp-json\/wp\/v2\/media\/43106"}],"wp:attachment":[{"href":"https:\/\/singuli.wpress.me\/index.php\/wp-json\/wp\/v2\/media?parent=43105"}],"wp:term":[{"taxonomy":"product_brand","embeddable":true,"href":"https:\/\/singuli.wpress.me\/index.php\/wp-json\/wp\/v2\/product_brand?post=43105"},{"taxonomy":"product_cat","embeddable":true,"href":"https:\/\/singuli.wpress.me\/index.php\/wp-json\/wp\/v2\/product_cat?post=43105"},{"taxonomy":"product_tag","embeddable":true,"href":"https:\/\/singuli.wpress.me\/index.php\/wp-json\/wp\/v2\/product_tag?post=43105"}],"curies":[{"name":"wp","href":"https:\/\/api.w.org\/{rel}","templated":true}]}}