{"id":43112,"date":"2026-04-20T00:27:22","date_gmt":"2026-04-20T00:27:22","guid":{"rendered":"https:\/\/singuli.wpress.me\/index.php\/proizvod\/jar-professional-fairy-sredstvo-za-ispiranje-suda-u-perilici-10-l\/"},"modified":"2026-04-20T12:33:50","modified_gmt":"2026-04-20T12:33:50","slug":"jar-professional-fairy-sredstvo-za-ispiranje-suda-u-perilici-10-l","status":"publish","type":"product","link":"https:\/\/singuli.wpress.me\/index.php\/proizvod\/jar-professional-fairy-sredstvo-za-ispiranje-suda-u-perilici-10-l\/","title":{"rendered":"JAR PROFESSIONAL Fairy, sredstvo za ispiranje su\u0111a u perilici, 10\u00a0l"},"content":{"rendered":"<p>Koncentrirano sredstvo za ispiranje iz serije Jar P&amp;G ProfiLine namijenjeno je pranju posu\u0111a u profesionalnim perilicama posu\u0111a s kratkim ciklusom (1-5 min) i automatskim doziranjem. Jar P&amp;G ProfiLine sredstvo za ispiranje sadr\u017ei polimere u obliku koncentrirane tvari za poliranje koja poma\u017ee sprije\u010diti stvaranje i pojavu kapljica i mrlja na povr\u0161inama te ujedno donosi sjaj kakav vi i va\u0161i kupci o\u010dekujete. Koristite tijekom ispiranja za briljantno sjajno i brzo su\u0161e\u0107e posu\u0111e.<\/p>\n","protected":false},"excerpt":{"rendered":"<p>Namijenjen je pranju posu\u0111a u profesionalnim perilicama<br \/>\nPosebno je razvijen za profesionalne operacije<br \/>\nSprje\u010dava te\u0161ke naslage<\/p>\n","protected":false},"featured_media":43113,"template":"","meta":{"_seopress_robots_primary_cat":"","_seopress_titles_title":"","_seopress_titles_desc":"","_seopress_robots_index":"","iawp_total_views":0},"product_brand":[467],"product_cat":[314,238],"product_tag":[],"class_list":{"0":"post-43112","1":"product","2":"type-product","3":"status-publish","4":"has-post-thumbnail","6":"product_brand-jar-professional","7":"product_cat-pranje-posuda-238","8":"product_cat-sve-za-dom","10":"first","11":"outofstock","12":"shipping-taxable","13":"purchasable","14":"product-type-simple"},"_links":{"self":[{"href":"https:\/\/singuli.wpress.me\/index.php\/wp-json\/wp\/v2\/product\/43112","targetHints":{"allow":["GET"]}}],"collection":[{"href":"https:\/\/singuli.wpress.me\/index.php\/wp-json\/wp\/v2\/product"}],"about":[{"href":"https:\/\/singuli.wpress.me\/index.php\/wp-json\/wp\/v2\/types\/product"}],"version-history":[{"count":0,"href":"https:\/\/singuli.wpress.me\/index.php\/wp-json\/wp\/v2\/product\/43112\/revisions"}],"wp:featuredmedia":[{"embeddable":true,"href":"https:\/\/singuli.wpress.me\/index.php\/wp-json\/wp\/v2\/media\/43113"}],"wp:attachment":[{"href":"https:\/\/singuli.wpress.me\/index.php\/wp-json\/wp\/v2\/media?parent=43112"}],"wp:term":[{"taxonomy":"product_brand","embeddable":true,"href":"https:\/\/singuli.wpress.me\/index.php\/wp-json\/wp\/v2\/product_brand?post=43112"},{"taxonomy":"product_cat","embeddable":true,"href":"https:\/\/singuli.wpress.me\/index.php\/wp-json\/wp\/v2\/product_cat?post=43112"},{"taxonomy":"product_tag","embeddable":true,"href":"https:\/\/singuli.wpress.me\/index.php\/wp-json\/wp\/v2\/product_tag?post=43112"}],"curies":[{"name":"wp","href":"https:\/\/api.w.org\/{rel}","templated":true}]}}