{"id":43131,"date":"2026-04-20T00:27:32","date_gmt":"2026-04-20T00:27:32","guid":{"rendered":"https:\/\/singuli.wpress.me\/index.php\/proizvod\/medex-kolagen-u-prahu-150-g\/"},"modified":"2026-04-21T00:27:23","modified_gmt":"2026-04-21T00:27:23","slug":"medex-kolagen-u-prahu-150-g","status":"publish","type":"product","link":"https:\/\/singuli.wpress.me\/index.php\/proizvod\/medex-kolagen-u-prahu-150-g\/","title":{"rendered":"MEDEX, kolagen, u prahu, 150\u00a0g"},"content":{"rendered":"<p>\u017delite oja\u010dati svoju kosu, vratiti joj bujnost i sjaj? Tra\u017eite rje\u0161enje za krhke i lomljive nokte? Po\u010dnite uzimati Kolagen u prahu. Kolagen je najzastupljenija bjelan\u010devina u ljudskom tijelu i spada u strukturne proteine s funkcijom davanja potpore i oblika.<\/p>\n<p>Va\u017ean je graditelj zglobne hrskavice, ko\u017ee, noktiju i kose. Nakon 20. godine proces stvaranja kolagena u tijelu se usporava, \u0161to utje\u010de na krhkost noktiju, stanjivanje kose i njezino sporije obnavljanje.<\/p>\n<p>S Kolagenom u prahu unijet \u0107ete 100 % hidrolizirani kolagen, koji sadr\u017ei bjelan\u010devinu sli\u010dnu onoj u ljudskome tijelu. Rastopljen se dobro apsorbira.<\/p>\n<p><span style=\"font-weight: bold\">Na\u010din primjene<\/span>: Preporu\u010dena je dnevna koli\u010dina 10 g. Proizvod pomje\u0161ati sa sokom, jogurtom, kakaom, mlijekom, \u010dajem ili vodom, ostaviti da neka odstoji pribli\u017eno 2 minute kako bi se dobro otopio, jer se tako hidrolizirani kolagen najbr\u017ee apsorbira u organizam. Preporu\u010dujemo svakodnevnu uzimanje. Uz proizvod je prilo\u017eena mjerica koja pribli\u017eno* odgovara kapacitetu 5 g. *Volumen varira zbog razli\u010ditih veli\u010dina \u010destica kolagena, prirodnog podrijetla.  <\/p>\n<p>U preporu\u010denoj dnevnoj dozi (10g): kolagen hidrolizirani 10g<\/p>\n","protected":false},"excerpt":{"rendered":"<p>Sadr\u017ei 100 % hidroliziran kolagen za lijepu kosu i \u010dvrste nokte.<br \/>\nS molekulama koje se najbolje apsorbiraju u tkiva kose i noktiju<br \/>\nUz prilo\u017eenu mjericu za jednostavno doziranje dnevne doze (10 g)<\/p>\n","protected":false},"featured_media":43132,"template":"","meta":{"_seopress_robots_primary_cat":"","_seopress_titles_title":"","_seopress_titles_desc":"","_seopress_robots_index":"","iawp_total_views":0},"product_brand":[415],"product_cat":[268,278],"product_tag":[],"class_list":{"0":"post-43131","1":"product","2":"type-product","3":"status-publish","4":"has-post-thumbnail","6":"product_brand-medex","7":"product_cat-kozmetika-2","8":"product_cat-njega-tijela-268","10":"first","11":"outofstock","12":"shipping-taxable","13":"purchasable","14":"product-type-simple"},"_links":{"self":[{"href":"https:\/\/singuli.wpress.me\/index.php\/wp-json\/wp\/v2\/product\/43131","targetHints":{"allow":["GET"]}}],"collection":[{"href":"https:\/\/singuli.wpress.me\/index.php\/wp-json\/wp\/v2\/product"}],"about":[{"href":"https:\/\/singuli.wpress.me\/index.php\/wp-json\/wp\/v2\/types\/product"}],"version-history":[{"count":0,"href":"https:\/\/singuli.wpress.me\/index.php\/wp-json\/wp\/v2\/product\/43131\/revisions"}],"wp:featuredmedia":[{"embeddable":true,"href":"https:\/\/singuli.wpress.me\/index.php\/wp-json\/wp\/v2\/media\/43132"}],"wp:attachment":[{"href":"https:\/\/singuli.wpress.me\/index.php\/wp-json\/wp\/v2\/media?parent=43131"}],"wp:term":[{"taxonomy":"product_brand","embeddable":true,"href":"https:\/\/singuli.wpress.me\/index.php\/wp-json\/wp\/v2\/product_brand?post=43131"},{"taxonomy":"product_cat","embeddable":true,"href":"https:\/\/singuli.wpress.me\/index.php\/wp-json\/wp\/v2\/product_cat?post=43131"},{"taxonomy":"product_tag","embeddable":true,"href":"https:\/\/singuli.wpress.me\/index.php\/wp-json\/wp\/v2\/product_tag?post=43131"}],"curies":[{"name":"wp","href":"https:\/\/api.w.org\/{rel}","templated":true}]}}