{"id":43135,"date":"2026-04-20T00:27:32","date_gmt":"2026-04-20T00:27:32","guid":{"rendered":"https:\/\/singuli.wpress.me\/index.php\/proizvod\/helix-ultra-5w40-sn-motorno-ulje-za-osobna-vozila-4x4l-16-l\/"},"modified":"2026-04-20T12:33:50","modified_gmt":"2026-04-20T12:33:50","slug":"helix-ultra-5w40-sn-motorno-ulje-za-osobna-vozila-4x4l-16-l","status":"publish","type":"product","link":"https:\/\/singuli.wpress.me\/index.php\/proizvod\/helix-ultra-5w40-sn-motorno-ulje-za-osobna-vozila-4x4l-16-l\/","title":{"rendered":"HELIX ULTRA 5W40 SN+, motorno ulje za osobna vozila, 4x4l, 16\u00a0l"},"content":{"rendered":"<p>Shell Helix Ultra 5W40 SN+ je potpuno sinteti\u010dko motorno ulje s najnaprednijom Shellovom formulacijom za motore visokih performansi. <\/p>\n<p>Koristi vrhunsku aktivnu tehnologiju \u010di\u0161\u0107enja za odr\u017eavanje motora na najvi\u0161oj razini u\u010dinkovitosti. <\/p>\n<p>Osigurava \u010disto\u0107u motora kontinuiranim sprje\u010davanjem nastajanja taloga i naslaga prljav\u0161tine. <\/p>\n<p>Prikladno je i za najdu\u017ee intervale izmjene ulja koje preporu\u010duju OEM-ovi. <\/p>\n<p>Specifikacija: API SN Plus, API SN,  ACEA-A3\/B3,  A3\/B4, BMW: LL-01, VW 502.00\/505.00, MB 229.5, MB 226.5, Porsche A40, Renault RN 0700\/0710, PSA B71 2296, Fiat 9.55535.Z2 \/ N2 (ispunjava zahtjeve), Chrysler MS-10725, 12991.<\/p>\n","protected":false},"excerpt":{"rendered":"<p>Potpuno sinteti\u010dko motorno ulje<br \/>\nVrhunska aktivna tehnologija \u010di\u0161\u0107enja<br \/>\nSuperiorna za\u0161tita od tro\u0161enja i korozije<\/p>\n","protected":false},"featured_media":43136,"template":"","meta":{"_seopress_robots_primary_cat":"","_seopress_titles_title":"","_seopress_titles_desc":"","_seopress_robots_index":"","iawp_total_views":0},"product_brand":[398],"product_cat":[243,272],"product_tag":[],"class_list":{"0":"post-43135","1":"product","2":"type-product","3":"status-publish","4":"has-post-thumbnail","6":"product_brand-helix","7":"product_cat-automobili-i-motori","8":"product_cat-motorna-ulja-243","10":"first","11":"instock","12":"shipping-taxable","13":"purchasable","14":"product-type-simple"},"_links":{"self":[{"href":"https:\/\/singuli.wpress.me\/index.php\/wp-json\/wp\/v2\/product\/43135","targetHints":{"allow":["GET"]}}],"collection":[{"href":"https:\/\/singuli.wpress.me\/index.php\/wp-json\/wp\/v2\/product"}],"about":[{"href":"https:\/\/singuli.wpress.me\/index.php\/wp-json\/wp\/v2\/types\/product"}],"version-history":[{"count":0,"href":"https:\/\/singuli.wpress.me\/index.php\/wp-json\/wp\/v2\/product\/43135\/revisions"}],"wp:featuredmedia":[{"embeddable":true,"href":"https:\/\/singuli.wpress.me\/index.php\/wp-json\/wp\/v2\/media\/43136"}],"wp:attachment":[{"href":"https:\/\/singuli.wpress.me\/index.php\/wp-json\/wp\/v2\/media?parent=43135"}],"wp:term":[{"taxonomy":"product_brand","embeddable":true,"href":"https:\/\/singuli.wpress.me\/index.php\/wp-json\/wp\/v2\/product_brand?post=43135"},{"taxonomy":"product_cat","embeddable":true,"href":"https:\/\/singuli.wpress.me\/index.php\/wp-json\/wp\/v2\/product_cat?post=43135"},{"taxonomy":"product_tag","embeddable":true,"href":"https:\/\/singuli.wpress.me\/index.php\/wp-json\/wp\/v2\/product_tag?post=43135"}],"curies":[{"name":"wp","href":"https:\/\/api.w.org\/{rel}","templated":true}]}}